{"id":906,"date":"2013-05-07T15:44:42","date_gmt":"2013-05-07T14:44:42","guid":{"rendered":"http:\/\/www.arbeidsutvalget.no\/?page_id=906"},"modified":"2013-05-07T15:45:39","modified_gmt":"2013-05-07T14:45:39","slug":"arsmelding-20122013","status":"publish","type":"page","link":"https:\/\/www.arbeidsutvalget.no\/?page_id=906","title":{"rendered":"\u00c5rsmelding 2012\/2013"},"content":{"rendered":"<p><b>\u00c5rsmelding 2012\/2013.<\/b><\/p>\n<p>Bibliofilforeningen.\u00a0 Arbeidsutvalget (AU)<\/p>\n<p>Bibliofils Arbeidsutvalg (AU) har i perioden 2012\/2013 best\u00e5tt av:<\/p>\n<p>Asbj\u00f8rn Rams\u00f8y, Voss bibliotek, leder Ingrid \u00d8stlyngen, L\u00f8renskog bibliotek Anne Trine Skjulhaug, Fredrikstad bibliotek Stine Iren Ballovarre, Alta bibliotek<\/p>\n<p>Varamedlemmer: Anne Lauritsen, Ask\u00f8y folkebibliotek S\u00f8lvi Riise, Nordland fylkesbibliotek<\/p>\n<p>Varamedlemmene har i perioden ikke v\u00e6rt innkalt til m\u00f8tene.<\/p>\n<p><b>Aktivitet:<\/b><\/p>\n<p>Det har blitt avholdt to m\u00f8ter i perioden.\u00a0 F\u00f8rste m\u00f8te ble holdt i september 2012 p\u00e5 L\u00f8renskog bibliotek.\u00a0 Her ble brukerm\u00f8tet p\u00e5 Voss evaluert, og planleggingen av brukerm\u00f8tet\u00a0 i Alta p\u00e5begynt.<\/p>\n<p>V\u00e5rt andre m\u00f8te ble avholdt\u00a0 i Alta i januar 2013.\u00a0 Dette var et todagers m\u00f8te med planleggingen av brukerm\u00f8tet 2013 som hovedtema.\u00a0 P\u00e5 dag to hadde vi et kort m\u00f8te via Skype med Bibliotek- Systemer AS.<\/p>\n<p>De viktigste sakene AU har jobbet med i denne perioden har v\u00e6rt: -evaluering av brukerm\u00f8tet 2012 p\u00e5 Voss (113 deltagere) -planlegging av brukerm\u00f8tet 2013 i Alta (70 p\u00e5meldte deltagere)<\/p>\n<p>Kommunikasjon utenom m\u00f8tene har i all hovudsak foreg\u00e5tt p\u00e5 e-post.<\/p>\n<p>AU har egen pc som f\u00f8lger et av medlemmene.<\/p>\n<p>M\u00f8tereferat og annen viktig informasjon er publisert p\u00e5 nettet.\u00a0 Adressen er http:\/www.arbeidsutvalget.no\u00a0\u00a0 \u00a0 med standard brukernavn og passord.<\/p>\n<p>Det foreligger egne retningslinjer for AUs arbeid.\u00a0 I tillegg har tidligere arbeidsutvalg utarbeidet sjekklister som vi har hatt stor nytte av i arbeidet med planleggingen av brukerm\u00f8tet.<\/p>\n<p><b>Fagutvalgenes m\u00f8ter:\u00a0\u00a0\u00a0 <\/b><\/p>\n<p>S\u00f8k: Et m\u00f8te gjennomf\u00f8rt.\u00a0 Jobbet med flere sm\u00e5saker som g\u00e5r p\u00e5 brukervennlighet i Webs\u00f8k og tks\u00f8k.\u00a0 Ingen store saker eller testkj\u00f8ringer i perioden.<\/p>\n<p>Utl\u00e5n: Halv\u00e5rsrapport ligger p\u00e5 AUs sider (28.11.12), nytt m\u00f8te holdt 17. april<\/p>\n<p>Katalog\/innkj\u00f8p: V\u00e5rens m\u00f8te ble holdt 22. april<\/p>\n<p>Skole: Mindre aktivitet, jobber bl.a. med skjermbildet i elevutl\u00e5net<\/p>\n<p>Periodika: Periodika-modulen fungerer, Biblioteksystemer kontaktes om problem oppst\u00e5r<\/p>\n<p>Statistikk: Ingen aktivitet<\/p>\n<p>Brukertjenester: Ingen aktivitet, b\u00f8r diskuteres om utvalget trenges, da dets mandat egentlig er ivaretatt i andre utvalg?<\/p>\n<p>Utgifter til de fysiske m\u00f8tene i fagutvalgene som Bibliotek-Systemer As kaller inn til, dekkes av Bibliotek-Systemer As.\u00a0 Alle referat fra m\u00f8ter i fagutvalga er lagt ut p\u00e5 Arbeidsutvalgets nettsted.<\/p>\n<p>Fagutvalgene skal sende rapport til AU to ganger per \u00e5r, 1. desember og 1. mai. Disse publiseres p\u00e5 v\u00e5re nettsider.<\/p>\n<p><b>\u00d8konomi:<\/b><\/p>\n<p>Brukerbibliotekene betaler for AUs virksomhet.\u00a0 Bibliotek-Systemer As f\u00f8rer regnskapet for AU og fakturerer bibliotekene.<\/p>\n<p>Brukerm\u00f8tet skal helst v\u00e6re selvfinansierende. I 2012 var det et planlagt underskudd p\u00e5 20 223,- AU hadde per 1\/1-2013 kr 101.537.07 p\u00e5 bok. P\u00e5 grunn av god \u00f8konomi i AU, og fordi det er lang reisevei for mange til \u00e5rets m\u00f8te, har vi ogs\u00e5 i 2013 valgt \u00e5 redusere prisen p\u00e5 deltakeravgiften. Bibliotek-systemer AS har i tillegg betalt kr 300,- per deltaker for \u00e5 bidra til at flest mulig melder seg p\u00e5 m\u00f8tet.<\/p>\n<p>For Bibliofilforeningen, AU<\/p>\n<p>22.04.2013<\/p>\n<p>Asbj\u00f8rn Rams\u00f8y<br \/>\nleder<\/p>\n","protected":false},"excerpt":{"rendered":"<p>\u00c5rsmelding 2012\/2013. Bibliofilforeningen.\u00a0 Arbeidsutvalget (AU) Bibliofils Arbeidsutvalg (AU) har i perioden 2012\/2013 best\u00e5tt av: Asbj\u00f8rn Rams\u00f8y, Voss bibliotek, leder Ingrid \u00d8stlyngen, L\u00f8renskog bibliotek Anne Trine Skjulhaug, Fredrikstad bibliotek Stine Iren Ballovarre, Alta bibliotek Varamedlemmer: Anne Lauritsen, Ask\u00f8y folkebibliotek S\u00f8lvi Riise, &hellip; <a href=\"https:\/\/www.arbeidsutvalget.no\/?page_id=906\">Les videre <span class=\"meta-nav\">&rarr;<\/span><\/a><\/p>\n","protected":false},"author":14,"featured_media":0,"parent":272,"menu_order":0,"comment_status":"open","ping_status":"open","template":"","meta":{"footnotes":""},"class_list":["post-906","page","type-page","status-publish","hentry"],"_links":{"self":[{"href":"https:\/\/www.arbeidsutvalget.no\/index.php?rest_route=\/wp\/v2\/pages\/906","targetHints":{"allow":["GET"]}}],"collection":[{"href":"https:\/\/www.arbeidsutvalget.no\/index.php?rest_route=\/wp\/v2\/pages"}],"about":[{"href":"https:\/\/www.arbeidsutvalget.no\/index.php?rest_route=\/wp\/v2\/types\/page"}],"author":[{"embeddable":true,"href":"https:\/\/www.arbeidsutvalget.no\/index.php?rest_route=\/wp\/v2\/users\/14"}],"replies":[{"embeddable":true,"href":"https:\/\/www.arbeidsutvalget.no\/index.php?rest_route=%2Fwp%2Fv2%2Fcomments&post=906"}],"version-history":[{"count":4,"href":"https:\/\/www.arbeidsutvalget.no\/index.php?rest_route=\/wp\/v2\/pages\/906\/revisions"}],"predecessor-version":[{"id":911,"href":"https:\/\/www.arbeidsutvalget.no\/index.php?rest_route=\/wp\/v2\/pages\/906\/revisions\/911"}],"up":[{"embeddable":true,"href":"https:\/\/www.arbeidsutvalget.no\/index.php?rest_route=\/wp\/v2\/pages\/272"}],"wp:attachment":[{"href":"https:\/\/www.arbeidsutvalget.no\/index.php?rest_route=%2Fwp%2Fv2%2Fmedia&parent=906"}],"curies":[{"name":"wp","href":"https:\/\/api.w.org\/{rel}","templated":true}]}}