{"id":86,"date":"2012-01-04T18:51:12","date_gmt":"2012-01-04T17:51:12","guid":{"rendered":"http:\/\/www.arbeidsutvalget.no\/?page_id=86"},"modified":"2012-05-24T12:32:04","modified_gmt":"2012-05-24T11:32:04","slug":"halvarsrapporter","status":"publish","type":"page","link":"https:\/\/www.arbeidsutvalget.no\/?page_id=86","title":{"rendered":"Halv\u00e5rsrapporter"},"content":{"rendered":"<h2>FAGUTVALG FOR SKOLEBIBLIOTEK &#8211; RAPPORT\u00a0v\u00e5ren 2012<\/h2>\n<p>Det har ogs\u00e5 dette halv\u00e5ret v\u00e6rt forholdsvis liten aktivitet i utvalget \u2013 leder har sendt ut et par brev, som ikke f\u00f8rte til st\u00f8rre aktivitet, dessverre.<\/p>\n<p>\u00abBergens-avdelingen\u00bb i utvalget har brukt en del tid p\u00e5 \u00e5 samle \u00f8nsker og id\u00e9er fra skolebibliotekarene i Bergen, disse ble s\u00e5 systematisert og bragt videre til Biblioteksystemer p\u00e5 litt forskjellige m\u00e5ter:<\/p>\n<p>Noen \u00f8nsker ble sendt til Biblioteksystemer raskt etter at de var kommet utvalget for \u00f8ret, andre ble tatt med og brukt under gruppearbeidet p\u00e5 Voss i mai.<\/p>\n<p>Vi \u00f8nsker oss en diskusjon om hva vil forventer og hva vi kan forvente av fagutvalget i tiden som kommer<\/p>\n<p>\u00a0Cathrine Govenius<\/p>\n<p>Olsvik skolebibliotek, Bergen<\/p>\n<h2>\u00a0<\/h2>\n<h2>FAGUTVALG FOR SKOLEBIBLIOTEK \u2013 RAPPORT H\u00f8st 2011<\/h2>\n<p>Det har v\u00e6rt liten, nesten ingen, aktivitet i utvalget for skolebibliotek<\/p>\n<p>Cathrine Govenius<\/p>\n<h2>FAGUTVALG FOR SKOLEBIBLIOTEK \u2013 RAPPORT V\u00c5R 2011<\/h2>\n<p>ingen rapport<\/p>\n<p>&nbsp;<\/p>\n<p><strong>Arkiv:<\/strong><\/p>\n<p>Halv\u00e5rsrapporter fra alle fagutvalg fra perioden 2005 \u2013 2011 finnes i v\u00e5rt arkiv over de gamle nettidene til AU.<br \/>\n<a href=\"https:\/\/www.arbeidsutvalget.no\/gml\/fu_rapporter\/Velkommen.html\" target=\"_blank\">Direkte lenke til halv\u00e5rsrapporter 2005 \u2013 2011<\/a> (\u00e5pnes i nytt vindu)<\/p>\n","protected":false},"excerpt":{"rendered":"<p>FAGUTVALG FOR SKOLEBIBLIOTEK &#8211; RAPPORT\u00a0v\u00e5ren 2012 Det har ogs\u00e5 dette halv\u00e5ret v\u00e6rt forholdsvis liten aktivitet i utvalget \u2013 leder har sendt ut et par brev, som ikke f\u00f8rte til st\u00f8rre aktivitet, dessverre. \u00abBergens-avdelingen\u00bb i utvalget har brukt en del tid &hellip; <a href=\"https:\/\/www.arbeidsutvalget.no\/?page_id=86\">Les videre <span class=\"meta-nav\">&rarr;<\/span><\/a><\/p>\n","protected":false},"author":14,"featured_media":0,"parent":40,"menu_order":0,"comment_status":"open","ping_status":"open","template":"","meta":{"footnotes":""},"class_list":["post-86","page","type-page","status-publish","hentry"],"_links":{"self":[{"href":"https:\/\/www.arbeidsutvalget.no\/index.php?rest_route=\/wp\/v2\/pages\/86","targetHints":{"allow":["GET"]}}],"collection":[{"href":"https:\/\/www.arbeidsutvalget.no\/index.php?rest_route=\/wp\/v2\/pages"}],"about":[{"href":"https:\/\/www.arbeidsutvalget.no\/index.php?rest_route=\/wp\/v2\/types\/page"}],"author":[{"embeddable":true,"href":"https:\/\/www.arbeidsutvalget.no\/index.php?rest_route=\/wp\/v2\/users\/14"}],"replies":[{"embeddable":true,"href":"https:\/\/www.arbeidsutvalget.no\/index.php?rest_route=%2Fwp%2Fv2%2Fcomments&post=86"}],"version-history":[{"count":4,"href":"https:\/\/www.arbeidsutvalget.no\/index.php?rest_route=\/wp\/v2\/pages\/86\/revisions"}],"predecessor-version":[{"id":444,"href":"https:\/\/www.arbeidsutvalget.no\/index.php?rest_route=\/wp\/v2\/pages\/86\/revisions\/444"}],"up":[{"embeddable":true,"href":"https:\/\/www.arbeidsutvalget.no\/index.php?rest_route=\/wp\/v2\/pages\/40"}],"wp:attachment":[{"href":"https:\/\/www.arbeidsutvalget.no\/index.php?rest_route=%2Fwp%2Fv2%2Fmedia&parent=86"}],"curies":[{"name":"wp","href":"https:\/\/api.w.org\/{rel}","templated":true}]}}