{"id":846,"date":"2013-04-16T15:31:16","date_gmt":"2013-04-16T14:31:16","guid":{"rendered":"http:\/\/www.arbeidsutvalget.no\/?page_id=846"},"modified":"2013-05-08T08:31:44","modified_gmt":"2013-05-08T07:31:44","slug":"gruppeinndeling","status":"publish","type":"page","link":"https:\/\/www.arbeidsutvalget.no\/?page_id=846","title":{"rendered":"Gruppeinndeling og oppgaver"},"content":{"rendered":"<h2>eBokBib<\/h2>\n<p>Gruppeleder: Linde L\u00f8ver &#8211; Det flerspr\u00e5klige bibliotek<br \/>\nSteffen Bj\u00f8rk\u00e5s &#8211; Finnmark fylkesbibliotek<br \/>\nBj\u00f8rg Kristin Helland B\u00f8 &#8211; Rennes\u00f8y folkebibliotek<br \/>\nEirik Gaare &#8211; Fylkesbiblioteket i Akershus<br \/>\nBodil Kleven &#8211; Trondheim folkebibliotek<br \/>\nFrode Pettersen &#8211; S\u00f8r-Tr\u00f8ndelag fylkesbibliotek<br \/>\nSidsel\u00a0Reierstad &#8211; Jessheim bibliotek<br \/>\nCharlotte Ringdal &#8211; T\u00f8nsberg\/N\u00f8tter\u00f8y bibliotek<br \/>\nAina B. Jonsdatter Strand &#8211; Kongsvinger bibliotek<br \/>\nAstrid Aase Thorstensen &#8211; Porsgrunn bibliotek<br \/>\nLene Myrvold Velle &#8211; \u00d8vre Eiker bibliotek<br \/>\nSigrid Viken &#8211; Hammerfest bibliotek<br \/>\nEva \u00d8. Wenstad &#8211; V\u00e5ler folkebibliotek<br \/>\nKirsten Moi \u00d8vstedal &#8211; Flekkefjord bibliotek<br \/>\nNiels Winfeldt Lund &#8211; Universitetet i Troms\u00f8<br \/>\nTore Morkemo &#8211; Bibliotek-systemer<br \/>\nBj\u00f8rn Fevang &#8211; Bibliotek-systemer<br \/>\nSveinung Monsen &#8211; Bibliotek-systemer<\/p>\n<h2>Oppgaver til eBokBib<\/h2>\n<p>Bibliotek-systemer gir en orientering om l\u00f8sningen<\/p>\n<p>Hvordan fungerer\u00a0eBokBib n\u00e5?<\/p>\n<p>\u00d8nsker til videreutvikling?<\/p>\n<h2>Katalog\/Innkj\u00f8p<\/h2>\n<p>Gruppeleder: Nina Karlsen &#8211; Bergen offentlige bibliotek<br \/>\nTorgeir Bie &#8211; NRK<br \/>\nKristin Byatt\u00a0&#8211; Det Flerspr\u00e5klige bibliotek<br \/>\nHilde Melhuus Lorentzen &#8211; Vads\u00f8 bibliotek<br \/>\nBente Nogva &#8211; Skedsmo bibliotek<br \/>\nWieslawa Radziej &#8211; Telemarksbiblioteket<br \/>\nMerete Skeie &#8211; Slemmestad bibliotek<br \/>\nHilde S\u00e6tre &#8211; Elverum bibliotek<br \/>\nElisabeth Gran &#8211; Asker bibliotek<br \/>\n\u00c5shild Haga &#8211;\u00a0Bibliotek-systemer<br \/>\nOla Thori Kogstad &#8211; Bibliotek-systemer<\/p>\n<h2>Oppgaver til Katalog<\/h2>\n<p><strong>*Katalogmodulen<\/strong><\/p>\n<p>Nettressurser og digitale medier<\/p>\n<p>E-b\u00f8ker b\u00f8r framst\u00e5 som en integrert del av bibliotekets samling. Kan bibliotekene fritt gj\u00f8re endringer i poster som\u00a0inneholder e-b\u00f8ker?<\/p>\n<p>Nye katalogiseringsregler<\/p>\n<p>RDA \u00a0(Resource Description &amp; Access) er valgt til \u00e5 erstatte AACR2 i deler av den\u00a0engelskspr\u00e5klige bibliotekverden. Hvordan er situasjonen i\u00a0Norge? Hvilke konsekvenser vil Nasjonalbibliotekets framtidige valg ha for Bibliofil-bibliotekene?<\/p>\n<p>Norsk\u00a0presentasjon av RDA:<\/p>\n<p><a href=\"http:\/\/www.jbi.hio.no\/bibin\/korg_dagene\/korg2011\/RDA_knutsen_korg2011.pdf\">http:\/\/www.jbi.hio.no\/bibin\/korg_dagene\/korg2011\/RDA_knutsen_korg2011.pdf<\/a><\/p>\n<p>Nasjonalt autoritetsregister<\/p>\n<p>Hvordan kan\u00a0Bibliofil-bibliotekene gj\u00f8re seg nytte av nasjonalt autoritetsregister?\u00a0Hvordan\u00a0kan vi tenke oss at\u00a0tekniske l\u00f8sninger kan se ut?<\/p>\n<p>Webs\u00f8k og katalog<\/p>\n<p>\u00d8nsker vi\u00a0inngang til webs\u00f8ket fra katalogmodulen? Det vil si en l\u00f8sning med en knapp eller lignende s\u00e5 katalogisator umiddelbart kan sjekke<br \/>\nhvordan posten vises i webs\u00f8ket.\u00a0Er det\u00a0p\u00e5 andre siden mulig at katalogisator\u00a0kan gis\u00a0anledning til \u00e5 s\u00f8ke opp posten vha webs\u00f8k og f\u00e5 tilgang til katalogskjermbildet denne veien?<\/p>\n<p>Katalogkrydder<\/p>\n<p>Hvordan er erfaringen med bruk av\u00a0katalogkrydder og bibliofil-ID? Virker alt som det skal?<\/p>\n<p>Status for FRBR (FRBR &#8211; Functional Requirements for Bibliographic Records)<\/p>\n<p>Bibliotek-Systemer vil starte med \u00e5 se p\u00e5 gruppering av utgivelser samt det som har med reserveringer \u00e5 gj\u00f8re. \u00c5 knytte sammen ulike utgaver av samme verk blir viktig etterhvert. Dette skal ikke gj\u00f8res lokalt i alle bibliotek, men arves av alle bibliotek dersom det er gjort ett sted. Tanken er at man skal kunne legge reserv\u00e9ring p\u00e5 ett \u00abverk\u00bb samlet, det vil si ulike utgaver av en tittel med samme fysiske form. Selve jobben med \u00e5 knytte ulike utgaver til samme verk m\u00e5 delvis gj\u00f8res av bibliotekarer. Noen m\u00e5 ta stilling til om titler tilh\u00f8rer samme verk. Det vil bli utviklet funksjonalitet i Bibliofil slik at bibliotekene kan registrere om titler tilh\u00f8rer samme verk.<\/p>\n<p>SRU-tilgang\u00a0og katalogmodulen<\/p>\n<p>Med SRU-tilgang (Search\/Retrieval via URL) kan\u00a0man fra katalogmodulen gj\u00f8re et felles s\u00f8k blant utvalgte bibliotek med SRU (som har stilt katalogen fritt til r\u00e5dighet), og f\u00e5 disse postene inn i egen katalog,\u00a0som alternativ til \u00e5 g\u00e5 veien om s\u00f8k i de enkelte katalogene\/sams\u00f8k og deretter innliming via utklippstavlen. Fagutvalget synes dette h\u00f8res ut som en god id\u00e9.<b><br \/>\n<\/b><br \/>\nEtikettproduksjon<\/p>\n<p>Er det n\u00f8dvendig med todelingen \u00abgenerer etiketter\u00bb og \u00abskriv ut etiketter\u00bb? Er det slik at de fleste b\u00e5de genererer og skriver ut i samme operasjon?\u00a0Er det rom for forbedringer i dialogen\u00a0ved etikettproduksjon?<\/p>\n<p><strong>*Innkj\u00f8psmodulen<\/strong><\/p>\n<p>Det er registrert flere \u00f8nsker for innkj\u00f8psmodulen. Sp\u00f8rsm\u00e5let er om man skal flikke p\u00e5 eksisterende modul, eller tenke helt nytt. Det er store variasjoner i hvordan innkj\u00f8psmodulen brukes rundt i bibliotekene.<\/p>\n<p>Budsjettfunksjonalitet<\/p>\n<p>Er det mulig \u00e5 gi\u00a0det enkelte bibliotekmulighet til \u00e5 velge at budsjettet nullstilles automatisk ved nytt\u00e5r?<\/p>\n<p>Forslagskassa<\/p>\n<p>Skal denne v\u00e6re et eget register, eller\u00a0en integrert del av katalogmodulen? Kan avsl\u00e5tte\u00a0b\u00f8ker vises i katalogen? Kan det legges reservasjon p\u00e5 en bok med status &laquo;foresl\u00e5tt&raquo; slik at denne sl\u00e5r til n\u00e5r\/hvis tittelen kj\u00f8pes inn?<\/p>\n<p>Er det \u00f8nskelig med st\u00f8rre frihet til \u00e5 sette egne koder i nedtrekksmenyene og \u00e5 definere default status i forslagskassa slik den er n\u00e5?<\/p>\n<p>Mottak av bestilt materiale<\/p>\n<p>Kan vi tenke oss\u00a0en l\u00f8sning der mottak av bestilt materiale kan skje fra katalogmodulen? Eventuelt\u00a0at systemet kan\u00a0identifisere bestilte eksemplarer som\u00a0blir klargjort i katalogmodulen og\u00a0automatisk rydde opp i innkj\u00f8psdelen?<\/p>\n<p>Leverand\u00f8rer og integrering i Bibliofil<\/p>\n<p>Bestillinger fra ulike nettbutikker m\u00e5 registreres i innkj\u00f8psmodulen manuelt. Hvordan kan dette gj\u00f8res p\u00e5 en enklere m\u00e5te?<br \/>\nDet er laget en protokoll som gj\u00f8r det mulig for\u00a0andre leverand\u00f8rer\u00a0\u00e5 f\u00e5 tilsvarende l\u00f8sning som BS-Online har med integrering i Bibliofil, men ingen andre leverand\u00f8rer har hittil tatt den i bruk. Kan vi oppfordre dem til det?<\/p>\n<p>&nbsp;<\/p>\n<h2>Webs\u00f8k\/Mappami<\/h2>\n<p>Gruppeleder: Ole Rype &#8211; Asker bibliotek<br \/>\nFinn Andersen &#8211; Hamar bibliotek<br \/>\nBente Dahl &#8211; Drammen bibliotek<br \/>\nLiv Randi Foss &#8211; \u00c5lesund bibliotek<br \/>\nMari Helga Helgetveit &#8211; Telemarksbiblioteket<br \/>\nTrygve Kikut &#8211; T\u00f8nsberg\/N\u00f8tter\u00f8y bibliotek<br \/>\nKristine Mesgrahl &#8211; Oppeg\u00e5rd bibliotek<br \/>\nKirsten Aafl\u00f8y Opdan &#8211; Sortland bibliotek<br \/>\nBj\u00f8rg Irene Rasmussen &#8211; Utsira folkebibliotek<br \/>\nCecilie Weinholdt &#8211; Fylkesbiblioteket i Akershus<br \/>\nRoger Niva &#8211; Bibliotek-systemer<\/p>\n<h2>Oppgaver til Webs\u00f8k\/Mappami<\/h2>\n<p>Fagutvalget for s\u00f8k har i innev\u00e6rende \u00e5r forespurt Biblioteksystemer om de har noen planer for \u00e5 lage et nytt og mer moderne tk-s\u00f8k.<\/p>\n<p>Har det oppst\u00e5tt nye behov i s\u00f8ke- og veiledningshverdagen som tvinger frem forandringer?<\/p>\n<p>Hvordan ser dere for dere et nytt tk-s\u00f8k og hvordan kan det v\u00e6re med p\u00e5 \u00e5 hjelpe bibliotekaren og brukeren til bedre s\u00f8keresultater.<\/p>\n<p>Stikkord: Dynamikk, integrasjon mot weben, e-dokumenter, s\u00f8kespr\u00e5k, sorteringer osv osv\u2026<\/p>\n<p>V\u00e5re betraktninger vil bli presentert for Biblioteksystemer.<\/p>\n<p>En gjennomgang av Webs\u00f8ket: Hva fungerer, hva kan bli bedre, hva kan fjernes.<\/p>\n<p>Viktig \u00e5 ha fokus p\u00e5 brukeropplevelsen. Involver gjerne brukerne\/ikke-bibliotekarer og be de komme med konkrete tilbakemeldinger p\u00e5 hva som er bra\/ikke bra.<\/p>\n<h2>Webapp<\/h2>\n<p>Gruppeleder: Carl-August Bodenhagen &#8211; Skien bibliotek<br \/>\nKristin Gravels\u00e6ter &#8211;\u00a0Tysv\u00e6r folkebibliotek<br \/>\nRandi Hausken &#8211; B\u00e6rum bibliotek<br \/>\nMarit Jensen &#8211; Skien bibliotek<br \/>\nLillian Rushfeldt &#8211; Karm\u00f8y bibliotek<br \/>\nOdd Arne Jensen &#8211; Bibliotek-systemer<\/p>\n<h2>Oppgaver til Webapp<\/h2>\n<p>Hvilke erfaringer sitter vi med etter at Biblioteksystemer introduserte Webappen for nettbrett og smarttelefoner.<\/p>\n<p>Hva mener vi om Webappen s\u00e5 langt?<\/p>\n<p>Hvordan fungerer de l\u00f8sningene som finnes i dag?<\/p>\n<p>Hvilke l\u00f8sninger \/ muligheter savnes pr. i dag?<\/p>\n<p>&nbsp;<\/p>\n<h2>RFID-Erfaring<\/h2>\n<p>Gruppeleder: Leif Hansen &#8211; Porsgrunn bibliotek<b><br \/>\n<\/b>Kristin Flo &#8211; Arendal bibliotek<br \/>\nAstri Fygle &#8211; Bod\u00f8 bibliotek<br \/>\nRigmor Haug &#8211; Larvik bibliotek<br \/>\nReidun H\u00f8iland &#8211; Farsund bibliotek<br \/>\nGrethe Johannessen\u00a0&#8211; Hammerfest bibliotek<br \/>\nTone Marthinsen &#8211; Lier bibliotek<br \/>\nHilde Myrbr\u00e5ten Opaker &#8211; Nes bibliotek<br \/>\nKaren Helene Reisvaag &#8211; Lyngdal bibliotek<br \/>\nAnette \u00d8stad &#8211; Sandefjord bibliotek<br \/>\nKirsten Moi \u00d8vstedal &#8211; Flekkefjord bibliotek<br \/>\nGunnar Monsen &#8211; Bibliotek-systemer<\/p>\n<h2>Oppgaver til RFID<\/h2>\n<p>*Gjennomf\u00f8ringen. Hvordan organisere innliming\/aktivisering av brikkene, hvor starter vi, hvem gj\u00f8r det, merking av de som er brikka, hvor setter vi\u00a0 radiobrikker<\/p>\n<p>*Radiobrikker i cd\/dvd\u00a0 &#8211; kraftigere enn de ordin\u00e6re brikkene?<\/p>\n<p>*Radiobrikker i lydb\u00f8ker m.m. med flere cd&#8217;er *Andre hjelpemidler &#8211;\u00a0 erfaring med brikkemaskinen Knut *N\u00e5r starte utl\u00e5n med radiobrikker &#8211; kj\u00f8re hybrid-l\u00f8sning?<\/p>\n<p>*RFID og alarmportal<\/p>\n<p>*Erfaringer\u00a0 med RFID i s\u00f8keprogrammet<\/p>\n<p>&nbsp;<\/p>\n<h2>Utl\u00e5n\/Fjernl\u00e5n<\/h2>\n<p>Gruppeleder: Ragnhild Eggen &#8211; Bod\u00f8 bibliotek<br \/>\nPaulo Bairos &#8211; S\u00f8rum bibliotek<br \/>\nAlice Liengen &#8211; Elverum bibliotek<br \/>\nOlga Linkevitch &#8211; Harstad bibliotek<br \/>\nInger Bengstad Narmo &#8211; Ringsaker bibliotek<br \/>\nDag Einar Steinnes &#8211; Fredrikstad bibliotek<br \/>\nTone Syvertsen &#8211; S\u00f8gne bibliotek<br \/>\nStine Bye Aarnes &#8211; B\u00e6rum bibliotek<br \/>\nVeslem\u00f8y Grinde &#8211; Bibliotek-systemer<\/p>\n<h2>Oppgaver til\u00a0Utl\u00e5n\/Fjernl\u00e5n<\/h2>\n<p><b>Tkutl\u00e5n vs e-b\u00f8ker<\/b><br \/>\nHvilke funksjoner b\u00f8r v\u00e6re til stede. Utfordringer?<\/p>\n<p><b>Avbestillingsfunksjon<\/b><br \/>\nHelautomatisk avbestillingsfunksjon for hentemeldingene som sendes med SMS og e-post, slik at oml\u00f8pshastigheten i ventelistene \u00f8kes. Meldingen om avbestilling kan komme til henteavdeling pr e-post<\/p>\n<p><b>Alternative l\u00f8sninger for betaling av gebyr<\/b><br \/>\nBetaling med debet-kort. Bare purregebyr. Snart klar<\/p>\n<p><b>Krav eldre enn 3 \u00e5r<\/b><br \/>\nSkal slettes. Lage automatikk for dette<\/p>\n<p><b>Manglende innhold<br \/>\n<\/b>Tilbakelevering av for eksempel lydb\u00f8ker hvor det mangler en CD<br \/>\nForsinket innlevering for alle typer materiale<\/p>\n<p><b>Innl\u00e5n<\/b><br \/>\nKopiering av poster. Mulig \u00e5 f\u00e5 et kommentarfelt for \u00abBibliotekets egen kommentar\u00bb der kommentaren vises under \u00abMelding\u00bb i utl\u00e5n?<\/p>\n<p><b>Meldingsfelt synlig i MappaMi<\/b><br \/>\nBiblioteket m\u00e5 f\u00e5 en rapport p\u00e5 forh\u00e5nd for \u00e5 kunne slette meldinger. Skal v\u00e6re klart fra 01. juli.<\/p>\n<p><b>Sjekke l\u00e5neropplysninger<\/b><br \/>\nFor eksempel 2 ganger pr \u00e5r, jfr nettbankene<\/p>\n<p><b>Seriebestillinger<\/b><br \/>\nKommer i webs\u00f8k snart<\/p>\n<p><b>Ny funksjonalitet<br \/>\n<\/b>Lette brukernes forhold til utl\u00e5n\/innlevering? Selvbetjening? Gebyrh\u00e5ndtering? Norgesl\u00e5n?<\/p>\n<p><b>Formidling\/arrangementer<\/b><br \/>\nKan funksjoner i utl\u00e5nsmodulen\/MappaMi utvikles for \u00e5 underst\u00f8tte dette behovet?<\/p>\n<p><b>Andre \u00f8nsker\/behov\/krav?<\/b><\/p>\n<p>&nbsp;<\/p>\n<h2>\u00a0Skolebibliotek<\/h2>\n<p>Gruppeleder: Cathrine Govenius &#8211; Olsvik skolebibliotek\u00a0<b><br \/>\n<\/b>Hilde Merete Gjessing &#8211; M\u00f8re og Romsdal fylkesbibliotek<br \/>\nAstrid Heimen &#8211; Alta skolebibliotek<br \/>\nBerit Hilde Hjert\u00f8 &#8211; M\u00f8re og Romsdal fylkesbibliotek<br \/>\nHelga N\u00f8tsund &#8211; Storetveit skole<br \/>\nLinda Ogn\u00f8y &#8211; Bokn bibliotek<br \/>\nLaila Rene &#8211; Hordaland fylkesbibliotek<br \/>\nVidar Ringstr\u00f8m &#8211; Bibliotek-systemer<\/p>\n<h2>Oppgaver til Skolebibliotek<\/h2>\n<p>Vi holder fast ved tradisjonen fra tidligere Brukerm\u00f8ter der vi har kommet med \u00f8nsker og Vidar har enten l\u00f8st dem der og da for oss, eller tatt de med seg hjem og sett p\u00e5 om de lar seg innfri etter hvert.<\/p>\n<p><b>\u00c5rets \u00f8nsker om endringer:<\/b><\/p>\n<p>*Mulighet til \u00e5 velge flere klasser av gangen ved utskrifter<\/p>\n<p>F.eks.: Alle klassene p\u00e5 u-trinnet skal ha liste over l\u00e5nte b\u00f8ker, det blir veeeeeeeeeeeeldig mye klikking. Det hadde v\u00e6rt fint \u00e5 kunne hake av \u00f8nskede klasser\/grupper<\/p>\n<p>* Ved skj\u00f8nnlitter\u00e6re emneord \u00f8nsker vi oss at linking videre gjelder selv emne-ordet, ikke \u00abfortellinger\u00bb<\/p>\n<p>* Kan det selvbetjente utl\u00e5net (elevutl\u00e5net) bli mer selvinstruerende?<\/p>\n<p>Hva m\u00e5 til?<\/p>\n<p>* \u00abVis alltid denne fanen\u00bb-funksjonen i Web-s\u00f8ket. Innstillinger?<\/p>\n<p>*Fordeler ved bruk av MappaMi i skolen? Erfaringsutveksling<\/p>\n<p>*Innstillinger for utskrifter, spes fra Kikkerts\u00f8ket<\/p>\n<p>Mye \u00abluft\u00bb mellom kolonnene gj\u00f8r at ikke alt kommer med om man ber om utskrift av liste over hvem som har l\u00e5nt hvilket eksemplar, f.eks. Kan vi selv bestemme hvordan disse utskriftene skal se ut?<\/p>\n<p>*\u00d8nsker ellers fra (denne) gruppens medlemmer til Biblioteksystemer:<\/p>\n<p>&nbsp;<\/p>\n<p>&nbsp;<\/p>\n<p>&nbsp;<\/p>\n<p>&nbsp;<\/p>\n<p>&nbsp;<\/p>\n","protected":false},"excerpt":{"rendered":"<p>eBokBib Gruppeleder: Linde L\u00f8ver &#8211; Det flerspr\u00e5klige bibliotek Steffen Bj\u00f8rk\u00e5s &#8211; Finnmark fylkesbibliotek Bj\u00f8rg Kristin Helland B\u00f8 &#8211; Rennes\u00f8y folkebibliotek Eirik Gaare &#8211; Fylkesbiblioteket i Akershus Bodil Kleven &#8211; Trondheim folkebibliotek Frode Pettersen &#8211; S\u00f8r-Tr\u00f8ndelag fylkesbibliotek Sidsel\u00a0Reierstad &#8211; Jessheim bibliotek &hellip; <a href=\"https:\/\/www.arbeidsutvalget.no\/?page_id=846\">Les videre <span class=\"meta-nav\">&rarr;<\/span><\/a><\/p>\n","protected":false},"author":14,"featured_media":0,"parent":856,"menu_order":0,"comment_status":"open","ping_status":"open","template":"","meta":{"footnotes":""},"class_list":["post-846","page","type-page","status-publish","hentry"],"_links":{"self":[{"href":"https:\/\/www.arbeidsutvalget.no\/index.php?rest_route=\/wp\/v2\/pages\/846","targetHints":{"allow":["GET"]}}],"collection":[{"href":"https:\/\/www.arbeidsutvalget.no\/index.php?rest_route=\/wp\/v2\/pages"}],"about":[{"href":"https:\/\/www.arbeidsutvalget.no\/index.php?rest_route=\/wp\/v2\/types\/page"}],"author":[{"embeddable":true,"href":"https:\/\/www.arbeidsutvalget.no\/index.php?rest_route=\/wp\/v2\/users\/14"}],"replies":[{"embeddable":true,"href":"https:\/\/www.arbeidsutvalget.no\/index.php?rest_route=%2Fwp%2Fv2%2Fcomments&post=846"}],"version-history":[{"count":23,"href":"https:\/\/www.arbeidsutvalget.no\/index.php?rest_route=\/wp\/v2\/pages\/846\/revisions"}],"predecessor-version":[{"id":854,"href":"https:\/\/www.arbeidsutvalget.no\/index.php?rest_route=\/wp\/v2\/pages\/846\/revisions\/854"}],"up":[{"embeddable":true,"href":"https:\/\/www.arbeidsutvalget.no\/index.php?rest_route=\/wp\/v2\/pages\/856"}],"wp:attachment":[{"href":"https:\/\/www.arbeidsutvalget.no\/index.php?rest_route=%2Fwp%2Fv2%2Fmedia&parent=846"}],"curies":[{"name":"wp","href":"https:\/\/api.w.org\/{rel}","templated":true}]}}