{"id":82,"date":"2012-01-04T18:50:47","date_gmt":"2012-01-04T17:50:47","guid":{"rendered":"http:\/\/www.arbeidsutvalget.no\/?page_id=82"},"modified":"2020-05-06T08:57:27","modified_gmt":"2020-05-06T07:57:27","slug":"halvarsrapporter","status":"publish","type":"page","link":"https:\/\/www.arbeidsutvalget.no\/?page_id=82","title":{"rendered":"Halv\u00e5rsrapporter"},"content":{"rendered":"<div>\n<h2>FAGUTVALG FOR S\u00d8K \u2013 RAPPORT v\u00e5r 2020<\/h2>\n<p>Hei<\/p>\n<p>Her kommer en liten statusoppdatering fra Fagutvalget for s\u00f8k. &#x1f642;<\/p>\n<p>Vi gjennomf\u00f8rte i \u00e5r et kort men hyggelig m\u00f8te via Zoom. Det har ikke skjedd s\u00e5 mye nytt i s\u00f8kedelen det siste \u00e5ret. Vi har diskutert bla.a listefunksjonen, serievisning og abonnementsordning.<\/p>\n<p>Jeg har ikke opplevd at noen utenfra har tatt kontakt med meg, men et av v\u00e5re medlemmer sendte ut epost f\u00f8r m\u00f8tet v\u00e5rt for \u00e5 h\u00f8re om det fantes noen innspill.<\/p>\n<p>Vi har ogs\u00e5 v\u00e6rt s\u00e5 heldige \u00e5 ha en representant fra storbybibliotekene ombord som har hatt f\u00f8rsteh\u00e5nds erfaring med m2 og har jobbet tett med Bibliotek-Systemer.<\/p>\n<p>Vi tar mer enn gjerne imot innspill utenfra, s\u00e5 fremt man skiller mellom &laquo;innspill&raquo; og problemer som burde ha v\u00e6rt meldt til Bibliotek-Systemer p\u00e5 direkten. Mitt inntrykk er uansett at bibliotekene generelt er flinke til \u00e5 melde inn \u00f8nsker og feil underveis.<\/p>\n<p>Jeg spurte de andre i utvalget om de hadde tanker, her er svarene:<\/p>\n<p>Fra Ellen:<\/p>\n<p><em>Hei Stine<br \/>\n<\/em><em>Som helt ny i utvalget har jeg dessverre ikke mange innspill \u00e5 komme med, men jeg synes det er helt greit om du\/dere bare skriver noen ord. Det jeg kunne tenkt meg &#8211; s\u00e5nn sett utenfra &#8211; er at det sies litt om hva som faktisk jobbes med i utvalget, siden jeg ikke visste mye om dette f\u00f8r jeg ble spurt om \u00e5 v\u00e6re med selv.<\/em><\/p>\n<p>Fra Mildrid:<\/p>\n<p><em>Jeg tenker at det kanskje blir mer vanskelig med tydelige skiller for hvert\u00a0fagutvalg n\u00e5r alle tar i bruk nye Bibliofil som ikke er delt inn i moduler? \u00c5 jobbe i nettleser har ogs\u00e5 utfordringer, som gj\u00f8r at vi ikke kan jobbe p\u00e5 samme m\u00e5te som f\u00f8r, og alt kan ikke &laquo;fikses&raquo; av Biblioteksystemer fordi problemet\/hindringen ligger i nettleseren og ikke programmet.<br \/>\n<\/em><em>Vet ikke hva slags inntrykk dere har men opplever ikke at de andre bibliotekene sender inn sp\u00f8rsm\u00e5l og forslag til fagutvalgene. Mulig det sendes inn noe i Bugzilla som kunne blitt delt med fagutvalfene?<\/em><\/p>\n<p>Fra Sigrid:<\/p>\n<p><em>Hei!<br \/>\n<\/em><em>Eg var i ferd med \u00e5 skrive eit svar som oppsummert hadde hatt det same innhaldet som det Mildrid skriv.<br \/>\n<\/em><em>S\u00e5, ja: eg er enig med Mildrid.\u00a0<\/em><\/p>\n<p>Jeg er for\u00f8vrig helt enig i det Mildrid skriver. F\u00f8ler allerede at enkelte av tingene vi diskuterer er p\u00e5 grensen til ting de andre fagutvalgene kanskje ogs\u00e5 diskuterer. N\u00e5r alle jobber web-basert tror jeg at det vil v\u00e6re mer hensiktsmessig \u00e5 ha kun et fagutvalg\/ en brukergruppe.<\/p>\n<p>Med vennlig hilsen<\/p>\n<p><strong>Stine S. Bertnes<\/strong><\/p>\n<h2>FAGUTVALG FOR S\u00d8K \u2013 RAPPORT v\u00e5r 2012<\/h2>\n<p>Utvalget har i l\u00f8pet av perioden best\u00e5tt av:<\/p>\n<p>Ole Rype, Asker bibliotek (leder)<br \/>\nCecilie Weinholdt, Fylkesbib. i Akershus<br \/>\nReidun H\u00f8iland, Farsund bibliotek<br \/>\nOle David \u00d8stli, Alta bibliotek<\/p>\n<p>Odd Arne Jensen (Biblioteksystemer)<br \/>\nRoger Niva (Biblioteksystemer)<\/p>\n<p>Fagutvalget har i perioden gjennomf\u00f8rt ett m\u00f8te hos Biblioteksystemer i Larvik. Dette m\u00f8tet ble gjennomf\u00f8rt den 19. april.<\/p>\n<p>Referat fra m\u00f8tet finner dere her: https:\/\/www.arbeidsutvalget.no\/?page_id=80<\/p>\n<p>Ole Rype, leder<\/p>\n<\/div>\n<h2>FAGUTVALG FOR S\u00d8K \u2013 RAPPORT H\u00f8st 2011<\/h2>\n<p>Fagutvalget for s\u00f8k har ikke hatt m\u00f8ter fra Brukerm\u00f8tet i mai frem til dags dato.<br \/>\nLeder for utvalget kommer til \u00e5 sende ut en m\u00f8teinnkallelse i l\u00f8pet av desember og h\u00e5per \u00e5 f\u00e5 samlet alle til et m\u00f8te i l\u00f8pet av januar.<\/p>\n<p>Vi har hatt lite konkret p\u00e5 blokka fram til desember. Utvalget har, p\u00e5 foresp\u00f8rsel fra Odd Arne Jensen,\u00a0sendt inn innspill p\u00e5 valgmuligheter i Webs\u00f8k med hovedfokus p\u00e5 valgmuligheter inne materialtyper.<\/p>\n<p>Videre har fagutvalget for s\u00f8k, sammen med andre testpiloter, v\u00e6rt med p\u00e5 pr\u00f8vekj\u00f8ring av Biblioteksystemers betaversjon av en ny\u00a0webapp. Dette arbeidet er ikke sluttf\u00f8rt, men mange gode innspill er blitt debattert og\u00a0det ser pr dags dato ut som om webappen kan bli en nyttig tilvekst\u00a0til det eksisterende sortimentet fra Biblioteskystemer.<\/p>\n<p>Utvalget h\u00e5per \u00e5 komme sterkere p\u00e5 banen i 2012, og forh\u00e5pentlig v\u00e6re en viktig bidragsyter til at Bibliofil blir et enda bedre produkt. Vi \u00f8nsker at b\u00e5de bibliotekarer og biblioteksbrukere skal f\u00e5 en smertefri og positiv opplevelse n\u00e5r de bruker Biblioteksystemers tjenester<\/p>\n<p>Ole Rype<\/p>\n<h2>FAGUTVALG FOR S\u00d8K \u2013 RAPPORT V\u00c5R 2011<\/h2>\n<p>Fagutvalg for s\u00f8k har i perioden best\u00e5tt av:<\/p>\n<p>Asgeir Rekkavik, leder (Deichmanske bibliotek)<br \/>\nReidun H\u00f8iland (Farsund bibliotek)<br \/>\nEirik Gaare (Fylkesbiblioteket i Akershus)<br \/>\nOle David \u00d8stli (Alta bibliotek)<br \/>\nElisabeth Gran (Asker bibliotek)<br \/>\nOdd Arne Jensen (Bibliotek-systemer AS)<br \/>\nRoger Niva (Bibliotek-systemer AS)<\/p>\n<p>Utvalget har hatt ett m\u00f8te i perioden, med hovedfokus p\u00e5 nytt webs\u00f8k.<br \/>\nReferat fra m\u00f8tet: <a href=\"https:\/\/www.arbeidsutvalget.no\/sok\/referat08042011.html\"> https:\/\/www.arbeidsutvalget.no\/sok\/referat08042011.html<\/a><\/p>\n<p>Asgeir Rekkavik<\/p>\n<p><strong>Arkiv:<\/strong><\/p>\n<p>Halv\u00e5rsrapporter fra alle fagutvalg fra perioden 2005 &#8211; 2011 finnes i v\u00e5rt arkiv over de gamle nettidene til AU.<br \/>\n<a href=\"gml\/fu_rapporter\/Velkommen.html\" target=\"_blank\" rel=\"noopener noreferrer\">Direkte lenke til halv\u00e5rsrapporter 2005 &#8211; 2011<\/a> (\u00e5pnes i nytt vindu)<\/p>\n","protected":false},"excerpt":{"rendered":"<p>FAGUTVALG FOR S\u00d8K \u2013 RAPPORT v\u00e5r 2020 Hei Her kommer en liten statusoppdatering fra Fagutvalget for s\u00f8k. &#x1f642; Vi gjennomf\u00f8rte i \u00e5r et kort men hyggelig m\u00f8te via Zoom. Det har ikke skjedd s\u00e5 mye nytt i s\u00f8kedelen det siste &hellip; <a href=\"https:\/\/www.arbeidsutvalget.no\/?page_id=82\">Les videre <span class=\"meta-nav\">&rarr;<\/span><\/a><\/p>\n","protected":false},"author":14,"featured_media":0,"parent":34,"menu_order":0,"comment_status":"open","ping_status":"open","template":"","meta":{"footnotes":""},"class_list":["post-82","page","type-page","status-publish","hentry"],"_links":{"self":[{"href":"https:\/\/www.arbeidsutvalget.no\/index.php?rest_route=\/wp\/v2\/pages\/82","targetHints":{"allow":["GET"]}}],"collection":[{"href":"https:\/\/www.arbeidsutvalget.no\/index.php?rest_route=\/wp\/v2\/pages"}],"about":[{"href":"https:\/\/www.arbeidsutvalget.no\/index.php?rest_route=\/wp\/v2\/types\/page"}],"author":[{"embeddable":true,"href":"https:\/\/www.arbeidsutvalget.no\/index.php?rest_route=\/wp\/v2\/users\/14"}],"replies":[{"embeddable":true,"href":"https:\/\/www.arbeidsutvalget.no\/index.php?rest_route=%2Fwp%2Fv2%2Fcomments&post=82"}],"version-history":[{"count":8,"href":"https:\/\/www.arbeidsutvalget.no\/index.php?rest_route=\/wp\/v2\/pages\/82\/revisions"}],"predecessor-version":[{"id":2509,"href":"https:\/\/www.arbeidsutvalget.no\/index.php?rest_route=\/wp\/v2\/pages\/82\/revisions\/2509"}],"up":[{"embeddable":true,"href":"https:\/\/www.arbeidsutvalget.no\/index.php?rest_route=\/wp\/v2\/pages\/34"}],"wp:attachment":[{"href":"https:\/\/www.arbeidsutvalget.no\/index.php?rest_route=%2Fwp%2Fv2%2Fmedia&parent=82"}],"curies":[{"name":"wp","href":"https:\/\/api.w.org\/{rel}","templated":true}]}}