{"id":495,"date":"2012-05-01T09:16:04","date_gmt":"2012-05-01T08:16:04","guid":{"rendered":"http:\/\/www.arbeidsutvalget.no\/?page_id=495"},"modified":"2012-05-01T09:25:57","modified_gmt":"2012-05-01T08:25:57","slug":"okonomi","status":"publish","type":"page","link":"https:\/\/www.arbeidsutvalget.no\/?page_id=495","title":{"rendered":"\u00d8konomi"},"content":{"rendered":"<p>Arbeidsutvalget legger frem sitt regnskap for brukerm\u00f8tet hvert \u00e5r.<\/p>\n<p><a title=\"Regnskap 2011 (AU)\" href=\"https:\/\/www.arbeidsutvalget.no\/?page_id=497\">Regnskap 2011<\/a><\/p>\n","protected":false},"excerpt":{"rendered":"<p>Arbeidsutvalget legger frem sitt regnskap for brukerm\u00f8tet hvert \u00e5r. Regnskap 2011<\/p>\n","protected":false},"author":14,"featured_media":0,"parent":9,"menu_order":0,"comment_status":"open","ping_status":"open","template":"","meta":{"footnotes":""},"class_list":["post-495","page","type-page","status-publish","hentry"],"_links":{"self":[{"href":"https:\/\/www.arbeidsutvalget.no\/index.php?rest_route=\/wp\/v2\/pages\/495","targetHints":{"allow":["GET"]}}],"collection":[{"href":"https:\/\/www.arbeidsutvalget.no\/index.php?rest_route=\/wp\/v2\/pages"}],"about":[{"href":"https:\/\/www.arbeidsutvalget.no\/index.php?rest_route=\/wp\/v2\/types\/page"}],"author":[{"embeddable":true,"href":"https:\/\/www.arbeidsutvalget.no\/index.php?rest_route=\/wp\/v2\/users\/14"}],"replies":[{"embeddable":true,"href":"https:\/\/www.arbeidsutvalget.no\/index.php?rest_route=%2Fwp%2Fv2%2Fcomments&post=495"}],"version-history":[{"count":2,"href":"https:\/\/www.arbeidsutvalget.no\/index.php?rest_route=\/wp\/v2\/pages\/495\/revisions"}],"predecessor-version":[{"id":501,"href":"https:\/\/www.arbeidsutvalget.no\/index.php?rest_route=\/wp\/v2\/pages\/495\/revisions\/501"}],"up":[{"embeddable":true,"href":"https:\/\/www.arbeidsutvalget.no\/index.php?rest_route=\/wp\/v2\/pages\/9"}],"wp:attachment":[{"href":"https:\/\/www.arbeidsutvalget.no\/index.php?rest_route=%2Fwp%2Fv2%2Fmedia&parent=495"}],"curies":[{"name":"wp","href":"https:\/\/api.w.org\/{rel}","templated":true}]}}