{"id":365,"date":"2012-04-26T07:36:13","date_gmt":"2012-04-26T06:36:13","guid":{"rendered":"http:\/\/www.arbeidsutvalget.no\/?page_id=365"},"modified":"2025-09-19T08:01:33","modified_gmt":"2025-09-19T07:01:33","slug":"arkiv","status":"publish","type":"page","link":"https:\/\/www.arbeidsutvalget.no\/?page_id=365","title":{"rendered":"Arkiv"},"content":{"rendered":"<p>AUs gamle nettsider er bevart, og finnes p\u00e5 adressen<br \/>\n<a title=\"AUs gamle nettsted\" href=\"https:\/\/www.arbeidsutvalget.no\/gml\/Velkommen.html \" target=\"_blank\" rel=\"noopener\">https:\/\/www.arbeidsutvalget.no\/gml\/Velkommen.html<\/a><\/p>\n\n\n<p><strong>Fagutvalg statistikk<br><\/strong>P\u00e5 \u00e5rsm\u00f8tet i Narvik 29.9.21 ble det vedtatt at Fagutvalg for statistikk legges ned. Sp\u00f8rsm\u00e5l om statistikk behandles under de \u00f8vrige fagutvalgene.<\/p>\n\n\n\n<p><a href=\"https:\/\/www.arbeidsutvalget.no\/?page_id=84\">Halv\u00e5rsrapporter<\/a><br><a href=\"https:\/\/www.arbeidsutvalget.no\/?page_id=94\">M\u00f8tereferat<\/a><\/p>\n","protected":false},"excerpt":{"rendered":"<p>AUs gamle nettsider er bevart, og finnes p\u00e5 adressen https:\/\/www.arbeidsutvalget.no\/gml\/Velkommen.html Fagutvalg statistikkP\u00e5 \u00e5rsm\u00f8tet i Narvik 29.9.21 ble det vedtatt at Fagutvalg for statistikk legges ned. Sp\u00f8rsm\u00e5l om statistikk behandles under de \u00f8vrige fagutvalgene. Halv\u00e5rsrapporterM\u00f8tereferat<\/p>\n","protected":false},"author":14,"featured_media":0,"parent":0,"menu_order":0,"comment_status":"open","ping_status":"open","template":"","meta":{"footnotes":""},"class_list":["post-365","page","type-page","status-publish","hentry"],"_links":{"self":[{"href":"https:\/\/www.arbeidsutvalget.no\/index.php?rest_route=\/wp\/v2\/pages\/365","targetHints":{"allow":["GET"]}}],"collection":[{"href":"https:\/\/www.arbeidsutvalget.no\/index.php?rest_route=\/wp\/v2\/pages"}],"about":[{"href":"https:\/\/www.arbeidsutvalget.no\/index.php?rest_route=\/wp\/v2\/types\/page"}],"author":[{"embeddable":true,"href":"https:\/\/www.arbeidsutvalget.no\/index.php?rest_route=\/wp\/v2\/users\/14"}],"replies":[{"embeddable":true,"href":"https:\/\/www.arbeidsutvalget.no\/index.php?rest_route=%2Fwp%2Fv2%2Fcomments&post=365"}],"version-history":[{"count":4,"href":"https:\/\/www.arbeidsutvalget.no\/index.php?rest_route=\/wp\/v2\/pages\/365\/revisions"}],"predecessor-version":[{"id":3100,"href":"https:\/\/www.arbeidsutvalget.no\/index.php?rest_route=\/wp\/v2\/pages\/365\/revisions\/3100"}],"wp:attachment":[{"href":"https:\/\/www.arbeidsutvalget.no\/index.php?rest_route=%2Fwp%2Fv2%2Fmedia&parent=365"}],"curies":[{"name":"wp","href":"https:\/\/api.w.org\/{rel}","templated":true}]}}