{"id":34,"date":"2012-01-02T13:58:41","date_gmt":"2012-01-02T12:58:41","guid":{"rendered":"http:\/\/www.arbeidsutvalget.no\/?page_id=34"},"modified":"2025-10-15T12:59:23","modified_gmt":"2025-10-15T11:59:23","slug":"fagutvalg-for-sok","status":"publish","type":"page","link":"https:\/\/www.arbeidsutvalget.no\/?page_id=34","title":{"rendered":"Fagutvalg for s\u00f8k"},"content":{"rendered":"<p>E-post til alle medlemmer: <a href=\"mailto:sok@bibliofil.no\">sok@bibliofil.no<\/a><\/p>\n<h2>Fagutvalg for s\u00f8k 2025\/2026<\/h2>\n<p><strong>Simon Aleksander Govasli, leder<\/strong><br \/>\n<a href=\"mailto:simon.aleksander.govasli@alstahaug.kommune.no\">simon.aleksander.govasli@alstahaug.kommune.no<\/a><br \/>\nKulturbadet bibliotek Sandnessj\u00f8en<\/p>\n<p><strong>Anja Borg Andreassen<\/strong><br \/>\n<a href=\"https:\/\/tromso.kommune.no\/bibliotek\">Troms\u00f8 bibliotek og byarkiv<\/a><\/p>\n<p><strong>Audhild Tjugen<\/strong><br \/>\n<a href=\"mailto:audhild.tjugen@haugesund.kommune.no\">audhild.tjugen@haugesund.kommune.no<\/a><br \/>\nHaugesund folkebibliotek<\/p>\n<p><strong>Tove Jeanette Kittelsen<\/strong><br \/>\n<a href=\"mailto:tove.jeanette.kittelsen@arendal.kommune.no\">tove.jeanette.kittelsen@arendal.kommune.no<\/a><br \/>\nArendal bibliotek<\/p>\n<p><strong>Fra Bibliotek-Systemer As<\/strong><br \/>\n<a href=\"mailto:odd@bibsyst.no\">Odd Arne Jensen<\/a><br \/>\n<a href=\"mailto:roger@bibsyst.no\">Roger Niva<\/a><\/p>\n<p>Brukerm\u00f8te 2005 bestemte at Katalog- og s\u00f8kegruppa skulle omorganiseres. Katalog- og innkj\u00f8p ble sl\u00e5tt sammen til eget utvalg, mens resten av katalog- og s\u00f8kegruppa ble endret til Utvalget for S\u00f8k<\/p>\n<p><a title=\"Halv\u00e5rsrapporter\" href=\"https:\/\/www.arbeidsutvalget.no\/?page_id=82\">Halv\u00e5rsrapporter<\/a><br \/>\n<a title=\"Referater\" href=\"https:\/\/www.arbeidsutvalget.no\/?page_id=80\">M\u00f8tereferat<\/a><\/p>\n","protected":false},"excerpt":{"rendered":"<p>E-post til alle medlemmer: sok@bibliofil.no Fagutvalg for s\u00f8k 2025\/2026 Simon Aleksander Govasli, leder simon.aleksander.govasli@alstahaug.kommune.no Kulturbadet bibliotek Sandnessj\u00f8en Anja Borg Andreassen Troms\u00f8 bibliotek og byarkiv Audhild Tjugen audhild.tjugen@haugesund.kommune.no Haugesund folkebibliotek Tove Jeanette Kittelsen tove.jeanette.kittelsen@arendal.kommune.no Arendal bibliotek Fra Bibliotek-Systemer As Odd Arne &hellip; <a href=\"https:\/\/www.arbeidsutvalget.no\/?page_id=34\">Les videre <span class=\"meta-nav\">&rarr;<\/span><\/a><\/p>\n","protected":false},"author":14,"featured_media":0,"parent":17,"menu_order":2,"comment_status":"open","ping_status":"open","template":"","meta":{"footnotes":""},"class_list":["post-34","page","type-page","status-publish","hentry"],"_links":{"self":[{"href":"https:\/\/www.arbeidsutvalget.no\/index.php?rest_route=\/wp\/v2\/pages\/34","targetHints":{"allow":["GET"]}}],"collection":[{"href":"https:\/\/www.arbeidsutvalget.no\/index.php?rest_route=\/wp\/v2\/pages"}],"about":[{"href":"https:\/\/www.arbeidsutvalget.no\/index.php?rest_route=\/wp\/v2\/types\/page"}],"author":[{"embeddable":true,"href":"https:\/\/www.arbeidsutvalget.no\/index.php?rest_route=\/wp\/v2\/users\/14"}],"replies":[{"embeddable":true,"href":"https:\/\/www.arbeidsutvalget.no\/index.php?rest_route=%2Fwp%2Fv2%2Fcomments&post=34"}],"version-history":[{"count":37,"href":"https:\/\/www.arbeidsutvalget.no\/index.php?rest_route=\/wp\/v2\/pages\/34\/revisions"}],"predecessor-version":[{"id":3107,"href":"https:\/\/www.arbeidsutvalget.no\/index.php?rest_route=\/wp\/v2\/pages\/34\/revisions\/3107"}],"up":[{"embeddable":true,"href":"https:\/\/www.arbeidsutvalget.no\/index.php?rest_route=\/wp\/v2\/pages\/17"}],"wp:attachment":[{"href":"https:\/\/www.arbeidsutvalget.no\/index.php?rest_route=%2Fwp%2Fv2%2Fmedia&parent=34"}],"curies":[{"name":"wp","href":"https:\/\/api.w.org\/{rel}","templated":true}]}}