{"id":3188,"date":"2026-04-23T14:20:14","date_gmt":"2026-04-23T13:20:14","guid":{"rendered":"https:\/\/www.arbeidsutvalget.no\/?page_id=3188"},"modified":"2026-04-23T14:20:14","modified_gmt":"2026-04-23T13:20:14","slug":"program","status":"publish","type":"page","link":"https:\/\/www.arbeidsutvalget.no\/?page_id=3188","title":{"rendered":"Program"},"content":{"rendered":"\n<h1 class=\"wp-block-heading\">Program \u2013 Brukerm\u00f8te Fredrikstad<\/h1>\n\n\n\n<p>Skrevet&nbsp;<a href=\"https:\/\/www.arbeidsutvalget.no\/?p=3140\">26. februar 2026<\/a>&nbsp;av&nbsp;<a href=\"https:\/\/www.arbeidsutvalget.no\/?author=14\">Arbeidsutvalget<\/a><\/p>\n\n\n\n<p><strong>P\u00e5meldingsfrist: 15.mars<\/strong><\/p>\n\n\n\n<figure class=\"wp-block-table\"><table class=\"has-fixed-layout\"><tbody><tr><td>Tirsdag 05.05<\/td><td>Program<\/td><td><\/td><td><\/td><td><\/td><\/tr><tr><td>10.00-12.00<\/td><td>Fagutvalg for skolebibliotek m\u00f8tes<\/td><td><\/td><td><\/td><td><\/td><\/tr><tr><td>11.00-12.00<\/td><td>Registrering p\u00e5 hotellet<\/td><td><\/td><td><\/td><td><\/td><\/tr><tr><td>12.00-13.00<\/td><td>Lunsj p\u00e5 hotellet<\/td><td><\/td><td><\/td><td><\/td><\/tr><tr><td>13.00-13.30<\/td><td>Velkommen til m\u00f8tet \u2013 praktisk info ved AU<br><br>Offisiell \u00e5pning ved kultursjef Tora Klev\u00e5s<\/td><td><\/td><td><\/td><td><\/td><\/tr><tr><td>13.30-13.45<\/td><td>Oppvarming \u2013 Ola Thori Kogstad, daglig leder Bibliotek-Systemer AS<\/td><td><\/td><td><\/td><td><\/td><\/tr><tr><td>13.45-14.45<\/td><td>Tips og triks: hva er nytt i Bibliofil \u2013 Marie C. Eikeland, Bibliotek-Systemer AS<\/td><td><\/td><td><\/td><td><\/td><\/tr><tr><td>14.45-15.00<\/td><td>Pause<\/td><td><\/td><td><\/td><td><\/td><\/tr><tr><td>15.00-15.45<\/td><td>Hvilken samfunnsverdi skal bibliotekene skape?<br>Merete Lie, Bibliotekdirekt\u00f8r Deichman<\/td><td><\/td><td><\/td><td><\/td><\/tr><tr><td><\/td><td><\/td><td><\/td><td><\/td><td><\/td><\/tr><tr><td>16.45<\/td><td>Felles avgang til biblioteket<\/td><td><\/td><td><\/td><td><\/td><\/tr><tr><td>17.00<\/td><td>Mottakelse \/ v biblioteksjef Hanne Utne p\u00e5<a href=\"https:\/\/fredrikstadbibliotek.no\/nb\">&nbsp;biblioteket<\/a>.<br><br>Kulturelt innslag og aperitiff.<\/td><td><\/td><td><\/td><td><\/td><\/tr><tr><td>17.30<\/td><td>Omvisning<\/td><td><\/td><td><\/td><td><\/td><\/tr><tr><td>19.00<\/td><td>Felles avgang til resturanten<\/td><td><\/td><td><\/td><td><\/td><\/tr><tr><td>19.30<\/td><td>Festmiddag Resturant&nbsp;<a href=\"https:\/\/slippen.no\/\">Slippen<\/a><\/td><td><\/td><td><\/td><td><\/td><\/tr><\/tbody><\/table><\/figure>\n\n\n\n<figure class=\"wp-block-table\"><table class=\"has-fixed-layout\"><tbody><tr><td>Onsdag 06.05<\/td><td>Program<\/td><td><\/td><td><\/td><\/tr><tr><td><\/td><td>Utsjekk. Bagasjerom p\u00e5 hotellet kan benyttes<\/td><td><\/td><td><\/td><\/tr><tr><td>09.00-10.00<\/td><td>Ny Bibliofil for l\u00e5nerne \u2013 Bibliotek-Systemer AS<\/td><td><\/td><td><\/td><\/tr><tr><td>10.00-10.30<\/td><td>&nbsp;<br>\u00c5rsm\u00f8te &nbsp;<br>1.&nbsp;Valg av m\u00f8teleder<br>2.&nbsp;Valg av referent<br>3. Valg av to personer til \u00e5&nbsp;underskrive protokollen<br>4. Godkjenning av innkalling<br>5. Godkjenning av saksliste<br>6. \u00c5rsberetning 2025-2026 v\/Eva<br>7. Regnskap 2024-2025 v\/Suzanne&nbsp;<br>8. Valg v\/Bj\u00f8rn Rune&nbsp;<br>9. Innkomne saker<br>Diskutere sammensl\u00e5ing av fagutvalgene<\/td><td><\/td><td><\/td><\/tr><tr><td>10.30-10.45<\/td><td>Pause med utsjekk<\/td><td><\/td><td><\/td><\/tr><tr><td>10.45-11.30<\/td><td>Om ny avdeling, hva som skjer etter bibliotekstrategiene og Nasjonalbibliotekets rolle.<br>Grete Stuevold Madsbakken, avdelingsdirekt\u00f8r Bibliotektjenester \u2013&nbsp; Nasjonalbiblioteket&nbsp;<\/td><td><\/td><td><\/td><\/tr><tr><td>11.30-12.00<\/td><td><strong>Presentasjon av fagutvalgene:<\/strong><br><br>Fagutvalg for s\u00f8k \u2013 Simon Aleksander Govasli<br>&nbsp;<br>Fagutvalg for katalog, innkj\u00f8p og periodika \u2013 Edith Irene Vevang&nbsp;<br><br>Fagutvalg for utl\u00e5n \u2013 Olaf Moriarty Solstrand&nbsp;<br>&nbsp;<br>Fagutvalg for skolebibliotek \u2013 Helge Risvand&nbsp;<\/td><td><\/td><td><\/td><\/tr><tr><td>12.00-13.00<\/td><td>Lunsj<\/td><td><\/td><td><\/td><\/tr><tr><td>13.00-13.45<\/td><td><strong>Sikkerhet, produkter<br>og tjenester \u2013 Bibliotek-Systemer AS<\/strong><br>&nbsp;<br>Datasuverenitet, hvor lagres dataene deres og hvem har tilgang?<br><br>Selvbetjeningsl\u00f8sninger, utvikling og samarbeid<br><br>Nye produkter<\/td><td><\/td><td><\/td><\/tr><tr><td>13.45-14.00<\/td><td>Pause<\/td><td><\/td><td><\/td><\/tr><tr><td>14.00-14.20<\/td><td>Skyvefrie og papirl\u00f8se hentehyller \u2013<br>Asker bibliotek<\/td><td><\/td><td><\/td><\/tr><tr><td>14.20-14.45<\/td><td>Siden sist \u2013 Bibliotek-systemer AS<br><br>Sorteringsanlegg, roboter og Bibliofil<br><br>Kan KI hjelpe med samlingsutviklingen?<br><br>Lenkede data, metadatabr\u00f8nnen og Bibliofil<br><br>Hvordan lage nyhetsbrev med KI?<\/td><td><\/td><td><\/td><\/tr><tr><td>14.45-15.00<\/td><td>Avslutning<\/td><td><\/td><td><\/td><\/tr><tr><td><\/td><td><\/td><td><\/td><td><\/td><\/tr><\/tbody><\/table><\/figure>\n","protected":false},"excerpt":{"rendered":"<p>Program \u2013 Brukerm\u00f8te Fredrikstad Skrevet&nbsp;26. februar 2026&nbsp;av&nbsp;Arbeidsutvalget P\u00e5meldingsfrist: 15.mars Tirsdag 05.05 Program 10.00-12.00 Fagutvalg for skolebibliotek m\u00f8tes 11.00-12.00 Registrering p\u00e5 hotellet 12.00-13.00 Lunsj p\u00e5 hotellet 13.00-13.30 Velkommen til m\u00f8tet \u2013 praktisk info ved AU Offisiell \u00e5pning ved kultursjef Tora Klev\u00e5s &hellip; <a href=\"https:\/\/www.arbeidsutvalget.no\/?page_id=3188\">Les videre <span class=\"meta-nav\">&rarr;<\/span><\/a><\/p>\n","protected":false},"author":14,"featured_media":0,"parent":3165,"menu_order":0,"comment_status":"closed","ping_status":"closed","template":"","meta":{"footnotes":""},"class_list":["post-3188","page","type-page","status-publish","hentry"],"_links":{"self":[{"href":"https:\/\/www.arbeidsutvalget.no\/index.php?rest_route=\/wp\/v2\/pages\/3188","targetHints":{"allow":["GET"]}}],"collection":[{"href":"https:\/\/www.arbeidsutvalget.no\/index.php?rest_route=\/wp\/v2\/pages"}],"about":[{"href":"https:\/\/www.arbeidsutvalget.no\/index.php?rest_route=\/wp\/v2\/types\/page"}],"author":[{"embeddable":true,"href":"https:\/\/www.arbeidsutvalget.no\/index.php?rest_route=\/wp\/v2\/users\/14"}],"replies":[{"embeddable":true,"href":"https:\/\/www.arbeidsutvalget.no\/index.php?rest_route=%2Fwp%2Fv2%2Fcomments&post=3188"}],"version-history":[{"count":1,"href":"https:\/\/www.arbeidsutvalget.no\/index.php?rest_route=\/wp\/v2\/pages\/3188\/revisions"}],"predecessor-version":[{"id":3189,"href":"https:\/\/www.arbeidsutvalget.no\/index.php?rest_route=\/wp\/v2\/pages\/3188\/revisions\/3189"}],"up":[{"embeddable":true,"href":"https:\/\/www.arbeidsutvalget.no\/index.php?rest_route=\/wp\/v2\/pages\/3165"}],"wp:attachment":[{"href":"https:\/\/www.arbeidsutvalget.no\/index.php?rest_route=%2Fwp%2Fv2%2Fmedia&parent=3188"}],"curies":[{"name":"wp","href":"https:\/\/api.w.org\/{rel}","templated":true}]}}