{"id":3186,"date":"2026-04-23T14:17:46","date_gmt":"2026-04-23T13:17:46","guid":{"rendered":"https:\/\/www.arbeidsutvalget.no\/?page_id=3186"},"modified":"2026-04-23T14:17:46","modified_gmt":"2026-04-23T13:17:46","slug":"invitasjon","status":"publish","type":"page","link":"https:\/\/www.arbeidsutvalget.no\/?page_id=3186","title":{"rendered":"Invitasjon"},"content":{"rendered":"\n<h2 class=\"wp-block-heading\"><a href=\"https:\/\/www.arbeidsutvalget.no\/?p=3118\">Invitasjon og p\u00e5melding brukerm\u00f8te 2026 \u2013 Fredrikstad<\/a><\/h2>\n\n\n\n<p>Skrevet&nbsp;<a href=\"https:\/\/www.arbeidsutvalget.no\/?p=3118\">24. februar 2026<\/a>&nbsp;av&nbsp;<a href=\"https:\/\/www.arbeidsutvalget.no\/?author=14\">Arbeidsutvalget<\/a><\/p>\n\n\n\n<figure class=\"wp-block-image\"><a href=\"https:\/\/www.arbeidsutvalget.no\/wp-content\/uploads\/2026\/02\/240521-Var-biblioketet-katti-syriner-blomster-sol-2024-1-scaled-1.jpg\"><img loading=\"lazy\" decoding=\"async\" width=\"1024\" height=\"770\" src=\"https:\/\/www.arbeidsutvalget.no\/wp-content\/uploads\/2026\/02\/240521-Var-biblioketet-katti-syriner-blomster-sol-2024-1-scaled-1-1024x770.jpg\" alt=\"\" class=\"wp-image-3138\" srcset=\"https:\/\/www.arbeidsutvalget.no\/wp-content\/uploads\/2026\/02\/240521-Var-biblioketet-katti-syriner-blomster-sol-2024-1-scaled-1-1024x770.jpg 1024w, https:\/\/www.arbeidsutvalget.no\/wp-content\/uploads\/2026\/02\/240521-Var-biblioketet-katti-syriner-blomster-sol-2024-1-scaled-1-300x226.jpg 300w, https:\/\/www.arbeidsutvalget.no\/wp-content\/uploads\/2026\/02\/240521-Var-biblioketet-katti-syriner-blomster-sol-2024-1-scaled-1-768x578.jpg 768w, https:\/\/www.arbeidsutvalget.no\/wp-content\/uploads\/2026\/02\/240521-Var-biblioketet-katti-syriner-blomster-sol-2024-1-scaled-1-1536x1155.jpg 1536w, https:\/\/www.arbeidsutvalget.no\/wp-content\/uploads\/2026\/02\/240521-Var-biblioketet-katti-syriner-blomster-sol-2024-1-scaled-1-2048x1540.jpg 2048w\" sizes=\"auto, (max-width: 1024px) 100vw, 1024px\" \/><\/a><\/figure>\n\n\n\n<p><a href=\"https:\/\/bibsyst.no\/brukermote-2026-pamelding\/\">Meld deg p\u00e5 brukerm\u00f8te i Fredrikstad<\/a>&nbsp;\u2013 P\u00e5meldingsfrist: 15.mars<\/p>\n\n\n\n<p><mark>Les&nbsp;<a href=\"https:\/\/www.arbeidsutvalget.no\/?p=3140\">programmet<\/a>&nbsp;til brukerm\u00f8te<\/mark><\/p>\n\n\n\n<p>Bibliofilforeningen skriver 2026 og vi begynner for alvor \u00e5 glede oss til \u00e5rets brukerm\u00f8te. I \u00e5r skal vi til Fredrikstad, hvor Fredrikstad bibliotek er vertskap. Brukerm\u00f8te blir holdt p\u00e5 Quality hotell Fredrikstad.<\/p>\n\n\n\n<p><strong>Fredrikstad \u2013 en historisk perle ved Glommas utl\u00f8p.<\/strong><\/p>\n\n\n\n<p>Fredrikstad ble grunnlagt i 1567. Gamlebyen i Fredrikstad er Nordens best bevarte festningsby, med brosteinsgater og vollgraver. Byen har en rik maritim arv og var tidligere et viktig verftssentrum. Elvepromenaden og fergeforbindelsene gir byen en unik sjarm.<\/p>\n\n\n\n<p>Utenfor byen ligger den vakre skj\u00e6rg\u00e5rden som vi deler med Hvaler og som best\u00e5r av over 800 holmer og skj\u00e6r.<\/p>\n\n\n\n<p>Selve biblioteket er et staselig bygg som feirer&nbsp;<strong>100<\/strong>&nbsp;\u00e5r i 2026. Vi ligger fint til langs elven og elvepromenaden som snor seg gjennom byen. Vi har ogs\u00e5 to avdelinger, en p\u00e5 Gressvik og en p\u00e5 \u00d8stsiden.<\/p>\n\n\n\n<p>Vi regner med at de fleste ankommer med tog, eller flybuss FB11 fra Gardermoen. Hotellet ligger i g\u00e5avstand fra begge deler.<\/p>\n\n\n\n<p>Fra hotellet til Fredrikstad bibliotek er det en liten g\u00e5tur p\u00e5 ca. 5. min.<\/p>\n\n\n\n<p>H\u00e5per vi sees i mai!<\/p>\n\n\n\n<figure class=\"wp-block-image\"><a href=\"https:\/\/www.arbeidsutvalget.no\/wp-content\/uploads\/2026\/02\/Fredrikstad-logo.jpg\"><img loading=\"lazy\" decoding=\"async\" width=\"1024\" height=\"1024\" src=\"https:\/\/www.arbeidsutvalget.no\/wp-content\/uploads\/2026\/02\/Fredrikstad-logo.jpg\" alt=\"\" class=\"wp-image-3123\" srcset=\"https:\/\/www.arbeidsutvalget.no\/wp-content\/uploads\/2026\/02\/Fredrikstad-logo.jpg 1024w, https:\/\/www.arbeidsutvalget.no\/wp-content\/uploads\/2026\/02\/Fredrikstad-logo-300x300.jpg 300w, https:\/\/www.arbeidsutvalget.no\/wp-content\/uploads\/2026\/02\/Fredrikstad-logo-150x150.jpg 150w, https:\/\/www.arbeidsutvalget.no\/wp-content\/uploads\/2026\/02\/Fredrikstad-logo-768x768.jpg 768w\" sizes=\"auto, (max-width: 1024px) 100vw, 1024px\" \/><\/a><\/figure>\n\n\n\n<p><\/p>\n","protected":false},"excerpt":{"rendered":"<p>Invitasjon og p\u00e5melding brukerm\u00f8te 2026 \u2013 Fredrikstad Skrevet&nbsp;24. februar 2026&nbsp;av&nbsp;Arbeidsutvalget Meld deg p\u00e5 brukerm\u00f8te i Fredrikstad&nbsp;\u2013 P\u00e5meldingsfrist: 15.mars Les&nbsp;programmet&nbsp;til brukerm\u00f8te Bibliofilforeningen skriver 2026 og vi begynner for alvor \u00e5 glede oss til \u00e5rets brukerm\u00f8te. I \u00e5r skal vi til Fredrikstad, &hellip; <a href=\"https:\/\/www.arbeidsutvalget.no\/?page_id=3186\">Les videre <span class=\"meta-nav\">&rarr;<\/span><\/a><\/p>\n","protected":false},"author":14,"featured_media":0,"parent":3165,"menu_order":0,"comment_status":"closed","ping_status":"closed","template":"","meta":{"footnotes":""},"class_list":["post-3186","page","type-page","status-publish","hentry"],"_links":{"self":[{"href":"https:\/\/www.arbeidsutvalget.no\/index.php?rest_route=\/wp\/v2\/pages\/3186","targetHints":{"allow":["GET"]}}],"collection":[{"href":"https:\/\/www.arbeidsutvalget.no\/index.php?rest_route=\/wp\/v2\/pages"}],"about":[{"href":"https:\/\/www.arbeidsutvalget.no\/index.php?rest_route=\/wp\/v2\/types\/page"}],"author":[{"embeddable":true,"href":"https:\/\/www.arbeidsutvalget.no\/index.php?rest_route=\/wp\/v2\/users\/14"}],"replies":[{"embeddable":true,"href":"https:\/\/www.arbeidsutvalget.no\/index.php?rest_route=%2Fwp%2Fv2%2Fcomments&post=3186"}],"version-history":[{"count":1,"href":"https:\/\/www.arbeidsutvalget.no\/index.php?rest_route=\/wp\/v2\/pages\/3186\/revisions"}],"predecessor-version":[{"id":3187,"href":"https:\/\/www.arbeidsutvalget.no\/index.php?rest_route=\/wp\/v2\/pages\/3186\/revisions\/3187"}],"up":[{"embeddable":true,"href":"https:\/\/www.arbeidsutvalget.no\/index.php?rest_route=\/wp\/v2\/pages\/3165"}],"wp:attachment":[{"href":"https:\/\/www.arbeidsutvalget.no\/index.php?rest_route=%2Fwp%2Fv2%2Fmedia&parent=3186"}],"curies":[{"name":"wp","href":"https:\/\/api.w.org\/{rel}","templated":true}]}}