{"id":315,"date":"2012-04-20T10:49:33","date_gmt":"2012-04-20T09:49:33","guid":{"rendered":"http:\/\/www.arbeidsutvalget.no\/?page_id=315"},"modified":"2012-05-04T12:33:06","modified_gmt":"2012-05-04T11:33:06","slug":"gruppeinndeling","status":"publish","type":"page","link":"https:\/\/www.arbeidsutvalget.no\/?page_id=315","title":{"rendered":"Gruppeinndeling og oppgaver"},"content":{"rendered":"<h2 dir=\"LTR\"><span style=\"color: #008000;\">Webs\u00f8k\/MappaMi gruppe 1<\/span><\/h2>\n<p dir=\"LTR\">(11 deltakere)<br \/>\nGruppeleder: <strong>Ole Kristian Rype<\/strong><\/p>\n<p dir=\"LTR\">Paulo Bairos<br \/>\nErik Evenrud<br \/>\nLiv Randi Foss<br \/>\nElisabeth Gran<br \/>\nRandi Hausken<br \/>\nGunvor Kvitnes<br \/>\nM\u00e5lfrid Lille<br \/>\nLisbeth Hanstad Lundby<br \/>\nMari Helga Helgetveit<br \/>\nAnders Mongstad<\/p>\n<h2><span style=\"color: #008000;\">Webs\u00f8k\/MappaMi gruppe 2<\/span><\/h2>\n<p dir=\"LTR\">(10 deltakere)<br \/>\nGruppeleder: <strong>Marit Jensen<\/strong><\/p>\n<p>Kristine Mesgrahl<br \/>\nKari Mestad<br \/>\nLinda Ogn\u00f8y<br \/>\nBj\u00f8rg Rasmussen<br \/>\nMerete Skeie<br \/>\nAina Bente J. Strand<br \/>\nKirsten Moi \u00d8vstedal<br \/>\nKaren H. Reisvaag<br \/>\nBeatrice Tessmer<\/p>\n<h2 dir=\"LTR\"><span style=\"color: #ff0000;\">Oppgaver til Webs\u00f8k\/MappaMi:<\/span><\/h2>\n<p dir=\"LTR\"><strong>Webappen:<\/strong><\/p>\n<p dir=\"LTR\">Hvilke erfaringer sitter vi med etter at Biblioteksystemer introduserte Webappen for nettbrett og smarttelefoner.<br \/>\nStikkord:<br \/>\nHva liker vi<br \/>\nHva liker vi ikke<br \/>\nHva sier brukerne<br \/>\nMarkedsf\u00f8ring?<br \/>\nTesting \u2013 implementering \u2013 veien videre<\/p>\n<p dir=\"LTR\"><strong>Norgesl\u00e5n:<\/strong><\/p>\n<p dir=\"LTR\">Vi tar opp et tilbakevennende tema, nemlig Norgesl\u00e5n.<\/p>\n<p dir=\"LTR\">Det flommer over av L\u00e5nerinitierte Innl\u00e5n. Finnes det GODE forslag p\u00e5 \u00e5 begrense\/kontrollere det noe, uten at det g\u00e5r ut over v\u00e5r lovp\u00e5lagte oppgave? Tenker da spesielt forhold rundt transport, organisering og belastning p\u00e5 de ansatte.<\/p>\n<p dir=\"LTR\">Stikkord:<br \/>\nReserveringer: b\u00f8r man kunne st\u00e5 p\u00e5 venteliste KUN p\u00e5 hjemstedsbibliotek?<br \/>\nMax antall LII-bestillinger pr l\u00e5ner?<br \/>\nAutomatisk beskjed til l\u00e5ner dersom noe som er bestilt p\u00e5 LII ikke blir hentet? En advarsel?<br \/>\nKreative forslag \u2013 brainstorming\u2026<\/p>\n<p dir=\"LTR\"><strong>Webs\u00f8k\/TkS\u00f8k:<\/strong><\/p>\n<p dir=\"LTR\">Idedugnad innad i gruppen. Ta med mange tanker om hvordan vi kan gj\u00f8re tjenestene enda bedre. Ikke glem tkS\u00f8ket, f.eks: \u2013 kan det gj\u00f8res mer dynamisk overfor tkUtl\u00e5n, webs\u00f8k og webben.<\/p>\n<p dir=\"LTR\">Alle forslag vil bli presentert Biblioteksystemer etter brukerm\u00f8tet.<\/p>\n<h2 dir=\"LTR\"><span style=\"color: #008000;\">Morgendagens bibliotektjenester gruppe 1<\/span><\/h2>\n<p dir=\"LTR\">(11 deltakere)<strong><br \/>\n<\/strong>Gruppeleder : <strong>Carl-August Bodenhagen<\/strong><\/p>\n<p>Anne Mette Andersen<br \/>\nRandi N. Berg<br \/>\nSteffan Bj\u00f8rk\u00e5s<br \/>\nHeidi Bringsli<br \/>\nEllinor Br\u00e6nd<br \/>\nBj\u00f8rg Kristin Helland B\u00f8<br \/>\nBente Dahl<br \/>\nBrit Karen Einang<br \/>\nEirik Gaare<br \/>\nKristin Kleppo Gr\u00f8ndalen<\/p>\n<h2 dir=\"LTR\"><span style=\"color: #008000;\">Morgendagens bibliotektjenester gruppe 2<\/span><\/h2>\n<p dir=\"LTR\">(10 deltakere)<br \/>\nGruppeleder: <strong>Cecilie Weinholdt<\/strong><\/p>\n<p dir=\"LTR\">Kristin Flo<br \/>\nAny Tordis Heggeb\u00f8<br \/>\nReidun H\u00f8iland<br \/>\nTor Magnus Jonassen<br \/>\nMay Britt Josten<br \/>\nRoar Nyg\u00e5rd<br \/>\nIrene N\u00f8rberg<br \/>\nTurid Skimmeland<br \/>\nAnja Angelsk\u00e5r Mjelde<\/p>\n<h2 dir=\"LTR\"><span style=\"color: #008000;\">Morgendagens bibliotektjenester gruppe 3<\/span><\/h2>\n<p dir=\"LTR\">(10 deltakere)<br \/>\nGruppeleder: <strong>Monica Skybakmoen<\/strong><\/p>\n<p dir=\"LTR\">Anne Trine Skjulhaug<br \/>\nPer Ivar Somby<br \/>\n\u00d8yvind Storstein<br \/>\nJorun Systad<br \/>\nTone Syvertsen<br \/>\nMarit Vatle<br \/>\nEva \u00d8. Wenstad<br \/>\nAnett \u00d8stad<br \/>\nAnne-Cecilie Winger<\/p>\n<h2 dir=\"LTR\"><span style=\"color: #ff0000;\">Oppgaver til Morgendagens bibliotektjenester:<\/span><\/h2>\n<p>Ta utgangspunkt i foredraget fra tirsdag:\u00a0\u00abHvem er morgendagens bibliotekbruker?\u00bb ved Kristian Singstad P\u00e5lshaugen<\/p>\n<p>Se bort i fra tekniske eller markedsmessige begrensninger (som ved l\u00e5n av eB\u00f8ker), og<br \/>\nt\u00f8rr \u00e5 tenke hvordan en ideell fremtid kan se ut:<\/p>\n<p>&#8211; Hvordan kan et fremtidsbibliotek helt uten fysiske b\u00f8ker se ut? Hva inneholder det, hvordan er opplevelsen for publikum?<br \/>\n&#8211; Hvordan kan et bibliotek i fremtiden v\u00e6re noe man bringer med seg? For eksempel p\u00e5 mobil, nettbrett hjemme i stua? Hvordan kan bibliotekets rolle og kompetanse tas ut i en slik sammenheng?<br \/>\n&#8211; Hvordan kan bibliotek f\u00e5 en sterkere funksjon i lokalmilj\u00f8et i den digitale hverdagen?<br \/>\n&#8211; Hva med Bibliofil i et slik fremtidsbibliotek?<\/p>\n<p>Forslag til gjennomf\u00f8ring av diskusjonene:<br \/>\nGruppene deler seg opp i f.eks. 3 + 3 + 4. Hvert bord diskuterer s\u00e5 problemstillingene, og etter en viss tid roterer man og finner et nytt bord, mens en person blir igjen. Denne gir de nyankomne en innf\u00f8ring i hva man har diskutert, og de &laquo;nyankomne&raquo; fyller inn med sine<br \/>\ntanker, og kanskje ideer de har hatt fra sin forrige diskusjon. S\u00e5 kan man rotere en tredje gang, og at gruppen da lager et enkelt referat. Bruk gjerne flipboard med illustrasjoner, tekst, historiefortelling eller bare beskrivelse, etter hva som f\u00f8les riktigst.<\/p>\n<h2 dir=\"LTR\"><span style=\"color: #008000;\">Utl\u00e5n\/Fjernl\u00e5n<\/span><\/h2>\n<p dir=\"LTR\">( 20 deltakere)<strong><br \/>\n<\/strong>Gruppeleder: <strong>Ola S\u00f8rlie<\/strong><\/p>\n<p>Stine Bye Aarnes<br \/>\nFinn Andersen<br \/>\nAnita Bunes<br \/>\nAnne-Karin Edvardsen<br \/>\nHelene Gjertsen<br \/>\nVegard Gundersen<br \/>\nLotte Halstensen<br \/>\nMargaretha Halvorsen<br \/>\nMerete Kl\u00f8ften<br \/>\nOlga Linkevitch<br \/>\nInger Benningstad Narmo<br \/>\nHilde Myrbr\u00e5ten Opaker<br \/>\nLillian E. Rushfeldt<br \/>\nElisabeth Engeberg S\u00e6le<br \/>\nLillian Westli<br \/>\nHanne Blien<br \/>\nIngrid Stavran<br \/>\nSidsel Reierstad<br \/>\nKristin S\u00e6tre<\/p>\n<h2 dir=\"LTR\"><span style=\"color: #ff0000;\">Oppgaver til Utl\u00e5n\/fjernl\u00e5n:<\/span><\/h2>\n<p>Gjennomgang av nye funksjoner i utl\u00e5nsmodulen og erfaringsutveksling og tips n\u00e5r det gjelder de nye funksjonene.<\/p>\n<p><a href=\"http:\/\/bibliofil.no\/kundeinfo\/dokumentasjon\/web\/tkutl\/nytt2012.html\">http:\/\/bibliofil.no\/kundeinfo\/dokumentasjon\/web\/tkutl\/nytt2012.html<\/a><\/p>\n<h2 dir=\"LTR\"><span style=\"color: #008000;\">RFID-erfaring<\/span><\/h2>\n<p dir=\"LTR\">(13 deltakere)<strong><br \/>\n<\/strong>Gruppeleder: <strong>Leif Hansen<\/strong><\/p>\n<p>Finn Andersen<br \/>\nMarianne Bakketun<br \/>\nLiv Aase Birkenes<br \/>\nRagnhild Eggen<br \/>\nAstrid Fygel<br \/>\nTiiu H\u00f8vik<br \/>\nBj\u00f8rn Rune Kristmoen<br \/>\nTone Marthinsen<br \/>\nBj\u00f8rn Tore Nyland<br \/>\nHege Marie N. Paulsen<br \/>\nEirik O. Ystad<br \/>\nAnne Lauritsen<\/p>\n<h2 dir=\"LTR\"><span style=\"color: #ff0000;\">Oppgaver til RFID:<\/span><\/h2>\n<p>&#8211; Gjennomf\u00f8ringen. Hvordan organisere innliming\/aktivisering av bruikkene, hvor starter vi, hvem gj\u00f8r det, merking av de som er brikka, hvor sette radiobrikker<br \/>\n&#8211; Radiobrikker i cd\/dvd\u00a0 &#8211; kraftigere enn de ordin\u00e6re brikkene?<br \/>\n&#8211; Radiobrikker i lydb\u00f8ker m.m. med flere cd&#8217;er<br \/>\n&#8211; Andre hjelpemidler &#8211;\u00a0 erfaring med prikkemaskinen Knut<br \/>\n&#8211; N\u00e5r starte utl\u00e5n med radiobrikker &#8211; kj\u00f8re hybrid-l\u00f8sning?<\/p>\n<h2 dir=\"LTR\"><span style=\"color: #008000;\">Skolebibliotek<\/span><\/h2>\n<p dir=\"LTR\">(11 deltakere)<strong><br \/>\n<\/strong>Gruppeleder: <strong>Cathrine Govenius<\/strong><\/p>\n<p>Joep Aarts<br \/>\nGeir Barsnes<br \/>\nBara Bj\u00f8rgvinsdottir<br \/>\nBernt Lage Breivoll<br \/>\nBarbro Helene Mandelid<br \/>\nLaila Rene<br \/>\nHilde S\u00e6tre<br \/>\nEldrid Nicolaysen S\u00f8rnes<br \/>\nBerit Torgrimsen<br \/>\nHelga-Marie N\u00f8tsund<\/p>\n<h2 dir=\"LTR\"><span style=\"color: #ff0000;\">Oppgaver til Skolebibliotek:<\/span><\/h2>\n<p>Vi likte godt, og fikk gode tilbakemeldinger p\u00e5, formen gruppearbeidet for skolebibliotek hadde p\u00e5 Lillehammer i fjor. Vi har derfor valgt noenlunde samme mal p\u00e5 \u00e5rets arbeid.<\/p>\n<p>Vi tenker oss litt informasjon f\u00f8rst, deretter utveksling av \u00f8nsker og ideer.<\/p>\n<p>En god nyhet for mange; etter mailutveksling i lange tider, mellom undertegnede (og kanskje flere?) og Tertit Knudsen ved Nasjonalbiblioteket; utl\u00e5n av l\u00e6reb\u00f8ker er n\u00e5 med i den \u00e5rlige statistikken!<\/p>\n<p>En d\u00e5rlig \u00abnyhet\u00bb; samarbeidet med itslearning har strandet. I hvert fall forel\u00f8pig\u2026 Vi \u00f8nsker at arbeidet overfor itslearning fortsetter, med tanke p\u00e5 \u00e5 komme fram til en brukervennlig l\u00f8sning for elevene.<\/p>\n<p>\u00d8nsker om endringer:<br \/>\nLayout p\u00e5 skjermbildet i det selvbetjente utl\u00e5net &#8211; Dette er vanskelig \u00e5 forst\u00e5 for mange l\u00e5nere, spes de helt unge og de minoritetsspr\u00e5klige. Kan det gj\u00f8res noe med det?<br \/>\nForslag: Utl\u00e5nsbildet: Bytte ut \u00abordet\u00bb Lnr til Kort (eller Navn\/PIN-kode, for de som bruker det)<\/p>\n<p>Bytte ut Strekkode med Bok<\/p>\n<p>Farge p\u00e5 \u00ab\u00abAvslutt l\u00e5ner\u00bb-knappen\u00bb (r\u00f8d?)<\/p>\n<p>Innleveringsbildet: Bytte ut ordet Strekkode med Bok<\/p>\n<p>Farge p\u00e5 begge fanekortene samtidig (ogs\u00e5 det ikke-aktive); f.eks. gr\u00f8nt for utl\u00e5n, bl\u00e5tt for innlevering<\/p>\n<p>Web-s\u00f8k og emneord i streng &#8211; I strenger som 692$afedre$xfortellinger er fortellinger linket videre, ikke fedre, som jo ville v\u00e6re det logiske og interessante\u2026 P\u00e5 noen skoler er dette endret; kan vi p\u00e5 skolebibliotekene i Bergen, i hvert fall, f\u00e5 en samkj\u00f8ring her, slik at $a linkes videre, uansett lengde p\u00e5 ordet? Bergen offentlige Bibliotek, som vi ofte henter katalogdata fra, bruker hyppig formen $aemneord$xfortellinger (ev skj\u00f8nnlitteratur)<\/p>\n<p>Sams\u00f8k &#8211; Skolebibliotekarene \u00f8nsker \u00e5 definere sin egen region. Hvor langt har vi kommet i denne prosessen?<\/p>\n<p>Autoritetsregister &#8211; egendefinert \u2013 p\u00e5 090$a ved kategorisering?<\/p>\n<p>Statistikk \u2013 mange \u00f8nsker seg muligheten til \u00e5 ta ut statistikk pr gruppe\/klasse, slik vi hadde tidligere. Lar dette seg gjeninnf\u00f8re?<\/p>\n<p>Ukentlige rapporter &#8211; oversikt som forholder seg til skole\u00e5ret, i tillegg til den som forholder seg til kalender\u00e5ret (rootmeldinger mandag morgen).<\/p>\n<p>Disse meldingene kan v\u00e6re vanskelige \u00e5 lese, kan det endres? Kolonner og rader er litt hultertilbulter\u2026<\/p>\n<p>Materialbetegnelse \u2013 levende bok (cd til bruk p\u00e5 pc, til \u00e5 laste ned p\u00e5 telefon, lesebrett o.l.) Lydbok med bilder.<\/p>\n<p>Skolejobber \u2013 liste over utl\u00e5nte b\u00f8ker pr gruppe\/klasse, \u00abhjelpelinja\u00bb tar for stor plass. Innstillingsmuligheter? (Innsendt fra Fjellsdalen skole i Bergen)<\/p>\n<p>Skolejobber \u2013 ved utskrift av klassevise purringer\/oversikt over utl\u00e5nte b\u00f8ker o.l. \u00f8nskes en mulighet til \u00e5 velge flere klasser av gangen. Det hadde v\u00e6rt fint \u00e5 kunne hake av f.eks. alle eller noen av klassene p\u00e5 10.trinn, uten \u00e5 m\u00e5tte \u00abg\u00e5 helt ut\u00bb mellom hver klasse, slik vi m\u00e5 n\u00e5.<\/p>\n<p>S\u00f8kbar \u00abLes e-bok\u00bb i egen base?<\/p>\n<p>Selvbetjent utl\u00e5n\/Innlevering av reserverte b\u00f8ker &#8211; navn p\u00e5 den l\u00e5neren som har reservert boka kommer opp p\u00e5 skjermen. Vi \u00f8nsker oss melding om at boka er reservert og m\u00e5 legges til side \/ gis til skolebibliotekar, men ikke at navn p\u00e5 l\u00e5ner vises p\u00e5 skjerm i selvbetjent utl\u00e5n.<\/p>\n<p>I listen som kommer hver morgen med oversikt over ledige, reserverte b\u00f8ker er l\u00e5nerens l\u00e5nenummer oppgitt. Dette gir et merarbeid n\u00e5r skolebibliotekar skal spore opp l\u00e5neren. Ber om \u00e5 f\u00e5 med l\u00e5nerens navn og klasse\/gruppe.<\/p>\n<p>Katalog \u2013 to nye fanekort i katalogens s\u00f8kebilde: Deichmann og (egendefinert) Sams\u00f8k, ev mulighet til selv \u00e5 legge til andre enn den n\u00e5v\u00e6rende eksterne basen (som for oss i Bergen betyr Dugnadsbasen og Bergen Offentlige Bibliotek)<\/p>\n<p>MappaMi \u2013 en kontaktl\u00e6rer har gjerne oversikt over flere l\u00e5nere. Under Mine l\u00e5n \u00f8nskes mulighet til \u00e5 sortere p\u00e5 l\u00e5ner, p\u00e5 tittel, p\u00e5 forfatter osv. Slik vi har det i dag kan elever gi sin kontaktl\u00e6rer innsynsrett i sine l\u00e5n. Kontaktl\u00e6rer m\u00e5 deretter koble hver enkelt elev p\u00e5. Ber om at kontaktl\u00e6rer f\u00e5r valg om \u00e5 koble samtlige p\u00e5 i en operasjon, men ogs\u00e5 at vedkommende kan hake av de som skal kobles p\u00e5 (i en operasjon). P\u00e5 oversikten er det greit \u00e5 kunne f\u00e5 en samlet oversikt over de som har l\u00e5n som har forfalt. \u00d8nsker \u00e5 f\u00e5 muligheten til \u00e5 kunne hake av de l\u00e5nene som skal fornyes for elevene (i en operasjon).<\/p>\n<p>Bruk av MappaMi p\u00e5 mellomtrinnet:<\/p>\n<p>Kan MappaMi tilpasses bedre til skolebruk? Kan skolebibliotekar f.eks. i Gruppeadministrasjon melde alle elevene i en klasse\/gruppe inn i kontaktl\u00e6rers MappaMi slik at kontaktl\u00e6rer automatisk f\u00e5r innsyn? Da vil barnetrinnet kunne bruke MappaMi som et hjelpemiddel til \u00e5 administrere sitt bruk av skolebiblioteket. Uten en slik valgmulighet kan skolene ikke bruke MappaMi p\u00e5 sm\u00e5trinnet og p\u00e5 mellomtrinnet blir det tungvint. Vil spare skolene for betydelige kostnader og papirbruk. Milj\u00f8gevinst!<\/p>\n<p>B\u00e1ra deler kanskje ogs\u00e5 litt av erfaringene sine n\u00e5r det gjelder bruk av MappaMi i ungdomsskolen?<\/p>\n<p>Andre ideer\/forslag\/\u00f8nsker:<\/p>\n","protected":false},"excerpt":{"rendered":"<p>Webs\u00f8k\/MappaMi gruppe 1 (11 deltakere) Gruppeleder: Ole Kristian Rype Paulo Bairos Erik Evenrud Liv Randi Foss Elisabeth Gran Randi Hausken Gunvor Kvitnes M\u00e5lfrid Lille Lisbeth Hanstad Lundby Mari Helga Helgetveit Anders Mongstad Webs\u00f8k\/MappaMi gruppe 2 (10 deltakere) Gruppeleder: Marit Jensen &hellip; <a href=\"https:\/\/www.arbeidsutvalget.no\/?page_id=315\">Les videre <span class=\"meta-nav\">&rarr;<\/span><\/a><\/p>\n","protected":false},"author":14,"featured_media":0,"parent":313,"menu_order":0,"comment_status":"open","ping_status":"open","template":"","meta":{"footnotes":""},"class_list":["post-315","page","type-page","status-publish","hentry"],"_links":{"self":[{"href":"https:\/\/www.arbeidsutvalget.no\/index.php?rest_route=\/wp\/v2\/pages\/315","targetHints":{"allow":["GET"]}}],"collection":[{"href":"https:\/\/www.arbeidsutvalget.no\/index.php?rest_route=\/wp\/v2\/pages"}],"about":[{"href":"https:\/\/www.arbeidsutvalget.no\/index.php?rest_route=\/wp\/v2\/types\/page"}],"author":[{"embeddable":true,"href":"https:\/\/www.arbeidsutvalget.no\/index.php?rest_route=\/wp\/v2\/users\/14"}],"replies":[{"embeddable":true,"href":"https:\/\/www.arbeidsutvalget.no\/index.php?rest_route=%2Fwp%2Fv2%2Fcomments&post=315"}],"version-history":[{"count":8,"href":"https:\/\/www.arbeidsutvalget.no\/index.php?rest_route=\/wp\/v2\/pages\/315\/revisions"}],"predecessor-version":[{"id":318,"href":"https:\/\/www.arbeidsutvalget.no\/index.php?rest_route=\/wp\/v2\/pages\/315\/revisions\/318"}],"up":[{"embeddable":true,"href":"https:\/\/www.arbeidsutvalget.no\/index.php?rest_route=\/wp\/v2\/pages\/313"}],"wp:attachment":[{"href":"https:\/\/www.arbeidsutvalget.no\/index.php?rest_route=%2Fwp%2Fv2%2Fmedia&parent=315"}],"curies":[{"name":"wp","href":"https:\/\/api.w.org\/{rel}","templated":true}]}}