{"id":286,"date":"2012-03-09T17:51:07","date_gmt":"2012-03-09T16:51:07","guid":{"rendered":"http:\/\/www.arbeidsutvalget.no\/?page_id=286"},"modified":"2012-11-09T17:18:48","modified_gmt":"2012-11-09T16:18:48","slug":"program","status":"publish","type":"page","link":"https:\/\/www.arbeidsutvalget.no\/?page_id=286","title":{"rendered":"Program"},"content":{"rendered":"<h2><strong>Tirsdag 8. mai<\/strong><\/h2>\n<p>Innsjekking p\u00e5 Park Hotel Vossevangen<\/p>\n<p><strong>09.00 \u2013 11.00<\/strong><br \/>\nM\u00f8tetid for fagutvalg som \u00f8nsker det.<br \/>\n<strong><\/strong><\/p>\n<p><strong>11.00 \u2013 12.00<\/strong><br \/>\nArbeidsutvalgets m\u00f8te med fagutvalgsledere.<\/p>\n<p>Ingen forpliktelser? Nyt Voss!<br \/>\n<strong><\/strong><\/p>\n<p><strong>11.00 -12.00<\/strong><br \/>\nDeltakerregistrering p\u00e5 konferansehotellet.<br \/>\n<strong><\/strong><\/p>\n<p><strong>12.00 -13.00<\/strong><br \/>\nLunsj<br \/>\n<strong><\/strong><\/p>\n<p><strong>13.00 -13.20<\/strong><br \/>\nVelkommen.<br \/>\n\u00c5pning av m\u00f8tet ved ordf\u00f8rer Hans Erik Ringkj\u00f8b.<br \/>\nPraktisk informasjon v\/Arbeidsutvalget<br \/>\n<strong><\/strong><\/p>\n<p><strong>13.20 -14.05<\/strong><br \/>\n<a href=\"https:\/\/www.arbeidsutvalget.no\/wp-content\/uploads\/2012\/11\/digit.pdf\">Hvem er morgendagens bibliotekbruker?<\/a>\u00a0ved Kristian Singstad P\u00e5lshaugen<\/p>\n<p>Folks hverdag blir stadig mer digital. Smarttelefoner med konstant internettilgang har blitt en selvf\u00f8lge, vi kommuniserer i stadig st\u00f8rre grad gjennom sosiale medier, og kultur- og medieprodukter som musikk, film, magasiner og b\u00f8ker blir i stadig st\u00f8rre grad digitale. Det som en gang var ny og spennende teknologi blir raskt bare en naturlig del av hvordan vi lever, n\u00e6rmest uten at vi tenker over det. Og utviklingen g\u00e5r stadig i rasende tempo.<\/p>\n<p>Hvor er den digitale forbruker p\u00e5 vei? Hvordan vil dette p\u00e5virke hvordan de tenker og hvilke forventninger de har? Hvordan kan bibliotekene fortsette \u00e5 v\u00e6re en viktig formidler ogs\u00e5 i den nye, digitale hverdagen?<\/p>\n<p>Foredraget vil ta for seg de viktigste digitale trendene som er i emning, og se p\u00e5 hvordan dette p\u00e5virker oss som digitale mennesker. Det vil ogs\u00e5 se p\u00e5 hvordan bibliotekbransjen kan tenke for \u00e5 tilpasse seg en hverdag der det \u00e5 levere helhetlig tjenester snarere enn fysiske produkter blir stadig viktigere.<br \/>\n<em><\/em><\/p>\n<p><em>Om foredragsholderen: <\/em>Kristian Singstad P\u00e5lshaugen er senior konseptutvikler og interaksjonsdesigner i det digitale design- og kommunikasjonsselskapet Halogen. Han har over 10 \u00e5rs erfaring med \u00e5 skape gode digitale brukeropplevelser, og har i en \u00e5rrekke skrevet om digitale trender og hvordan de p\u00e5virker oss.<\/p>\n<p><strong>14.05 -14.20<\/strong><br \/>\nPause<br \/>\n<strong><\/strong><\/p>\n<p><strong>14.20 -15.00<\/strong><br \/>\n&laquo;Hvem er morgendagens bibliotekbruker?&raquo; fortsetter<br \/>\n<strong><\/strong><\/p>\n<p><strong>15.00 -16.00<\/strong><br \/>\nBibliotek-Systemer As:<\/p>\n<p><a href=\"https:\/\/www.arbeidsutvalget.no\/wp-content\/uploads\/2012\/11\/RiketsTilstand20121.pdf\">RiketsTilstand2012<\/a>\u00a0ved Torkel Hasle<\/p>\n<p><a href=\"https:\/\/www.arbeidsutvalget.no\/wp-content\/uploads\/2012\/11\/Brukermote-2012-katalogkrydder-kombinert-Roger-og-OA.pdf\">Nytt katalogkrydder<\/a>\u00a0ved Roger Niva og Odd Arne Jensen<br \/>\n<strong><br \/>\n16.00 &#8211; 16.30<\/strong><br \/>\nPause med bokbuss-stopp!<br \/>\n<strong><\/strong><\/p>\n<p><strong>16.30 -17.30<\/strong><br \/>\nBibliotek-Systemer As:<\/p>\n<p><a href=\"https:\/\/www.arbeidsutvalget.no\/wp-content\/uploads\/2012\/11\/Brukermote-2012-utskrift.pdf\">Ny utskriftsl\u00f8sning<\/a>\u00a0ved Roger Niva<\/p>\n<p><a href=\"https:\/\/www.arbeidsutvalget.no\/wp-content\/uploads\/2012\/11\/eboker.pdf\">Bibliofil og eb\u00f8ker<\/a>\u00a0ved Veslem\u00f8y Grinde og Tore Morkemo<br \/>\nHer besvares innsendte sp\u00f8rsm\u00e5l:<\/p>\n<p>1. Sp\u00f8rsm\u00e5l fra Bergen offentlige bibliotek:<br \/>\n\u00c5 f\u00e5 p\u00e5 plass utl\u00e5n av e-b\u00f8ker er viktig for oss. Kan Bibliotek-Systemer As si noe om hva dere tenker om dette?<\/p>\n<p>2. Sp\u00f8rsm\u00e5l fra Fylkesbiblioteket i Akershus:<br \/>\n&#8211; Hvordan tenker\u00a0Bibliotek-Systemer As at utviklinga av utl\u00e5n av e-b\u00f8ker m.m. i folkebibliotek i Norge kommer til \u00e5 g\u00e5?<br \/>\n&#8211; Hvilken rolle kan\u00a0\u00a0Bibliotek-Systemer As tenke seg \u00e5 spille i forhold til innkj\u00f8p og utl\u00e5n m.m. av e-b\u00f8ker og andre e-medier \u2013 ideelt sett?<br \/>\n&#8211; Hvilken rolle er realistisk p\u00e5 kort sikt (innen ett \u00e5r?)<\/p>\n<p><strong>18.30 &#8211; 19.30<\/strong><br \/>\nMottakelse p\u00e5 Voss bibliotek<br \/>\n<strong><\/strong><\/p>\n<p><strong>20.00 &#8211;<\/strong><br \/>\n<span style=\"color: #800080;\">Festmiddag p\u00e5 Park Hotel Vossevangen.<\/span><\/p>\n<p><span style=\"color: #800080;\">Meny:<\/span><br \/>\n<span style=\"color: #800080;\">Fenal\u00e5rruller med sn\u00f8friskkrem<\/span><br \/>\n<span style=\"color: #800080;\">Oksefilet med vinsaus, pastinakkpur\u00e9 og krydderstekte poteter<\/span><br \/>\n<span style=\"color: #800080;\">Sitronterte med sorb\u00e9t og r\u00f8rte jordb\u00e6r<\/span><br \/>\n<span style=\"color: #800080;\">Vin, \u00f8l, mineralvann og kaffe<\/span><\/p>\n<h2>\u00a0<\/h2>\n<h2><strong>Onsdag 9. mai<\/strong><\/h2>\n<p>Frokost p\u00e5 hotellet<\/p>\n<p><strong>09.00 -09.15<\/strong><br \/>\nVelkommen til dag 2<br \/>\nKulturelt innslag ved Ellen Marie Selland Geitung<br \/>\n<strong><\/strong><\/p>\n<p><strong>09.15 -10.00<\/strong><br \/>\nTeknisk nytt fra bibliotekene:<\/p>\n<p>Audun Hav\u00e5g, Bergen offentlige bibliotek: Digitalt verksted<br \/>\n<a title=\"Digitalt verksted BoB\" href=\"http:\/\/bergenbibliotek.no\/spill\/digitalt-verksted\" target=\"_blank\">http:\/\/bergenbibliotek.no\/spill\/digitalt-verksted<\/a><\/p>\n<p>Eirik Gaare, Fylkesbiblioteket i Akershus : e-b\u00f8ker i bibliotekene (forel\u00f8pig tittel)<br \/>\n<strong><\/strong><\/p>\n<p><strong>10.00 -10.15<\/strong><br \/>\nPause<br \/>\n<strong><\/strong><\/p>\n<p><strong>10.15 &#8211; 12.00<\/strong><br \/>\n<a title=\"Gruppeinndeling og oppgaver\" href=\"https:\/\/www.arbeidsutvalget.no\/?page_id=315\">Gruppearbeid<br \/>\nGruppeinndeling og oppgaver<\/a><\/p>\n<p>1. Utl\u00e5n\/fjernl\u00e5n<br \/>\n2. Webs\u00f8k\/Mappami<br \/>\n3. Webs\u00f8k\/Mappami<br \/>\n4. Skolebibliotek<br \/>\n5. RFID &#8211; erfaringer<br \/>\n6. Morgendagens bibliotekbruker<br \/>\n7. Morgendagens bibliotekbruker<br \/>\n8. Morgendagens bibliotekbruker<\/p>\n<p><strong>12.00 &#8211; 13.00<\/strong><br \/>\nLunsj<br \/>\n<strong><\/strong><\/p>\n<p><strong>13.00 &#8211; 13.35<\/strong><br \/>\nPresentasjon av Arbeidsutvalgets arbeid<br \/>\na) <a title=\"\u00c5rsmelding 2011\/2012\" href=\"https:\/\/www.arbeidsutvalget.no\/?page_id=343\">\u00c5rsmelding<\/a><br \/>\nb) <a title=\"Regnskap 2011 (AU)\" href=\"https:\/\/www.arbeidsutvalget.no\/?page_id=497\">Regnskap<\/a><br \/>\nc) <a href=\"https:\/\/www.arbeidsutvalget.no\/wp-content\/uploads\/2012\/01\/Valg-presentasjon.pdf\">Valg &#8211; presentasjon<\/a><br \/>\nd) innmeldte saker<br \/>\nFagutvalgenes arbeid<\/p>\n<p><strong>13.35 &#8211; 13.50<\/strong><br \/>\nBibliotek-Systemer As:<br \/>\n<a href=\"https:\/\/www.arbeidsutvalget.no\/wp-content\/uploads\/2012\/11\/innlevering.pdf\">Mj\u00f8lner med sortering<\/a>\u00a0ved Reidar Bjerkseth<\/p>\n<p><strong>13.50 -14.00<\/strong><br \/>\nPause<br \/>\n<strong><\/strong><\/p>\n<p><strong>14.00 &#8211; 14.50<\/strong><br \/>\nBibliotek-Systemer As:<\/p>\n<p><a href=\"https:\/\/www.arbeidsutvalget.no\/wp-content\/uploads\/2012\/11\/webapp2012.pdf\">Nye godbiter i Webappen<\/a>\u00a0ved\u00a0 Odd Arne Jensen<\/p>\n<p><a href=\"https:\/\/www.arbeidsutvalget.no\/wp-content\/uploads\/2012\/11\/nyttutl.pdf\">Snacks fra Utl\u00e5n<\/a>\u00a0ved Tore Morkemo<br \/>\n<strong><\/strong><\/p>\n<p><strong>14.50-15.00<\/strong><br \/>\nTakk for n\u00e5 og vel hjem.<\/p>\n<p>Arbeidsutvalget oppfordrer alle til \u00e5 fylle ut <a title=\"Evalueringsskjema\" href=\"https:\/\/docs.google.com\/spreadsheet\/viewform?formkey=dDB2S3RaUHJtbTNQSGx3MWwyUFlDS1E6MQ\" target=\"_blank\">evalueringsskjemaet<\/a>, slik at neste \u00e5rs brukerm\u00f8te kan bli best mulig.<\/p>\n","protected":false},"excerpt":{"rendered":"<p>Tirsdag 8. mai Innsjekking p\u00e5 Park Hotel Vossevangen 09.00 \u2013 11.00 M\u00f8tetid for fagutvalg som \u00f8nsker det. 11.00 \u2013 12.00 Arbeidsutvalgets m\u00f8te med fagutvalgsledere. Ingen forpliktelser? Nyt Voss! 11.00 -12.00 Deltakerregistrering p\u00e5 konferansehotellet. 12.00 -13.00 Lunsj 13.00 -13.20 Velkommen. \u00c5pning &hellip; <a href=\"https:\/\/www.arbeidsutvalget.no\/?page_id=286\">Les videre <span class=\"meta-nav\">&rarr;<\/span><\/a><\/p>\n","protected":false},"author":14,"featured_media":0,"parent":262,"menu_order":0,"comment_status":"open","ping_status":"open","template":"","meta":{"footnotes":""},"class_list":["post-286","page","type-page","status-publish","hentry"],"_links":{"self":[{"href":"https:\/\/www.arbeidsutvalget.no\/index.php?rest_route=\/wp\/v2\/pages\/286","targetHints":{"allow":["GET"]}}],"collection":[{"href":"https:\/\/www.arbeidsutvalget.no\/index.php?rest_route=\/wp\/v2\/pages"}],"about":[{"href":"https:\/\/www.arbeidsutvalget.no\/index.php?rest_route=\/wp\/v2\/types\/page"}],"author":[{"embeddable":true,"href":"https:\/\/www.arbeidsutvalget.no\/index.php?rest_route=\/wp\/v2\/users\/14"}],"replies":[{"embeddable":true,"href":"https:\/\/www.arbeidsutvalget.no\/index.php?rest_route=%2Fwp%2Fv2%2Fcomments&post=286"}],"version-history":[{"count":14,"href":"https:\/\/www.arbeidsutvalget.no\/index.php?rest_route=\/wp\/v2\/pages\/286\/revisions"}],"predecessor-version":[{"id":288,"href":"https:\/\/www.arbeidsutvalget.no\/index.php?rest_route=\/wp\/v2\/pages\/286\/revisions\/288"}],"up":[{"embeddable":true,"href":"https:\/\/www.arbeidsutvalget.no\/index.php?rest_route=\/wp\/v2\/pages\/262"}],"wp:attachment":[{"href":"https:\/\/www.arbeidsutvalget.no\/index.php?rest_route=%2Fwp%2Fv2%2Fmedia&parent=286"}],"curies":[{"name":"wp","href":"https:\/\/api.w.org\/{rel}","templated":true}]}}