{"id":281,"date":"2012-03-09T17:15:26","date_gmt":"2012-03-09T16:15:26","guid":{"rendered":"http:\/\/www.arbeidsutvalget.no\/?page_id=281"},"modified":"2012-03-09T17:53:16","modified_gmt":"2012-03-09T16:53:16","slug":"invitasjon","status":"publish","type":"page","link":"https:\/\/www.arbeidsutvalget.no\/?page_id=281","title":{"rendered":"Invitasjon"},"content":{"rendered":"<h2><strong> INVITASJON TIL BRUKERM\u00d8TE P\u00c5 VOSS 8. &#8211; 9. MAI 2012<\/strong><\/h2>\n<p><strong>P\u00e5meldingsfrist: mandag 12. mars 2012<\/strong> &#8211; v\u00e6r snill \u00e5 overholde fristen.<\/p>\n<p dir=\"LTR\">I \u00e5r har vi gleden av \u00e5 invitere deg til brukerm\u00f8te p\u00e5 Voss tirsdag 8. og onsdag 9. mai 2012 p\u00e5 <a href=\"http:\/\/www.parkvoss.no\/\">Park Hotel Vossevangen<\/a>.<\/p>\n<p dir=\"LTR\">Vi har satt sammen et faglig program som vi h\u00e5per vil gi deg inspirasjon og faglig p\u00e5fyll du kan ta med hjem og bruke i eget bibliotek. Faste poster er ogs\u00e5 p\u00e5 plass, med nytt fra bibliotekene og gruppearbeid, og selvf\u00f8lgelig presentasjoner fra Bibliotek-Systemer AS. P\u00e5 brukerm\u00f8tet f\u00e5r du kunnskap om Bibliofil og hva som er nytt, og du f\u00e5r muligheten til \u00e5 diskutere med andre som er opptatt av det samme som deg.<\/p>\n<p dir=\"LTR\">De siste \u00e5rene har vi hatt et hovedtema p\u00e5 brukerm\u00f8tet, og i \u00e5r gleder vi oss til \u00e5 h\u00f8re om morgendagens bibliotekbrukere:<\/p>\n<p><span style=\"font-family: Arial;\"><span style=\"font-family: Arial;\"><strong> Hvem er morgendagens bibliotekbruker?<\/strong> ved Kristian Singstad P\u00e5lshaugen\u00a0<\/span><\/span><\/p>\n<p>Folks hverdag blir stadig mer digital. Smarttelefoner med konstant internettilgang har blitt en selvf\u00f8lge, vi kommuniserer i stadig st\u00f8rre grad gjennom sosiale medier, og kultur- og medieprodukter som musikk, film, magasiner og b\u00f8ker blir i stadig st\u00f8rre grad digitale. Det som en gang var ny og spennende teknologi blir raskt bare en naturlig del av hvordan vi lever, n\u00e6rmest uten at vi tenker over det. Og utviklingen g\u00e5r stadig i rasende tempo.<\/p>\n<p>Hvor er den digitale forbruker p\u00e5 vei? Hvordan vil dette p\u00e5virke hvordan de tenker og hvilke forventninger de har? Hvordan kan bibliotekene fortsette \u00e5 v\u00e6re en viktig formidler ogs\u00e5 i den nye, digitale hverdagen? Foredraget vil ta for seg de viktigste digitale trendene som er i emning, og se p\u00e5 hvordan dette p\u00e5virker oss som digitale mennesker. Det vil ogs\u00e5 se p\u00e5 hvordan bibliotekbransjen kan tenke for \u00e5 tilpasse seg en hverdag der det \u00e5 levere helhetlig tjenester snarere enn fysiske produkter blir stadig viktigere.<\/p>\n<p>Om foredragsholderen:<br \/>\nKristian Singstad P\u00e5lshaugen er senior konseptutvikler og interaksjonsdesigner i det digitale design- og kommunikasjonsselskapet Halogen. Han har over 10 \u00e5rs erfaring med \u00e5 skape gode digitale brukeropplevelser, og har i en \u00e5rrekke skrevet om digitale trender og hvordan de p\u00e5virker oss.<\/p>\n<p dir=\"LTR\"><a href=\"https:\/\/www.arbeidsutvalget.no\/?page_id=286\">Program<\/a> \u2013 med forbehold om endringer.<\/p>\n<p dir=\"LTR\">P\u00e5melding til Bibliotek-Systemer AS ved Bente Hasle. Benytt <a href=\"https:\/\/www.arbeidsutvalget.no\/cgi-bin\/webmail?form=brukermote2012\">p\u00e5meldingsskjema<\/a>.<\/p>\n<p><strong>Innspill<\/strong><\/p>\n<p>Forslag til saker som \u00f8nskes tatt opp p\u00e5 brukerm\u00f8tet m\u00e5 sendes til Arbeidsutvalget (e-post: <a href=\"mailto:arbutvalg@bibliofil.no\">arbutvalg@bibliofil.no<\/a> innen <strong>30.mars<\/strong>. (Saker innkommet etter dette tidspunktet vil ikke bli behandlet)<\/p>\n<p dir=\"LTR\">Sp\u00f8rsm\u00e5l til Bibliotek-Systemer AS sendes Arbeidsutvalget innen <strong>30.mars.<\/strong><\/p>\n<p dir=\"LTR\">Sp\u00f8rsm\u00e5lene vil bli lest opp og kommentert p\u00e5 m\u00f8tet. Svar fra Bibliotek-Systemer AS vil bli lagt ut p\u00e5 Bibliofilforeningens nettsted i etterkant av m\u00f8tet.<\/p>\n<p><strong>Kurs<\/strong><\/p>\n<p>Bibliotek-Systemer AS vil ogs\u00e5 i \u00e5r arrangere kurs dagen f\u00f8r selve brukerm\u00f8tet (mandag 7. mai). Tittel p\u00e5 kurset er <strong> &raquo; P\u00e5fyll for systemansvarlige i Bibliofil&raquo;<\/strong>. Egen p\u00e5melding p\u00e5 dette kurset, se kursinvitasjon fra Bibliotek-Systemer AS.<\/p>\n<p>P\u00e5meldingsfrist til kurset: mandag 12. mars 2012<\/p>\n<p>&nbsp;<\/p>\n<p><strong>Praktisk informasjon<\/strong><\/p>\n<p dir=\"LTR\"><strong>Reise til Voss<\/strong><\/p>\n<p dir=\"LTR\">Fly:<br \/>\nFly til m\u00f8tet med gunstige kurs- og konferansepriser<\/p>\n<p dir=\"LTR\">I forbindelse med deltagelse p\u00e5 Brukerm\u00f8te Bibliofil har SAS og Wider\u00f8e gleden av \u00e5 tilby deg 10% Kurs- og konferanserabatt p\u00e5 v\u00e5re publiserte priser med unntak av v\u00e5re aller laveste priser som er rabattert med 2%. Billettene bestiller du enkelt via denne linken: <a href=\"http:\/\/www.wideroe.no\/bestillkonferanse\">http:\/\/www.wideroe.no\/bestillkonferanse<\/a>. Logg deg inn med arrangementskode <strong>NO18968<\/strong><\/p>\n<p dir=\"LTR\">Norwegian: ingen spesielle rabatter<\/p>\n<p dir=\"LTR\">Buss:<br \/>\n<span style=\"font-family: Arial;\">For de som kommer med fly til Bergen (Flesland) tirsdag morgen, setter vi opp en egen buss til Voss, for \u00e5 gj\u00f8re reisen enklere. Prisen p\u00e5 bussen vil ligge mellom kr 238 og kr 550 avhengig av antallet som melder seg p\u00e5 dette tilbudet. Prisen gjelder tur\/retur. Minimum antall passasjerer: 20, maks 45.\u00a0 <\/span><\/p>\n<p dir=\"LTR\"><span style=\"font-family: Arial;\"> Avgangstider buss blir som f\u00f8lger:<br \/>\nTirsdag 8. mai kl.10.00\u00a0fra Flesland, ankomst Voss ca kl. 11.45<\/span><br \/>\n<span style=\"font-family: Arial;\">Retur Onsdag 9. mai kl. 15.15 fra Voss, ankomst Flesland ca kl. 17.00\u00a0<\/span><\/p>\n<p dir=\"LTR\">Tog:<br \/>\nAnkommer du med toget, ligger hotellet i kort gangavstand fra jernbanestasjonen.<br \/>\nAnkommer du med nattoget kan det v\u00e6re mulig \u00e5 disponere rom p\u00e5 hotellet allerede ved ankomst. Sp\u00f8r i resepsjonen.<\/p>\n<p dir=\"LTR\">Bil:<br \/>\nHotellet disponerer noen parkeringsplasser.<\/p>\n<p dir=\"LTR\"><strong>Sosialt<\/strong><\/p>\n<p dir=\"LTR\">Tirsdag kveld inviteres du til en mottagelse p\u00e5 flotte <strong> Voss bibliotek<\/strong>. Biblioteket ligger i kulturhuset som stod ferdig 6. januar 2011. Det blir litt \u00e5 drikke, litt underholdning og mulighet til \u00e5 se et av landets fineste biblioteklokaler.<\/p>\n<p dir=\"LTR\">I tillegg til det faglige programmet er brukerm\u00f8tet en fin anledning til \u00e5 m\u00f8te kolleger i andre bibliotek. Erfaringsutveksling b\u00e5de i og utenfor det oppsatte programmet er en viktig del av m\u00f8tet.<\/p>\n<p dir=\"LTR\"><strong>Meny<\/strong><\/p>\n<p dir=\"LTR\">Lunsj tirsdag: lunsjbuffet<\/p>\n<p dir=\"LTR\">Tirsdag kveld er det festmiddag p\u00e5 Park Hotel Vossevangen.<\/p>\n<p dir=\"LTR\">Fenal\u00e5rruller med sn\u00f8friskkrem<br \/>\nOksefilet med vinsaus, pastinakkpur\u00e9 og krydderstekte poteter<br \/>\nSitronterte med sorb\u00e9t og r\u00f8rte jordb\u00e6r<\/p>\n<p dir=\"LTR\">Lunsj onsdag: lunsjbuffet<\/p>\n<p>&nbsp;<\/p>\n<p dir=\"LTR\"><strong>Priser<\/strong><\/p>\n<p dir=\"LTR\">M\u00f8tet med en overnatting i enkeltrom og alle m\u00e5ltider: 2300,-.<\/p>\n<p dir=\"LTR\">Alternativ for deltagere som ikke skal overnatte:<br \/>\nM\u00f8te 8. og 9.mai, uten overnatting, inkl lunsj, kaffepauser og festmiddag: 1650,-<br \/>\nM\u00f8te 8. mai med kaffepauser, lunsj og middag: 1200,-<br \/>\nM\u00f8te 8. mai inkl kaffepauser og lunsj: 450,-<br \/>\nM\u00f8te 9. mai inkl kaffepauser og lunsj: 450,-<\/p>\n<p dir=\"LTR\">Ekstra overnatting p\u00e5 hotellet pr natt\/person kr 975,- i enkeltrom, eller kr 625,- pr person i dobbeltrom.<\/p>\n<p dir=\"LTR\">Vi i Arbeidsutvalget \u00f8nsker alle velkommen til brukerm\u00f8tet 2012 p\u00e5 Voss \u2013 og vi vil spesielt \u00f8nske nye bibliofilbrukere velkommen. Ta gjerne kontakt med oss dersom dere \u00f8nsker flere opplysninger.<\/p>\n<p dir=\"LTR\"><strong>P\u00e5meldingsfrist: mandag 12. mars 2012<\/strong><\/p>\n<p dir=\"LTR\"><span style=\"color: #ff0000;\"><strong>Velkommen til Voss!<\/strong><\/span><\/p>\n<p dir=\"LTR\"><a href=\"https:\/\/www.arbeidsutvalget.no\/cgi-bin\/webmail?form=brukermote2012\">P\u00e5meldingsskjema<\/a><br \/>\nAsbj\u00f8rns informasjon om attraksjoner, spisesteder etc<br \/>\nKart over Voss<br \/>\nInvitasjon til middag med AU mandag 7. mai kl.19.00 \u2013 egen p\u00e5melding<\/p>\n","protected":false},"excerpt":{"rendered":"<p>INVITASJON TIL BRUKERM\u00d8TE P\u00c5 VOSS 8. &#8211; 9. MAI 2012 P\u00e5meldingsfrist: mandag 12. mars 2012 &#8211; v\u00e6r snill \u00e5 overholde fristen. I \u00e5r har vi gleden av \u00e5 invitere deg til brukerm\u00f8te p\u00e5 Voss tirsdag 8. og onsdag 9. mai &hellip; <a href=\"https:\/\/www.arbeidsutvalget.no\/?page_id=281\">Les videre <span class=\"meta-nav\">&rarr;<\/span><\/a><\/p>\n","protected":false},"author":14,"featured_media":0,"parent":262,"menu_order":0,"comment_status":"open","ping_status":"open","template":"","meta":{"footnotes":""},"class_list":["post-281","page","type-page","status-publish","hentry"],"_links":{"self":[{"href":"https:\/\/www.arbeidsutvalget.no\/index.php?rest_route=\/wp\/v2\/pages\/281","targetHints":{"allow":["GET"]}}],"collection":[{"href":"https:\/\/www.arbeidsutvalget.no\/index.php?rest_route=\/wp\/v2\/pages"}],"about":[{"href":"https:\/\/www.arbeidsutvalget.no\/index.php?rest_route=\/wp\/v2\/types\/page"}],"author":[{"embeddable":true,"href":"https:\/\/www.arbeidsutvalget.no\/index.php?rest_route=\/wp\/v2\/users\/14"}],"replies":[{"embeddable":true,"href":"https:\/\/www.arbeidsutvalget.no\/index.php?rest_route=%2Fwp%2Fv2%2Fcomments&post=281"}],"version-history":[{"count":2,"href":"https:\/\/www.arbeidsutvalget.no\/index.php?rest_route=\/wp\/v2\/pages\/281\/revisions"}],"predecessor-version":[{"id":289,"href":"https:\/\/www.arbeidsutvalget.no\/index.php?rest_route=\/wp\/v2\/pages\/281\/revisions\/289"}],"up":[{"embeddable":true,"href":"https:\/\/www.arbeidsutvalget.no\/index.php?rest_route=\/wp\/v2\/pages\/262"}],"wp:attachment":[{"href":"https:\/\/www.arbeidsutvalget.no\/index.php?rest_route=%2Fwp%2Fv2%2Fmedia&parent=281"}],"curies":[{"name":"wp","href":"https:\/\/api.w.org\/{rel}","templated":true}]}}