{"id":2803,"date":"2023-03-30T12:03:20","date_gmt":"2023-03-30T11:03:20","guid":{"rendered":"https:\/\/www.arbeidsutvalget.no\/?page_id=2803"},"modified":"2023-03-30T12:03:20","modified_gmt":"2023-03-30T11:03:20","slug":"saksliste-til-arsmote","status":"publish","type":"page","link":"https:\/\/www.arbeidsutvalget.no\/?page_id=2803","title":{"rendered":"Saksliste til \u00e5rsm\u00f8te"},"content":{"rendered":"\n<h2 class=\"wp-block-heading\">Innkalling til \u00e5rsm\u00f8te i Bibliofilforeningen 2023<\/h2>\n\n\n\n<p>Sted: Thon Hotell Rosenkrantz<\/p>\n\n\n\n<p>Dato og klokkeslett: 26. april 2023 kl. 11.00<\/p>\n\n\n\n<h3 class=\"wp-block-heading\"><strong>Saksliste<\/strong><\/h3>\n\n\n\n<p>1.&nbsp;&nbsp;&nbsp;&nbsp;&nbsp;&nbsp;Valg av m\u00f8teleder<br>2.&nbsp;&nbsp;&nbsp;&nbsp;&nbsp;&nbsp;Valg av referent<br>3.&nbsp;&nbsp;&nbsp;&nbsp;&nbsp;&nbsp;Godkjenning av innkalling<br>4.&nbsp;&nbsp;&nbsp;&nbsp;&nbsp;&nbsp;Godkjenning av saksliste<br>5.&nbsp;&nbsp;&nbsp;&nbsp;&nbsp;&nbsp;\u00c5rsberetning 2022-2023<br>6.&nbsp;&nbsp;&nbsp;&nbsp;&nbsp;&nbsp;Regnskap 2022<br>7.&nbsp;&nbsp;&nbsp;&nbsp;&nbsp;&nbsp;Valg<br>8.&nbsp;&nbsp;&nbsp;&nbsp;&nbsp;&nbsp;Innkomne saker<\/p>\n\n\n\n<p>Saker som \u00f8nskes tatt opp p\u00e5 \u00e5rsm\u00f8tet m\u00e5 meldes styret p\u00e5 epost:&nbsp;<a rel=\"noreferrer noopener\" href=\"mailto:arbutvalget@bibliofil.no\" target=\"_blank\">arbutvalget@bibliofil.no<\/a>&nbsp;innen den 12.4.23.<\/p>\n\n\n\n<p><\/p>\n","protected":false},"excerpt":{"rendered":"<p>Innkalling til \u00e5rsm\u00f8te i Bibliofilforeningen 2023 Sted: Thon Hotell Rosenkrantz Dato og klokkeslett: 26. april 2023 kl. 11.00 Saksliste 1.&nbsp;&nbsp;&nbsp;&nbsp;&nbsp;&nbsp;Valg av m\u00f8teleder2.&nbsp;&nbsp;&nbsp;&nbsp;&nbsp;&nbsp;Valg av referent3.&nbsp;&nbsp;&nbsp;&nbsp;&nbsp;&nbsp;Godkjenning av innkalling4.&nbsp;&nbsp;&nbsp;&nbsp;&nbsp;&nbsp;Godkjenning av saksliste5.&nbsp;&nbsp;&nbsp;&nbsp;&nbsp;&nbsp;\u00c5rsberetning 2022-20236.&nbsp;&nbsp;&nbsp;&nbsp;&nbsp;&nbsp;Regnskap 20227.&nbsp;&nbsp;&nbsp;&nbsp;&nbsp;&nbsp;Valg8.&nbsp;&nbsp;&nbsp;&nbsp;&nbsp;&nbsp;Innkomne saker Saker som \u00f8nskes tatt opp p\u00e5 \u00e5rsm\u00f8tet m\u00e5 meldes &hellip; <a href=\"https:\/\/www.arbeidsutvalget.no\/?page_id=2803\">Les videre <span class=\"meta-nav\">&rarr;<\/span><\/a><\/p>\n","protected":false},"author":14,"featured_media":0,"parent":2770,"menu_order":0,"comment_status":"closed","ping_status":"closed","template":"","meta":{"footnotes":""},"class_list":["post-2803","page","type-page","status-publish","hentry"],"_links":{"self":[{"href":"https:\/\/www.arbeidsutvalget.no\/index.php?rest_route=\/wp\/v2\/pages\/2803","targetHints":{"allow":["GET"]}}],"collection":[{"href":"https:\/\/www.arbeidsutvalget.no\/index.php?rest_route=\/wp\/v2\/pages"}],"about":[{"href":"https:\/\/www.arbeidsutvalget.no\/index.php?rest_route=\/wp\/v2\/types\/page"}],"author":[{"embeddable":true,"href":"https:\/\/www.arbeidsutvalget.no\/index.php?rest_route=\/wp\/v2\/users\/14"}],"replies":[{"embeddable":true,"href":"https:\/\/www.arbeidsutvalget.no\/index.php?rest_route=%2Fwp%2Fv2%2Fcomments&post=2803"}],"version-history":[{"count":1,"href":"https:\/\/www.arbeidsutvalget.no\/index.php?rest_route=\/wp\/v2\/pages\/2803\/revisions"}],"predecessor-version":[{"id":2805,"href":"https:\/\/www.arbeidsutvalget.no\/index.php?rest_route=\/wp\/v2\/pages\/2803\/revisions\/2805"}],"up":[{"embeddable":true,"href":"https:\/\/www.arbeidsutvalget.no\/index.php?rest_route=\/wp\/v2\/pages\/2770"}],"wp:attachment":[{"href":"https:\/\/www.arbeidsutvalget.no\/index.php?rest_route=%2Fwp%2Fv2%2Fmedia&parent=2803"}],"curies":[{"name":"wp","href":"https:\/\/api.w.org\/{rel}","templated":true}]}}