{"id":2772,"date":"2023-01-30T09:29:54","date_gmt":"2023-01-30T08:29:54","guid":{"rendered":"https:\/\/www.arbeidsutvalget.no\/?page_id=2772"},"modified":"2023-01-30T09:29:54","modified_gmt":"2023-01-30T08:29:54","slug":"invitasjon","status":"publish","type":"page","link":"https:\/\/www.arbeidsutvalget.no\/?page_id=2772","title":{"rendered":"Invitasjon"},"content":{"rendered":"\n<h2 class=\"wp-block-heading\">Velkommen til Bibliofilforeningens Brukerm\u00f8te 2023!<\/h2>\n\n\n\n<p>Vi har gleden av \u00e5 invitere dere til Bergen tirsdag 25. april og onsdag 26. april. 2023.<\/p>\n\n\n\n<p>Brukerm\u00f8tet starter med lunsj kl. 12.00 p\u00e5 tirsdag, og varer til ca. kl. 15.00 p\u00e5 onsdag.<\/p>\n\n\n\n<p>Bibliotekarene i Bibliotek-Systemer benytter anledningen til \u00e5 avholde kurset: \u00abHvor *#*#* finner jeg\u2026.?\u00bb i forkant av Brukerm\u00f8te. Dette kurset blir holdt mandag 24. april p\u00e5 Thon Hotel Rosenkrantz Bergen. Vi starter ogs\u00e5 denne dagen med lunsj kl. 12.00 f\u00f8r vi g\u00e5r til kurslokalet ca. kl. 13.00. Det blir tatt utgangspunkt i innmeldte problemer og i tillegg blir det vist nyttige funksjoner i Bibliofil. Det vil v\u00e6re mulighet for \u00e5 stille sp\u00f8rsm\u00e5l underveis. Kurset varer til ca. kl. 17.00.<\/p>\n\n\n\n<p><a rel=\"noreferrer noopener\" href=\"https:\/\/bibsyst.no\/pamelding-til-brukermote-i-bergen-25-26-april-2023\/\" data-type=\"URL\" data-id=\"https:\/\/bibsyst.no\/pamelding-til-brukermote-i-bergen-25-26-april-2023\/\" target=\"_blank\">P\u00e5melding her innen <strong>21.mars<\/strong><\/a>.<\/p>\n\n\n\n<p>\u00c5rets Brukerm\u00f8te er lagt til Thon Hotel Rosenkrantz i hjertet av Bergen sentrum.<\/p>\n\n\n\n<p>Det er ca. 10 minutter \u00e5 g\u00e5 til Bergen Offentlige Bibliotek hvor vi er invitert til en omvisning i l\u00f8pet av Brukerm\u00f8te. Selskapsmiddagen tirsdag kveld blir servert p\u00e5 Bergens eldste restaurant: Bryggeloftet &amp; Stuene restaurant. Denne restauranten er drevet av samme familie siden starten i 1910.<\/p>\n\n\n\n<p>Hvordan reise fra Bergen Lufthavn, Flesland til Bergen sentrum? Les her: <a href=\"https:\/\/avinor.no\/flyplass\/bergen\/til-og-fra-flyplassen\/buss-og-taxi\/buss-og-taxi\">https:\/\/avinor.no\/flyplass\/bergen\/til-og-fra-flyplassen\/buss-og-taxi\/buss-og-taxi<\/a><\/p>\n\n\n\n<p><strong>Innhold<\/strong><\/p>\n\n\n\n<p>Arbeidsutvalget har satt sammen et variert og faglig godt program med spennende foredragsholdere, nyheter fra Bibliofil og \u00e5rsm\u00f8te for Bibliofilforeningen. Programmet kommer snart.<\/p>\n\n\n\n<p><\/p>\n\n\n\n<p><strong>Om Bergen<\/strong><\/p>\n\n\n\n<p>Byen mellom de syv fjell, Vestlandets hovedstad og Nordens paradis \u2013 et kj\u00e6rt barn har mange navn. I Bergen sentrum er avstandene sm\u00e5, man kan lett spasere fra Nordnesparken til Stadsporten p\u00e5 en halv time, med Fl\u00f8ybanen eller Ulriksbanen er veien kort til fine turopplevelser og en str\u00e5lende utsikt over Bergen. \u00d8vregaten, Marken, Fisketorget, Bryggen og Torgallmenningen byr alle p\u00e5 spennende opplevelser, enten det er arkitektur, kultur eller shopping som frister. Bergen er formet av en rekke bybranner, den st\u00f8rste i 1916, da store deler av Bergen sentrum ble lagt i aske. Bryggen i Bergen, et lite steinkast fra Hotell Rosenkrantz, best\u00e5r stort sett av bygninger som overlevde bybrannen i 1702 og er med p\u00e5 UNESCOs verdensarvliste. Bryggen har ved flere anledninger v\u00e6rt truet av sanering, b\u00e5de da bygningene ble skadet i en sprengningsulykke i 1944 og av brann i 1955. Fortsetter man forbi Bryggen kommer man til Bergenhus festning som best\u00e5r blant annet av Rosenkrantz-t\u00e5rnet og H\u00e5konshallen. T\u00e5rnet er oppkalt etter Erik Ottesen Rosenkrantz som var lensherre p\u00e5 festningen 1560-67. H\u00e5konshallen ble oppf\u00f8rt av H\u00e5kon H\u00e5konsson som kongebolig og festhall. Rett utenfor festningsmurene finner man Kongen som i dag brukes til store utend\u00f8rskonserter. Et par minutters gange fra Bergenhus festing ligger Mariakirken, som regnes for Bergens eldste intakte bygning \u2013 stort sett uendret siden 1270-tallet. Her kunne man ogs\u00e5 l\u00e5ne b\u00f8ker s\u00e5 tidlig som i 1317. Bergenserne liker \u00e5 skille seg litt ut, vi har ikke 17-mai tog, men prosesjon, her har vi verdens st\u00f8rste pepperkakeby og verdens h\u00f8yeste t\u00f8nneb\u00e5l p\u00e5 St. Hans, bare for \u00e5 nevne noe. Og hvis du tar Bybanen fra Flesland til sentrum er du innom b\u00e5de Paradis og Florida p\u00e5 veien.<\/p>\n","protected":false},"excerpt":{"rendered":"<p>Velkommen til Bibliofilforeningens Brukerm\u00f8te 2023! Vi har gleden av \u00e5 invitere dere til Bergen tirsdag 25. april og onsdag 26. april. 2023. Brukerm\u00f8tet starter med lunsj kl. 12.00 p\u00e5 tirsdag, og varer til ca. kl. 15.00 p\u00e5 onsdag. Bibliotekarene i &hellip; <a href=\"https:\/\/www.arbeidsutvalget.no\/?page_id=2772\">Les videre <span class=\"meta-nav\">&rarr;<\/span><\/a><\/p>\n","protected":false},"author":14,"featured_media":0,"parent":2770,"menu_order":0,"comment_status":"closed","ping_status":"closed","template":"","meta":{"footnotes":""},"class_list":["post-2772","page","type-page","status-publish","hentry"],"_links":{"self":[{"href":"https:\/\/www.arbeidsutvalget.no\/index.php?rest_route=\/wp\/v2\/pages\/2772","targetHints":{"allow":["GET"]}}],"collection":[{"href":"https:\/\/www.arbeidsutvalget.no\/index.php?rest_route=\/wp\/v2\/pages"}],"about":[{"href":"https:\/\/www.arbeidsutvalget.no\/index.php?rest_route=\/wp\/v2\/types\/page"}],"author":[{"embeddable":true,"href":"https:\/\/www.arbeidsutvalget.no\/index.php?rest_route=\/wp\/v2\/users\/14"}],"replies":[{"embeddable":true,"href":"https:\/\/www.arbeidsutvalget.no\/index.php?rest_route=%2Fwp%2Fv2%2Fcomments&post=2772"}],"version-history":[{"count":2,"href":"https:\/\/www.arbeidsutvalget.no\/index.php?rest_route=\/wp\/v2\/pages\/2772\/revisions"}],"predecessor-version":[{"id":2774,"href":"https:\/\/www.arbeidsutvalget.no\/index.php?rest_route=\/wp\/v2\/pages\/2772\/revisions\/2774"}],"up":[{"embeddable":true,"href":"https:\/\/www.arbeidsutvalget.no\/index.php?rest_route=\/wp\/v2\/pages\/2770"}],"wp:attachment":[{"href":"https:\/\/www.arbeidsutvalget.no\/index.php?rest_route=%2Fwp%2Fv2%2Fmedia&parent=2772"}],"curies":[{"name":"wp","href":"https:\/\/api.w.org\/{rel}","templated":true}]}}