{"id":272,"date":"2012-03-09T08:54:48","date_gmt":"2012-03-09T07:54:48","guid":{"rendered":"http:\/\/www.arbeidsutvalget.no\/?page_id=272"},"modified":"2025-05-13T08:27:27","modified_gmt":"2025-05-13T07:27:27","slug":"arsmelding-20112012","status":"publish","type":"page","link":"https:\/\/www.arbeidsutvalget.no\/?page_id=272","title":{"rendered":"\u00c5rsmeldinger"},"content":{"rendered":"<p>\u00c5rsmeldingene fra AU legges frem p\u00e5 brukerm\u00f8tene hvert \u00e5r.<\/p>\n<p><a href=\"https:\/\/www.arbeidsutvalget.no\/?page_id=343\">\u00c5rsmelding 2011\/2012, Voss 9. mai<\/a><\/p>\n<p><a href=\"https:\/\/www.arbeidsutvalget.no\/?page_id=906\">\u00c5rsmelding 2012\/2013, Alta 15. mai<\/a><\/p>\n<p><a href=\"https:\/\/www.arbeidsutvalget.no\/?page_id=1905\">\u00c5rsmelding 2016\/2017, L\u00f8renskog 10. mai<\/a><\/p>\n<p><a href=\"https:\/\/www.arbeidsutvalget.no\/?page_id=2292\">\u00c5rsmelding 2017\/2018, \u00c5lesund 25. april<\/a><\/p>\n<p><a href=\"https:\/\/www.arbeidsutvalget.no\/?page_id=2290\">\u00c5rsmelding 2018\/2019, Stavanger 8. mai<\/a><\/p>\n<p><a href=\"https:\/\/www.arbeidsutvalget.no\/?page_id=2617\">\u00c5rsmelding 2020\/2021 Narvik 29. september<\/a><\/p>\n\n\n<p><a href=\"https:\/\/www.arbeidsutvalget.no\/?page_id=2715\">\u00c5rsmelding 2021\/2022 Kristiansand 11. mai<\/a><\/p>\n\n\n\n<p><a href=\"https:\/\/www.arbeidsutvalget.no\/?page_id=2856\">\u00c5rsmelding 2022\/2023 Bergen 26. april<\/a><\/p>\n\n\n\n<p><a href=\"https:\/\/www.arbeidsutvalget.no\/?page_id=2953\" data-type=\"page\" data-id=\"2953\">\u00c5rsmelding 2023\/2024 Mo i Rana 30. april<\/a><\/p>\n\n\n\n<p><a href=\"https:\/\/www.arbeidsutvalget.no\/?page_id=3052\" data-type=\"page\" data-id=\"3052\">\u00c5rsmelding 2024\/2025 Steinkjer 07. mai<\/a><\/p>\n","protected":false},"excerpt":{"rendered":"<p>\u00c5rsmeldingene fra AU legges frem p\u00e5 brukerm\u00f8tene hvert \u00e5r. \u00c5rsmelding 2011\/2012, Voss 9. mai \u00c5rsmelding 2012\/2013, Alta 15. mai \u00c5rsmelding 2016\/2017, L\u00f8renskog 10. mai \u00c5rsmelding 2017\/2018, \u00c5lesund 25. april \u00c5rsmelding 2018\/2019, Stavanger 8. mai \u00c5rsmelding 2020\/2021 Narvik 29. september \u00c5rsmelding &hellip; <a href=\"https:\/\/www.arbeidsutvalget.no\/?page_id=272\">Les videre <span class=\"meta-nav\">&rarr;<\/span><\/a><\/p>\n","protected":false},"author":14,"featured_media":0,"parent":9,"menu_order":0,"comment_status":"open","ping_status":"open","template":"","meta":{"footnotes":""},"class_list":["post-272","page","type-page","status-publish","hentry"],"_links":{"self":[{"href":"https:\/\/www.arbeidsutvalget.no\/index.php?rest_route=\/wp\/v2\/pages\/272","targetHints":{"allow":["GET"]}}],"collection":[{"href":"https:\/\/www.arbeidsutvalget.no\/index.php?rest_route=\/wp\/v2\/pages"}],"about":[{"href":"https:\/\/www.arbeidsutvalget.no\/index.php?rest_route=\/wp\/v2\/types\/page"}],"author":[{"embeddable":true,"href":"https:\/\/www.arbeidsutvalget.no\/index.php?rest_route=\/wp\/v2\/users\/14"}],"replies":[{"embeddable":true,"href":"https:\/\/www.arbeidsutvalget.no\/index.php?rest_route=%2Fwp%2Fv2%2Fcomments&post=272"}],"version-history":[{"count":10,"href":"https:\/\/www.arbeidsutvalget.no\/index.php?rest_route=\/wp\/v2\/pages\/272\/revisions"}],"predecessor-version":[{"id":3056,"href":"https:\/\/www.arbeidsutvalget.no\/index.php?rest_route=\/wp\/v2\/pages\/272\/revisions\/3056"}],"up":[{"embeddable":true,"href":"https:\/\/www.arbeidsutvalget.no\/index.php?rest_route=\/wp\/v2\/pages\/9"}],"wp:attachment":[{"href":"https:\/\/www.arbeidsutvalget.no\/index.php?rest_route=%2Fwp%2Fv2%2Fmedia&parent=272"}],"curies":[{"name":"wp","href":"https:\/\/api.w.org\/{rel}","templated":true}]}}