{"id":2657,"date":"2022-03-01T12:46:19","date_gmt":"2022-03-01T11:46:19","guid":{"rendered":"https:\/\/www.arbeidsutvalget.no\/?page_id=2657"},"modified":"2022-05-20T11:23:28","modified_gmt":"2022-05-20T10:23:28","slug":"velkommen-til-bibliofilforeningens-brukermote-i-kristiansand-10-og-11-mai-2022","status":"publish","type":"page","link":"https:\/\/www.arbeidsutvalget.no\/?page_id=2657","title":{"rendered":"Invitasjon"},"content":{"rendered":"\n<h2 class=\"wp-block-heading\">Velkommen til Bibliofilforeningens Brukerm\u00f8te i Kristiansand 10. og 11. mai 2022<\/h2>\n\n\n\n<p>Vi har gleden av \u00e5 invitere dere til Bibliofilforeningens Brukerm\u00f8te i Kristiansand tirsdag 10. til onsdag 11. mai 2022. M\u00f8tet varer fra kl. 12 p\u00e5 tirsdagen til kl. 15 p\u00e5 onsdagen. Det er mulighet for \u00e5 bestille ekstra overnatting for de som \u00f8nsker det. For den som vil benytte anledningen til \u00e5 v\u00e6re med p\u00e5 kurset: <em>Hvordan jobbe effektivt med snarveier og tilpassede innstillinger i Bibliofil<\/em>, vil det v\u00e6re mulighet for dette p\u00e5 mandag 9. mai.<\/p>\n\n\n\n<p><a rel=\"noreferrer noopener\" href=\"https:\/\/bibsyst.no\/pamelding-til-brukermotet-2022\/\" data-type=\"URL\" data-id=\"https:\/\/bibsyst.no\/pamelding-til-brukermotet-2022\/\" target=\"_blank\">P\u00e5melding her innen 1. april<\/a><\/p>\n\n\n\n<p>Brukerm\u00f8tet er lagt til vakre Clarion Ernst Hotel, Kristiansands eldste hotell. Hotellet ligger et steinkast fra Torvet i Kristiansand hvor hovedbiblioteket holder til i Kunstens og Litteraturens hus. Vi er invitert hit p\u00e5 mottakelse og omvisning p\u00e5 ettermiddagen 10. mai f\u00f8r vi drar videre med buss til festmiddag p\u00e5 Mannskapsmessa p\u00e5 Odder\u00f8ya med flott utsikt over fjorden, nesten til Danmark.<\/p>\n\n\n\n<h4 class=\"wp-block-heading\">Innhold<\/h4>\n\n\n\n<p>Arbeidsutvalget har satt sammen et variert og faglig godt program med spennende eksterne foredragsholdere, nyheter fra Bibliofil og \u00e5rsm\u00f8te for Bibliofilforeningen. <a href=\"https:\/\/www.arbeidsutvalget.no\/?page_id=2666\" data-type=\"page\" data-id=\"2666\">Programmet finner du her.<\/a><\/p>\n\n\n\n<h4 class=\"wp-block-heading\">Om Kristiansand<\/h4>\n\n\n\n<p>Kristiansand er en liten storby, med et sjarmerende sentrum, Kvadraturen, best\u00e5ende av rette gater anlagt p\u00e5 befaling av Kong Kristian IV. I Kvadraturen finner du g\u00e5gata Markens, handlegaten med nisjebutikker og st\u00f8rre og mindre handlesentre. Deler av kvadraturen best\u00e5r av gammel hvitmalt trehusbebyggelse og kalles Posebyen. Navnet skal visstnok stamme fra de franske ordet \u00abrepos\u00bb som betyr hvilested. Innbyggeren i Posebyen fikk gode inntekter av \u00e5 innlosjere soldater fra festningene. Apropos festninger; Odder\u00f8ya som tidligere var forbeholdt Forsvaret, er n\u00e5 et yndet friluftsomr\u00e5de med turstier og badeplasser. Her finnes ogs\u00e5 gallerier, verksteder og musikkstudioer, og er blitt et viktig sted for byens kunstnere. Ved foten av Odder\u00f8ya ligger Kilden teater og konserthus. Like ved bygges nytt kunstmuseum i de gamle siloene p\u00e5 kaia. Andre ting som er verdt en tur er Fiskebrygga med sine restauranter og ikke minst fiskeutsalg. Fra fiskebrygga er det en nydelig tursti, kalt Strandpromenaden, som g\u00e5r gjennom Nupen parken, forbi Christiansholm festning og tresse, videre mot bystranda og opp langs Otra mot Eg ved sykehuset. Alt i alt rommer Kvadraturen, som strekker seg bare en kilometer i hver retning, et mangfold av kultur, shopping og naturopplevelser.<\/p>\n\n\n\n<p>Link til Google-kart med markert bibliotek, hotell, restaurant og busstasjon: <a rel=\"noreferrer noopener\" href=\"https:\/\/www.google.com\/maps\/d\/u\/0\/edit?mid=1_vEvqrSgnq6MFrEyPs3VMe3RfW8rVBhm&amp;usp=sharing\" target=\"_blank\">https:\/\/www.google.com\/maps\/d\/u\/0\/edit?mid=1_vEvqrSgnq6MFrEyPs3VMe3RfW8rVBhm&amp;usp=sharing<\/a>&nbsp;<\/p>\n\n\n\n<h4 class=\"wp-block-heading\">Reise til Kristiansand<\/h4>\n\n\n\n<p>Det g\u00e5r direkte fly fra Oslo, Bergen, Trondheim, Bod\u00f8 og Harstad\/ Narvik til Kjevik. Ellers er det god tog- og bussforbindelser til Kristiansand. Hotellet ligger i gangavstand p\u00e5 ca.5 min fra tog- og rutebilstasjonen.&nbsp;<\/p>\n\n\n\n<h4 class=\"wp-block-heading\">Til og fra Kjevik<\/h4>\n\n\n\n<p>Buss med avgang ca. hver time frem til kl. 17.55: <a rel=\"noreferrer noopener\" href=\"https:\/\/www.akt.no\/_f\/i58b478f1-7074-4ef1-81a8-780d0e3aa18b\/35-36-kristiansand-tveit-birkeland.pdf\" target=\"_blank\">https:\/\/www.akt.no\/_f\/i58b478f1-7074-4ef1-81a8-780d0e3aa18b\/35-36-kristiansand-tveit-birkeland.pdf<\/a>, se tabell for linje 35 \u2013 Birkeland-Tveit-Kjevik-Kristiansand. Reisetid: ca 30 min.&nbsp;<br>Det er ogs\u00e5 mulig \u00e5 ta taxi med fast pris til hotellet. Reisetid ca. 25 min.\u00bb&nbsp;<\/p>\n\n\n\n<h3 class=\"has-text-align-center wp-block-heading\">Priser<\/h3>\n\n\n\n<p><\/p>\n\n\n\n<ul class=\"wp-block-list\"><li>S\u00f8ndag 8.mai: &nbsp;<ul><li>Overnatting, kr 1140 pr. enkeltrom&nbsp;<\/li><\/ul><\/li><li>&nbsp;<\/li><li>Mandag 9.mai: &nbsp;<ul><li>Kurs, inkludert lunsj fra kl. 12.00 \u2013 til ca.kl. 17.00, kr 1000 pr. person&nbsp;<\/li><li>Middag, fra kl. 18.30 &#8211; 21.00, kr 198 pr. person&nbsp;<\/li><li>Overnatting, kr 1140 pr. enkeltrom&nbsp;<\/li><\/ul><\/li><li>&nbsp;<\/li><li>Tirsdag, 10 mai:&nbsp;<ul><li>Konferanse, kr 550 pr. person&nbsp;<\/li><li>Selskapsmiddag p\u00e5 Mannskapsmessa, kr 800 pr. person&nbsp;<\/li><li>Overnatting, kr 1240 pr. enkeltrom&nbsp;<\/li><\/ul><\/li><li>&nbsp;<\/li><li>Onsdag 11.mai:&nbsp;<ul><li>Konferanse, kr 625 pr. person&nbsp;<\/li><\/ul><\/li><\/ul>\n\n\n\n<p>Velkommen til brukerm\u00f8tet!<\/p>\n\n\n\n<p>Hilsen Arbeidsutvalget<\/p>\n","protected":false},"excerpt":{"rendered":"<p>Velkommen til Bibliofilforeningens Brukerm\u00f8te i Kristiansand 10. og 11. mai 2022 Vi har gleden av \u00e5 invitere dere til Bibliofilforeningens Brukerm\u00f8te i Kristiansand tirsdag 10. til onsdag 11. mai 2022. M\u00f8tet varer fra kl. 12 p\u00e5 tirsdagen til kl. 15 &hellip; <a href=\"https:\/\/www.arbeidsutvalget.no\/?page_id=2657\">Les videre <span class=\"meta-nav\">&rarr;<\/span><\/a><\/p>\n","protected":false},"author":14,"featured_media":0,"parent":2659,"menu_order":-2,"comment_status":"closed","ping_status":"closed","template":"","meta":{"footnotes":""},"class_list":["post-2657","page","type-page","status-publish","hentry"],"_links":{"self":[{"href":"https:\/\/www.arbeidsutvalget.no\/index.php?rest_route=\/wp\/v2\/pages\/2657","targetHints":{"allow":["GET"]}}],"collection":[{"href":"https:\/\/www.arbeidsutvalget.no\/index.php?rest_route=\/wp\/v2\/pages"}],"about":[{"href":"https:\/\/www.arbeidsutvalget.no\/index.php?rest_route=\/wp\/v2\/types\/page"}],"author":[{"embeddable":true,"href":"https:\/\/www.arbeidsutvalget.no\/index.php?rest_route=\/wp\/v2\/users\/14"}],"replies":[{"embeddable":true,"href":"https:\/\/www.arbeidsutvalget.no\/index.php?rest_route=%2Fwp%2Fv2%2Fcomments&post=2657"}],"version-history":[{"count":5,"href":"https:\/\/www.arbeidsutvalget.no\/index.php?rest_route=\/wp\/v2\/pages\/2657\/revisions"}],"predecessor-version":[{"id":2674,"href":"https:\/\/www.arbeidsutvalget.no\/index.php?rest_route=\/wp\/v2\/pages\/2657\/revisions\/2674"}],"up":[{"embeddable":true,"href":"https:\/\/www.arbeidsutvalget.no\/index.php?rest_route=\/wp\/v2\/pages\/2659"}],"wp:attachment":[{"href":"https:\/\/www.arbeidsutvalget.no\/index.php?rest_route=%2Fwp%2Fv2%2Fmedia&parent=2657"}],"curies":[{"name":"wp","href":"https:\/\/api.w.org\/{rel}","templated":true}]}}