{"id":2617,"date":"2021-10-20T13:19:21","date_gmt":"2021-10-20T12:19:21","guid":{"rendered":"https:\/\/www.arbeidsutvalget.no\/?page_id=2617"},"modified":"2022-05-09T16:36:01","modified_gmt":"2022-05-09T15:36:01","slug":"arsmelding-2021-2022","status":"publish","type":"page","link":"https:\/\/www.arbeidsutvalget.no\/?page_id=2617","title":{"rendered":"\u00c5rsmelding 2020\/2021"},"content":{"rendered":"\n<p><strong>Bibliofilforeninga. Arbeidsutvalget (AU)<\/strong><br><br>Arbeidsutvalget har best\u00e5tt av f\u00f8lgende medlemmer: Randi Heggland Str\u00f8m fra Tyrielden Eidskog bibliotek (leder), Kristin Flo fra Arendal bibliotek (sekret\u00e6r) , Benedicte T. Ranestad fra Kristiansand bibliotek (nettsideredakt\u00f8r), Tone Valand fra Lyngdal bibliotek (vara) kom inn i styret da Tonje Helene Farset fra Narvik bibliotek gikk over i en annen stilling 01.01.21. Samtidig kom Randi Agersborg fra Narvik bibliotek inn som ny lokal kontaktperson for brukerm\u00f8tet i 2021.<\/p>\n\n\n\n<p>Suzanne N\u00e6ss har overtatt etter Henriette Thoner fra Bibliotek-Systemer As som kontaktperson for Bibliofilforeninga. De har begge deltatt p\u00e5 m\u00f8ter og e-postkorrespondanse. Suzanne har hatt ansvar for regnskap, p\u00e5meldinger, booking av hotell og restaurant og har ellers assistert AU.<br><br><strong>Aktivitet:<\/strong><br>P\u00e5 grunn av smittesituasjonen, ble det besluttet at Brukerm\u00f8tet 2021 ble flyttet fra mai til slutten av september. Det ble ogs\u00e5 besluttet at planlagt vertsbibliotek, Narvik bibliotek, med Scandic hotell for konferansen, Fjellheisrestauranten for festmiddagen, og det planlagte programmet for Brukerm\u00f8tet 2020 (som ble avlyst) flyttet til Brukerm\u00f8te 2021, 28. -29. september.<br><br>AU har ikke avholdt fysiske m\u00f8ter dette \u00e5ret, men flere digitale. M\u00f8tene ble brukt til vurderinger, arbeidsfordelinger og oppdateringer om gjennnomf\u00f8ring av det planlagte Brukerm\u00f8tet i Narvik og forarbeid til \u00e5rsm\u00f8tet med forslag til endring av strukturen for fagutvalg.<br><br>M\u00f8ter: 13.01.21, 20.01.21, 15.04.21, 20.08.21.<br><br>Utenom m\u00f8tene har det foreg\u00e5tt en del kommunikasjon per e-post og telefon.<br><br>Det er ogs\u00e5 blitt avholdt et digitalt m\u00f8te (02.09.21) der AU inviterte lederne i fagutvalgene til \u00e5 dr\u00f8fte utvalgsstrukturen. Leder for valgkomiteen var ogs\u00e5 invitert og deltok p\u00e5 dette. Valgkomiteen er blant dem som har foresl\u00e5tt endring i struktur. I tillegg til dette har AU v\u00e6rt i dialog med Biblioteksystemer AS om den samme saka. Dette danner grunnlag for \u00e5rsm\u00f8tesak om vedtektsendring.<br><br><strong>Fagutvalg:<\/strong><br>M\u00f8tereferat og halv\u00e5rsrapporter har i liten grad blitt lagt ut p\u00e5 nettsidene https:\/\/www.arbeidsutvalget.no de siste \u00e5rene. Dette henger delvis sammen med at aktiviteten har v\u00e6rt mindre i \u00e5rene med aktiv deltakelse av \u00abstorbybibliotekene\u00bb i utviklingsarbeidet av nye Bibliofil. Noe har dessverre ogs\u00e5 ikke blitt utf\u00f8rt i overgangen mellom \u00abgammelt\u00bb og \u00abnytt\u00bb styre. Det beklager vi. AU f\u00f8lger opp denne saka.<br><br><strong>\u00d8konomi:<\/strong><br>Brukerbibliotekene betaler for Bibliofilforeningens virksomhet. Bibliotek-Systemer As f\u00f8rer regnskapet for Bibliofilforeningen og fakturerer bibliotekene. Brukerm\u00f8tet skal helst v\u00e6re selvfinansierende.<br><br>Bibliofilforeningen hadde i 2019 et overskudd p\u00e5 kr. 46 193. AU har i 2019 i planleggingen av Brukerm\u00f8tet 2020, jobbet for \u00e5 f\u00e5 budsjettet i balanse slik at foreningen ikke sitter med s\u00e5 stor kapitalbeholdning. Siden Brukerm\u00f8tet 2020 ble avlyst p\u00e5 grunn av Korona-pandemien, ble dette overf\u00f8rt til regnskap for 2020. Bibliofilforeningen hadde i 2020 et overskudd p\u00e5 kr. 83 950. Vedlagt f\u00f8lger resultatregnskapet.<br><br>For Bibliofilforeningen, AU<br>(10.09.2021)<br><br>Randi Heggland Str\u00f8m<br>(leder)<\/p>\n","protected":false},"excerpt":{"rendered":"<p>Bibliofilforeninga. Arbeidsutvalget (AU) Arbeidsutvalget har best\u00e5tt av f\u00f8lgende medlemmer: Randi Heggland Str\u00f8m fra Tyrielden Eidskog bibliotek (leder), Kristin Flo fra Arendal bibliotek (sekret\u00e6r) , Benedicte T. Ranestad fra Kristiansand bibliotek (nettsideredakt\u00f8r), Tone Valand fra Lyngdal bibliotek (vara) kom inn i &hellip; <a href=\"https:\/\/www.arbeidsutvalget.no\/?page_id=2617\">Les videre <span class=\"meta-nav\">&rarr;<\/span><\/a><\/p>\n","protected":false},"author":14,"featured_media":0,"parent":272,"menu_order":0,"comment_status":"closed","ping_status":"closed","template":"","meta":{"footnotes":""},"class_list":["post-2617","page","type-page","status-publish","hentry"],"_links":{"self":[{"href":"https:\/\/www.arbeidsutvalget.no\/index.php?rest_route=\/wp\/v2\/pages\/2617","targetHints":{"allow":["GET"]}}],"collection":[{"href":"https:\/\/www.arbeidsutvalget.no\/index.php?rest_route=\/wp\/v2\/pages"}],"about":[{"href":"https:\/\/www.arbeidsutvalget.no\/index.php?rest_route=\/wp\/v2\/types\/page"}],"author":[{"embeddable":true,"href":"https:\/\/www.arbeidsutvalget.no\/index.php?rest_route=\/wp\/v2\/users\/14"}],"replies":[{"embeddable":true,"href":"https:\/\/www.arbeidsutvalget.no\/index.php?rest_route=%2Fwp%2Fv2%2Fcomments&post=2617"}],"version-history":[{"count":2,"href":"https:\/\/www.arbeidsutvalget.no\/index.php?rest_route=\/wp\/v2\/pages\/2617\/revisions"}],"predecessor-version":[{"id":2717,"href":"https:\/\/www.arbeidsutvalget.no\/index.php?rest_route=\/wp\/v2\/pages\/2617\/revisions\/2717"}],"up":[{"embeddable":true,"href":"https:\/\/www.arbeidsutvalget.no\/index.php?rest_route=\/wp\/v2\/pages\/272"}],"wp:attachment":[{"href":"https:\/\/www.arbeidsutvalget.no\/index.php?rest_route=%2Fwp%2Fv2%2Fmedia&parent=2617"}],"curies":[{"name":"wp","href":"https:\/\/api.w.org\/{rel}","templated":true}]}}