{"id":251,"date":"2012-02-01T18:05:46","date_gmt":"2012-02-01T17:05:46","guid":{"rendered":"http:\/\/www.arbeidsutvalget.no\/?page_id=251"},"modified":"2024-05-14T10:46:17","modified_gmt":"2024-05-14T09:46:17","slug":"medlemsavgift","status":"publish","type":"page","link":"https:\/\/www.arbeidsutvalget.no\/?page_id=251","title":{"rendered":"Medlemsavgift"},"content":{"rendered":"<p><strong><strong><span style=\"color: #000000;\">Fordelingsn\u00f8kkel &#8211; finansiering:<\/span><\/strong><\/strong><\/p>\n<table border=\"1\" width=\"80%\">\n<tbody>\n<tr>\n<td width=\"33%\">\n<p align=\"left\"><strong>Antall bruksretter <\/strong><\/p>\n<\/td>\n<td width=\"33%\">\n<p align=\"left\"><strong>Sum pr halv\u00e5r <\/strong><\/p>\n<\/td>\n<td width=\"34%\">\n<p align=\"left\"><strong>Sum pr \u00e5r\u00a0<\/strong><\/p>\n<\/td>\n<\/tr>\n<tr>\n<td width=\"33%\">\n<p align=\"left\">1 &#8211; 10 bruksretter<\/p>\n<\/td>\n<td width=\"33%\">\n<p align=\"left\">kr 300<\/p>\n<\/td>\n<td width=\"34%\">\n<p align=\"left\">kr 600<\/p>\n<\/td>\n<\/tr>\n<tr>\n<td width=\"33%\">\n<p align=\"left\">11 &#8211; 50 bruksretter<\/p>\n<\/td>\n<td width=\"33%\">\n<p align=\"left\">kr 600<\/p>\n<\/td>\n<td width=\"34%\">\n<p align=\"left\">kr 1200<\/p>\n<\/td>\n<\/tr>\n<tr>\n<td width=\"33%\">\n<p align=\"left\">51 eller flere bruksretter<\/p>\n<\/td>\n<td width=\"33%\">\n<p align=\"left\">kr 900<\/p>\n<\/td>\n<td width=\"34%\">\n<p align=\"left\">kr 1800<\/p>\n<\/td>\n<\/tr>\n<\/tbody>\n<\/table>\n","protected":false},"excerpt":{"rendered":"<p>Fordelingsn\u00f8kkel &#8211; finansiering: Antall bruksretter Sum pr halv\u00e5r Sum pr \u00e5r\u00a0 1 &#8211; 10 bruksretter kr 300 kr 600 11 &#8211; 50 bruksretter kr 600 kr 1200 51 eller flere bruksretter kr 900 kr 1800<\/p>\n","protected":false},"author":14,"featured_media":0,"parent":46,"menu_order":0,"comment_status":"open","ping_status":"open","template":"","meta":{"footnotes":""},"class_list":["post-251","page","type-page","status-publish","hentry"],"_links":{"self":[{"href":"https:\/\/www.arbeidsutvalget.no\/index.php?rest_route=\/wp\/v2\/pages\/251","targetHints":{"allow":["GET"]}}],"collection":[{"href":"https:\/\/www.arbeidsutvalget.no\/index.php?rest_route=\/wp\/v2\/pages"}],"about":[{"href":"https:\/\/www.arbeidsutvalget.no\/index.php?rest_route=\/wp\/v2\/types\/page"}],"author":[{"embeddable":true,"href":"https:\/\/www.arbeidsutvalget.no\/index.php?rest_route=\/wp\/v2\/users\/14"}],"replies":[{"embeddable":true,"href":"https:\/\/www.arbeidsutvalget.no\/index.php?rest_route=%2Fwp%2Fv2%2Fcomments&post=251"}],"version-history":[{"count":6,"href":"https:\/\/www.arbeidsutvalget.no\/index.php?rest_route=\/wp\/v2\/pages\/251\/revisions"}],"predecessor-version":[{"id":2987,"href":"https:\/\/www.arbeidsutvalget.no\/index.php?rest_route=\/wp\/v2\/pages\/251\/revisions\/2987"}],"up":[{"embeddable":true,"href":"https:\/\/www.arbeidsutvalget.no\/index.php?rest_route=\/wp\/v2\/pages\/46"}],"wp:attachment":[{"href":"https:\/\/www.arbeidsutvalget.no\/index.php?rest_route=%2Fwp%2Fv2%2Fmedia&parent=251"}],"curies":[{"name":"wp","href":"https:\/\/api.w.org\/{rel}","templated":true}]}}