{"id":2468,"date":"2020-02-10T09:42:00","date_gmt":"2020-02-10T08:42:00","guid":{"rendered":"http:\/\/www.arbeidsutvalget.no\/?page_id=2468"},"modified":"2021-10-22T07:11:25","modified_gmt":"2021-10-22T06:11:25","slug":"program","status":"publish","type":"page","link":"https:\/\/www.arbeidsutvalget.no\/?page_id=2468","title":{"rendered":"Program"},"content":{"rendered":"\n<h2 class=\"wp-block-heading\">Tirsdag 28.september<\/h2>\n\n\n\n<figure class=\"wp-block-table\"><table><tbody><tr><td><strong>Tirsdag 28.9.<\/strong><\/td><td><strong>Program<\/strong><\/td><\/tr><tr><td>1200-1300<\/td><td>Lunsj og registrering p\u00e5 Scandic Narvik.<\/td><\/tr><tr><td>1300-1345<\/td><td>\u00c5pning\/mottakelse i Narvik bibliotek<\/td><\/tr><tr><td>1345-1400<\/td><td>Pause, vandring over til Scandic Narvik, Sal: Ofotbanen<\/td><\/tr><tr><td>1400-1445<\/td><td>&laquo;Hvem vi er her i Narvik&raquo; og &laquo;De st\u00f8rste nyhetene&raquo;<\/td><\/tr><tr><td>1445-1500<\/td><td>Pause<\/td><\/tr><tr><td>1500-1545<\/td><td>\u00abKompetanseutvikling med brukern\u00e6re samlinger\u00bb av Monica Skybakmoen, tidligere biblioteksjef i Nes og Elverum, n\u00e5 bibliotekfaglig konsulent i Biblioteksystemer AS.<\/td><\/tr><tr><td>1545-1600<\/td><td>Pause<\/td><\/tr><tr><td>1600-1645<\/td><td>\u00abDen frittg\u00e5ende bibliotekar &#8211; om morgendagens veileder\u00bb av Katriina Bystr\u00f6m, professor ved Oslo Met<\/td><\/tr><tr><td>1645<\/td><td>Avsluttes med h\u00e5ndmat<\/td><\/tr><tr><td>1800-1930<\/td><td>Narvik bibliotek byr p\u00e5 en historisk vandring i krigsmuseet<\/td><\/tr><tr><td>1930<\/td><td>Buss til gondolen. Avgang fra Scandic.<\/td><\/tr><tr><td>2000<\/td><td>Middag p\u00e5 Fjellheisrestauranten<\/td><\/tr><tr><td>2300<\/td><td>Gondolbanen g\u00e5r ned. Buss tilbake til hotellet.<\/td><\/tr><\/tbody><\/table><\/figure>\n\n\n\n<h2 class=\"wp-block-heading\">Onsdag 29. september<\/h2>\n\n\n\n<figure class=\"wp-block-table\"><table><tbody><tr><td><strong>Onsdag 29.9.<\/strong><\/td><td><strong>Program<\/strong><\/td><\/tr><tr><td>0900-0945<\/td><td>\u00c5rsm\u00f8te, valg, presentasjon av fagutvalgene og \u00e5pen diskusjon om fagutvalgenes rolle og funksjon framover.<\/td><\/tr><tr><td>0945-1025<\/td><td>&laquo;Siden sist&raquo; fra Bibliotek-Systemer og &laquo;Kristiansansands erfaringer med easyOPAC&raquo;<\/td><\/tr><tr><td>09:45-11:20<\/td><td>&laquo;Skolebibliotek  workshop&raquo;, paralellsesjon<\/td><\/tr><tr><td>1030-1035<\/td><td>Pause<\/td><\/tr><tr><td>1040-1120<\/td><td>&laquo;Nytt i m2&raquo;<\/td><\/tr><tr><td>1120-1135<\/td><td>Pause med noe lett \u00e5 bite i<\/td><\/tr><tr><td>1135-1220<\/td><td>\u00abStr\u00f8mming fra biblioteket\u00bb av \u00c5smund \u00c5dn\u00f8y, fra S\u00f8lvberget bibliotek og kulturhus<\/td><\/tr><tr><td>1220-1235<\/td><td>Pause<\/td><\/tr><tr><td>1235-1315<\/td><td>&laquo;Marc21 og andre godbiter&raquo;<\/td><\/tr><tr><td>1315-1330<\/td><td>Avslutning<\/td><\/tr><tr><td>1330-1500<\/td><td>Lunsj (eventuelt matpakke i farta for de som har tidlig fly)<\/td><\/tr><\/tbody><\/table><\/figure>\n","protected":false},"excerpt":{"rendered":"<p>Tirsdag 28.september Tirsdag 28.9. Program 1200-1300 Lunsj og registrering p\u00e5 Scandic Narvik. 1300-1345 \u00c5pning\/mottakelse i Narvik bibliotek 1345-1400 Pause, vandring over til Scandic Narvik, Sal: Ofotbanen 1400-1445 &laquo;Hvem vi er her i Narvik&raquo; og &laquo;De st\u00f8rste nyhetene&raquo; 1445-1500 Pause 1500-1545 &hellip; <a href=\"https:\/\/www.arbeidsutvalget.no\/?page_id=2468\">Les videre <span class=\"meta-nav\">&rarr;<\/span><\/a><\/p>\n","protected":false},"author":14,"featured_media":0,"parent":2389,"menu_order":0,"comment_status":"closed","ping_status":"closed","template":"","meta":{"footnotes":""},"class_list":["post-2468","page","type-page","status-publish","hentry"],"_links":{"self":[{"href":"https:\/\/www.arbeidsutvalget.no\/index.php?rest_route=\/wp\/v2\/pages\/2468","targetHints":{"allow":["GET"]}}],"collection":[{"href":"https:\/\/www.arbeidsutvalget.no\/index.php?rest_route=\/wp\/v2\/pages"}],"about":[{"href":"https:\/\/www.arbeidsutvalget.no\/index.php?rest_route=\/wp\/v2\/types\/page"}],"author":[{"embeddable":true,"href":"https:\/\/www.arbeidsutvalget.no\/index.php?rest_route=\/wp\/v2\/users\/14"}],"replies":[{"embeddable":true,"href":"https:\/\/www.arbeidsutvalget.no\/index.php?rest_route=%2Fwp%2Fv2%2Fcomments&post=2468"}],"version-history":[{"count":2,"href":"https:\/\/www.arbeidsutvalget.no\/index.php?rest_route=\/wp\/v2\/pages\/2468\/revisions"}],"predecessor-version":[{"id":2629,"href":"https:\/\/www.arbeidsutvalget.no\/index.php?rest_route=\/wp\/v2\/pages\/2468\/revisions\/2629"}],"up":[{"embeddable":true,"href":"https:\/\/www.arbeidsutvalget.no\/index.php?rest_route=\/wp\/v2\/pages\/2389"}],"wp:attachment":[{"href":"https:\/\/www.arbeidsutvalget.no\/index.php?rest_route=%2Fwp%2Fv2%2Fmedia&parent=2468"}],"curies":[{"name":"wp","href":"https:\/\/api.w.org\/{rel}","templated":true}]}}