{"id":2465,"date":"2020-02-10T09:14:00","date_gmt":"2020-02-10T08:14:00","guid":{"rendered":"http:\/\/www.arbeidsutvalget.no\/?page_id=2465"},"modified":"2020-02-04T09:42:39","modified_gmt":"2020-02-04T08:42:39","slug":"invitasjon","status":"publish","type":"page","link":"https:\/\/www.arbeidsutvalget.no\/?page_id=2465","title":{"rendered":"Invitasjon"},"content":{"rendered":"\n<h2 class=\"wp-block-heading\">Meld deg p\u00e5 Brukerm\u00f8te 2020<\/h2>\n\n\n\n<p>Narvik bibliotek er vertskap for \u00e5rets m\u00f8te for brukere av Bibliofil. Like ved siden av biblioteket ligger konferansehotellet Scandic Narvik. M\u00f8tet holdes fra kl. 12 tirsdag 5. mai til kl. 15 onsdag 6. mai. Det vil v\u00e6re mulig \u00e5 bestille overnatting fra mandag ettermiddag for de som \u00f8nsker \u00e5 komme til byen dagen f\u00f8r, eller man kan velge \u00e5 ta f\u00f8rste morgenfly og rekke fram til lunsj og registrering p\u00e5 tirsdagen. Flybussen stopper rett utenfor hotellet. <\/p>\n\n\n\n<p>Vi kan ikke love hverken nordlys eller midnattssol i mai, men det vil utvilsomt bli en flott opplevelse \u00e5 spise middag h\u00f8yt oppe i fjellsida p\u00e5 Fjellheisrestauranten der eneste adkomstvei er gondolbanen. Husk godt fott\u00f8y og kle deg som du vil, enten det er olabukse og skjorte, kjole med st\u00f8vler eller turbukse og ulltr\u00f8ye du liker best. Tar du med ei god jakke, kan du bruke sjansen til \u00e5 nyte den friske nordlandske v\u00e5ren oppi h\u00f8yden. <\/p>\n\n\n\n<p>Vi kan ogs\u00e5 love faglig p\u00e5fyll for b\u00e5de den teknisk systemorienterte som liker \u00e5 utforske alle nye digitale muligheter og for den som er mest opptatt av m\u00f8te mellom mennesker, veiledning og service. Hvordan p\u00e5virker de digitale l\u00f8sningene m\u00e5ten vi jobber p\u00e5? Hvilke muligheter \u00e5pner seg hvis vi bruker systemene og verkt\u00f8yene vi har p\u00e5 beste m\u00e5te? Hva er beste m\u00e5te? Hvordan kan vi l\u00e6re av hverandre og f\u00e5 til utvikling av tjenestene? Dette og mer til vil  foredragene komme inn p\u00e5 og det settes av god tid til erfaringsutveksling, refleksjon og nettverksbygging underveis i programmet. <\/p>\n\n\n\n<p>Noen stikkord for programmet er: Erfaringer med regional organisering av  Bibliofil-samlinger som kompetansehevende tiltak, presentasjoner av \u00abnye Bibliofil\u00bb og informasjon om systemutviklingsarbeidet, foredrag om str\u00f8mming og hvordan \u00aballe\u00bb kan f\u00e5 det til og foredrag om temaet \u00abDen frittg\u00e5ende bibliotekar\u00bb. <\/p>\n\n\n\n<p>\u00c5rsm\u00f8te for Bibliofilforeningen (brukerorganisasjonen for oss som bruker Bibliofil) holdes onsdag morgen. Det er \u00e5pent for alle og vil inneholde litt informasjon om arbeidet i de ulike fagutvalgene i tillegg til \u00e5rsm\u00f8tesaker.<\/p>\n","protected":false},"excerpt":{"rendered":"<p>Meld deg p\u00e5 Brukerm\u00f8te 2020 Narvik bibliotek er vertskap for \u00e5rets m\u00f8te for brukere av Bibliofil. Like ved siden av biblioteket ligger konferansehotellet Scandic Narvik. M\u00f8tet holdes fra kl. 12 tirsdag 5. mai til kl. 15 onsdag 6. mai. Det &hellip; <a href=\"https:\/\/www.arbeidsutvalget.no\/?page_id=2465\">Les videre <span class=\"meta-nav\">&rarr;<\/span><\/a><\/p>\n","protected":false},"author":14,"featured_media":0,"parent":2389,"menu_order":0,"comment_status":"closed","ping_status":"closed","template":"","meta":{"footnotes":""},"class_list":["post-2465","page","type-page","status-publish","hentry"],"_links":{"self":[{"href":"https:\/\/www.arbeidsutvalget.no\/index.php?rest_route=\/wp\/v2\/pages\/2465","targetHints":{"allow":["GET"]}}],"collection":[{"href":"https:\/\/www.arbeidsutvalget.no\/index.php?rest_route=\/wp\/v2\/pages"}],"about":[{"href":"https:\/\/www.arbeidsutvalget.no\/index.php?rest_route=\/wp\/v2\/types\/page"}],"author":[{"embeddable":true,"href":"https:\/\/www.arbeidsutvalget.no\/index.php?rest_route=\/wp\/v2\/users\/14"}],"replies":[{"embeddable":true,"href":"https:\/\/www.arbeidsutvalget.no\/index.php?rest_route=%2Fwp%2Fv2%2Fcomments&post=2465"}],"version-history":[{"count":1,"href":"https:\/\/www.arbeidsutvalget.no\/index.php?rest_route=\/wp\/v2\/pages\/2465\/revisions"}],"predecessor-version":[{"id":2467,"href":"https:\/\/www.arbeidsutvalget.no\/index.php?rest_route=\/wp\/v2\/pages\/2465\/revisions\/2467"}],"up":[{"embeddable":true,"href":"https:\/\/www.arbeidsutvalget.no\/index.php?rest_route=\/wp\/v2\/pages\/2389"}],"wp:attachment":[{"href":"https:\/\/www.arbeidsutvalget.no\/index.php?rest_route=%2Fwp%2Fv2%2Fmedia&parent=2465"}],"curies":[{"name":"wp","href":"https:\/\/api.w.org\/{rel}","templated":true}]}}