{"id":241,"date":"2012-02-01T17:45:12","date_gmt":"2012-02-01T16:45:12","guid":{"rendered":"http:\/\/www.arbeidsutvalget.no\/?page_id=241"},"modified":"2012-05-09T09:19:46","modified_gmt":"2012-05-09T08:19:46","slug":"mandat","status":"publish","type":"page","link":"https:\/\/www.arbeidsutvalget.no\/?page_id=241","title":{"rendered":"Mandat"},"content":{"rendered":"<h2 align=\"left\">Fagutvalge for brukertjenester, mandat<\/h2>\n<p align=\"left\">(vedtatt p\u00e5 brukerm\u00f8tet p\u00e5 Lillehammer 3. mai 2011)<\/p>\n<p>Utvalget skal ha fokus p\u00e5 de tjenester som er synlige for bibliotekenes brukere. Dette omfatter ferdige sluttbrukertjenester som leveres av Bibliotek-Systemer og grunnlaget for at andre tjenester kan bygges p\u00e5 bibliotekenes egne katalogdata.<\/p>\n<p>Utvalget skal bidra til \u00e5 teste nye brukertjenester og v\u00e6re p\u00e5driver for brukertesting i en profesjonell ramme.<\/p>\n<p>Utvalget skal fokusere p\u00e5 innovasjon, strategisk tenkning og videreutvikling av sluttbrukertjenestene i Bibliofil.<\/p>\n<p>Utvalget skal ha en r\u00e5dgivende funksjon for hva som b\u00f8r prioriteres av utvikling sett i et sluttbrukerperspektiv og v\u00e6re p\u00e5driver for brukerinvolvering i en profesjonell ramme.<\/p>\n<p>Utvalget skal samarbeide med andre fagutvalg der dette er naturlig. Dette gjelder s\u00e6rlig fagutvalg for s\u00f8k i forhold til webs\u00f8ket. Utvalgets representanter fra andre fagutvalg har et s\u00e6rskilt ansvar for \u00e5 legge til rette for dette.<\/p>\n","protected":false},"excerpt":{"rendered":"<p>Fagutvalge for brukertjenester, mandat (vedtatt p\u00e5 brukerm\u00f8tet p\u00e5 Lillehammer 3. mai 2011) Utvalget skal ha fokus p\u00e5 de tjenester som er synlige for bibliotekenes brukere. Dette omfatter ferdige sluttbrukertjenester som leveres av Bibliotek-Systemer og grunnlaget for at andre tjenester kan &hellip; <a href=\"https:\/\/www.arbeidsutvalget.no\/?page_id=241\">Les videre <span class=\"meta-nav\">&rarr;<\/span><\/a><\/p>\n","protected":false},"author":14,"featured_media":0,"parent":17,"menu_order":0,"comment_status":"open","ping_status":"open","template":"","meta":{"footnotes":""},"class_list":["post-241","page","type-page","status-publish","hentry"],"_links":{"self":[{"href":"https:\/\/www.arbeidsutvalget.no\/index.php?rest_route=\/wp\/v2\/pages\/241","targetHints":{"allow":["GET"]}}],"collection":[{"href":"https:\/\/www.arbeidsutvalget.no\/index.php?rest_route=\/wp\/v2\/pages"}],"about":[{"href":"https:\/\/www.arbeidsutvalget.no\/index.php?rest_route=\/wp\/v2\/types\/page"}],"author":[{"embeddable":true,"href":"https:\/\/www.arbeidsutvalget.no\/index.php?rest_route=\/wp\/v2\/users\/14"}],"replies":[{"embeddable":true,"href":"https:\/\/www.arbeidsutvalget.no\/index.php?rest_route=%2Fwp%2Fv2%2Fcomments&post=241"}],"version-history":[{"count":3,"href":"https:\/\/www.arbeidsutvalget.no\/index.php?rest_route=\/wp\/v2\/pages\/241\/revisions"}],"predecessor-version":[{"id":570,"href":"https:\/\/www.arbeidsutvalget.no\/index.php?rest_route=\/wp\/v2\/pages\/241\/revisions\/570"}],"up":[{"embeddable":true,"href":"https:\/\/www.arbeidsutvalget.no\/index.php?rest_route=\/wp\/v2\/pages\/17"}],"wp:attachment":[{"href":"https:\/\/www.arbeidsutvalget.no\/index.php?rest_route=%2Fwp%2Fv2%2Fmedia&parent=241"}],"curies":[{"name":"wp","href":"https:\/\/api.w.org\/{rel}","templated":true}]}}