{"id":2292,"date":"2019-05-06T10:12:02","date_gmt":"2019-05-06T09:12:02","guid":{"rendered":"http:\/\/www.arbeidsutvalget.no\/?page_id=2292"},"modified":"2019-05-06T10:12:02","modified_gmt":"2019-05-06T09:12:02","slug":"arsmelding-2017-2018","status":"publish","type":"page","link":"https:\/\/www.arbeidsutvalget.no\/?page_id=2292","title":{"rendered":"\u00c5rsmelding 2017\/2018"},"content":{"rendered":"\n<h2 class=\"wp-block-heading\">\u00c5rsmelding 2017\/2018<\/h2>\n\n\n\n<p>Bibliofilforeningen.&nbsp;\nArbeidsutvalget (AU)<\/p>\n\n\n\n<p>Etter valget p\u00e5\nbrukerm\u00f8tet 2017 bestod arbeidsutvalget av f\u00f8lgende medlemmer: Elisabeth S.\nJ\u00e6ger, Hammerfest bibliotek (leder), Heidi Gleden, Kongsberg bibliotek, Ingrid\n\u00d8stlyngen, L\u00f8renskog bibliotek og Liv Randi Foss, \u00c5lesund bibliotek.<\/p>\n\n\n\n<p>Ingrid \u00d8stlyngen\ntrakk seg fra sitt verv i &nbsp;m\u00e5ned ? 2017. Varamedlem Magnus Andre Wand\u00e5s,\nUllensaker bibliotek, ble da innkalt for \u00e5 v\u00e6re med i planleggingen og gjennomf\u00f8ringen\nav brukerm\u00f8tet 2018. <\/p>\n\n\n\n<p>Henriette Thoner\nfra Bibliotek-Systemer As har deltatt p\u00e5 m\u00f8ter og epostkorrespondanse. Hun har\nhatt ansvar for regnskap, p\u00e5meldinger, booking av hotell og ellers assistert\nAU.<\/p>\n\n\n\n<p><strong>Aktivitet:<br>\n<\/strong>Det har blitt avholdt tre m\u00f8ter i perioden, &nbsp;ett p\u00e5 Gardermoen\nog to m\u00f8ter p\u00e5 skype.&nbsp;Tema p\u00e5 m\u00f8tene har v\u00e6rt\nevaluering av brukerm\u00f8tet p\u00e5 L\u00f8renskog &nbsp;og planlegging av \u00e5rets brukerm\u00f8te.<\/p>\n\n\n\n<p>Kommunikasjon\nutenom m\u00f8tene har i all hovedsak foreg\u00e5tt p\u00e5 e-post.<\/p>\n\n\n\n<p>M\u00f8tereferat og\nannen viktig informasjon er publisert p\u00e5 nettet.&nbsp; Adressen er\nhttps:\/\/www.arbeidsutvalget.no&nbsp;med standard brukernavn og passord.<\/p>\n\n\n\n<p><strong>Fagutvalg:<br>\n<\/strong>M\u00f8tereferat og halv\u00e5rsrapporter blir\nlagt ut p\u00e5 nettsidene.<\/p>\n\n\n\n<p><strong>\u00d8konomi:<\/strong><br>\nBrukerbibliotekene betaler for Bibliofilforeningens virksomhet.&nbsp;\nBibliotek-Systemer As f\u00f8rer regnskapet for Bibliofilforeningen og fakturerer\nbibliotekene. Brukerm\u00f8tet skal helst v\u00e6re selvfinansierende.<\/p>\n\n\n\n<p>I 2017 hadde AU et\noverskudd p\u00e5 kr 18873,27 . I begynnelsen av 2017&nbsp; ble det tilbakebetalt et l\u00e5n p\u00e5 kr 20 000 til\nBibliotek-Systemer As.<\/p>\n\n\n\n<p>For\nBibliofilforeningen, AU<br>\n19.04.2018<\/p>\n\n\n\n<p>Elisabeth J\u00e6ger<\/p>\n","protected":false},"excerpt":{"rendered":"<p>\u00c5rsmelding 2017\/2018 Bibliofilforeningen.&nbsp; Arbeidsutvalget (AU) Etter valget p\u00e5 brukerm\u00f8tet 2017 bestod arbeidsutvalget av f\u00f8lgende medlemmer: Elisabeth S. J\u00e6ger, Hammerfest bibliotek (leder), Heidi Gleden, Kongsberg bibliotek, Ingrid \u00d8stlyngen, L\u00f8renskog bibliotek og Liv Randi Foss, \u00c5lesund bibliotek. Ingrid \u00d8stlyngen trakk seg fra &hellip; <a href=\"https:\/\/www.arbeidsutvalget.no\/?page_id=2292\">Les videre <span class=\"meta-nav\">&rarr;<\/span><\/a><\/p>\n","protected":false},"author":14,"featured_media":0,"parent":272,"menu_order":0,"comment_status":"closed","ping_status":"closed","template":"","meta":{"footnotes":""},"class_list":["post-2292","page","type-page","status-publish","hentry"],"_links":{"self":[{"href":"https:\/\/www.arbeidsutvalget.no\/index.php?rest_route=\/wp\/v2\/pages\/2292","targetHints":{"allow":["GET"]}}],"collection":[{"href":"https:\/\/www.arbeidsutvalget.no\/index.php?rest_route=\/wp\/v2\/pages"}],"about":[{"href":"https:\/\/www.arbeidsutvalget.no\/index.php?rest_route=\/wp\/v2\/types\/page"}],"author":[{"embeddable":true,"href":"https:\/\/www.arbeidsutvalget.no\/index.php?rest_route=\/wp\/v2\/users\/14"}],"replies":[{"embeddable":true,"href":"https:\/\/www.arbeidsutvalget.no\/index.php?rest_route=%2Fwp%2Fv2%2Fcomments&post=2292"}],"version-history":[{"count":1,"href":"https:\/\/www.arbeidsutvalget.no\/index.php?rest_route=\/wp\/v2\/pages\/2292\/revisions"}],"predecessor-version":[{"id":2293,"href":"https:\/\/www.arbeidsutvalget.no\/index.php?rest_route=\/wp\/v2\/pages\/2292\/revisions\/2293"}],"up":[{"embeddable":true,"href":"https:\/\/www.arbeidsutvalget.no\/index.php?rest_route=\/wp\/v2\/pages\/272"}],"wp:attachment":[{"href":"https:\/\/www.arbeidsutvalget.no\/index.php?rest_route=%2Fwp%2Fv2%2Fmedia&parent=2292"}],"curies":[{"name":"wp","href":"https:\/\/api.w.org\/{rel}","templated":true}]}}