{"id":2207,"date":"2018-12-14T15:38:18","date_gmt":"2018-12-14T14:38:18","guid":{"rendered":"http:\/\/www.arbeidsutvalget.no\/?page_id=2207"},"modified":"2019-05-08T10:47:32","modified_gmt":"2019-05-08T09:47:32","slug":"program","status":"publish","type":"page","link":"https:\/\/www.arbeidsutvalget.no\/?page_id=2207","title":{"rendered":"Program"},"content":{"rendered":"<table style=\"border: none;\">\n<tbody>\n<tr>\n<td style=\"border: none;\" colspan=\"2\">\n<h2>Tirsdag 7. Mai<\/h2>\n<\/td>\n<\/tr>\n<tr>\n<td style=\"white-space: nowrap; vertical-align: top; border: none;\">11.00 \u2013 12.00<\/td>\n<td style=\"border: none;\">Registrering<\/td>\n<\/tr>\n<tr>\n<td style=\"white-space: nowrap; vertical-align: top; border: none;\">12.00 \u2013 13.00<\/td>\n<td style=\"border: none;\">Lunsj<\/td>\n<\/tr>\n<tr>\n<td style=\"white-space: nowrap; vertical-align: top; border: none;\">13.00 \u2013 13.30<\/td>\n<td style=\"border: none;\">\u00c5pning<\/td>\n<\/tr>\n<tr>\n<td style=\"white-space: nowrap; vertical-align: top; border: none;\">13.30 \u2013 14.20<\/td>\n<td style=\"border: none;\">\n<p style=\"padding-bottom: 0; margin-bottom: 0;\">Bibliotek-Systemer As<\/p>\n<ul style=\"padding-top: 0; margin-top: 0;\">\n<li style=\"padding-top: 0; margin-top: 0;\">Kort introduksjon<\/li>\n<li>Bibliofil p\u00e5 web<\/li>\n<\/ul>\n<\/td>\n<\/tr>\n<tr>\n<td style=\"white-space: nowrap; vertical-align: top; border: none;\">14.20 \u2013 14.30<\/td>\n<td style=\"border: none;\">Pause<\/td>\n<\/tr>\n<tr>\n<td style=\"white-space: nowrap; vertical-align: top; border: none;\">14.30 \u2013 15.15<\/td>\n<td style=\"border: none;\">\u00abFormidling p\u00e5 alle plattformer\u00bb og \u00abPodcast i biblioteket\u00bb v\/ \u00c5smund \u00c5dn\u00f8y, S\u00f8lvberget bibliotek og kulturhus<\/td>\n<\/tr>\n<tr>\n<td style=\"white-space: nowrap; vertical-align: top; border: none;\">15.15 \u2013 15.30<\/td>\n<td style=\"border: none;\">Pause<\/td>\n<\/tr>\n<tr>\n<td style=\"white-space: nowrap; vertical-align: top; border: none;\">15.30 \u2013 16.00<\/td>\n<td style=\"border: none;\">\u00abMakerspace og digitalt studio\u00bb v\/ Rebekka Hennum, S\u00f8lvberget bibliotek og kulturhus<\/td>\n<\/tr>\n<tr>\n<td style=\"white-space: nowrap; vertical-align: top; border: none;\">16.00 \u2013 16.30<\/td>\n<td style=\"border: none;\">\u00abNasjonalbibliotekets digitale samlinger ut til publikum\u00bb v\/ Trond Myklebust, Nasjonalbiblioteket<\/td>\n<\/tr>\n<tr>\n<td style=\"white-space: nowrap; vertical-align: top; border: none;\">16.30<\/td>\n<td style=\"border: none;\">Matbit p\u00e5 hotellet<\/td>\n<\/tr>\n<tr>\n<td style=\"white-space: nowrap; vertical-align: top; border: none;\">18.00<\/td>\n<td style=\"border: none;\">Mottakelse og lett servering p\u00e5 S\u00f8lvberget bibliotek og kulturhus<\/td>\n<\/tr>\n<tr>\n<td style=\"white-space: nowrap; vertical-align: top; border: none;\">18.45<\/td>\n<td style=\"border: none;\">Felles avreise til Strandhuset<\/td>\n<\/tr>\n<tr>\n<td style=\"white-space: nowrap; vertical-align: top; border: none;\">19.30<\/td>\n<td style=\"border: none;\">Festmiddag p\u00e5 Strandhuset<\/td>\n<\/tr>\n<tr>\n<td style=\"white-space: nowrap; vertical-align: top; border: none;\">23.00<\/td>\n<td style=\"border: none;\">Felles avreise tilbake til hotellet<\/td>\n<\/tr>\n<tr>\n<td style=\"border: none;\" colspan=\"2\"><\/td>\n<\/tr>\n<tr>\n<td style=\"border: none;\" colspan=\"2\">\n<h2>Onsdag 8. Mai<\/h2>\n<\/td>\n<\/tr>\n<tr>\n<td style=\"white-space: nowrap; vertical-align: top; border: none;\">09.00 \u2013 09.30<\/td>\n<td style=\"border: none;\">\u00c5rsm\u00f8te og valg<\/td>\n<\/tr>\n<tr>\n<td style=\"white-space: nowrap; vertical-align: top; border: none;\">09.30 \u2013 10.00<\/td>\n<td style=\"border: none;\">\n<p style=\"padding-bottom: 0; margin-bottom: 0;\">Bibliotek-Systemer As<\/p>\n<ul>\n<li>Siden sist<\/li>\n<li>Marc21 og RDA<\/li>\n<\/ul>\n<\/td>\n<\/tr>\n<tr>\n<td style=\"white-space: nowrap; vertical-align: top; border: none;\">10.00 \u2013 10.15<\/td>\n<td style=\"border: none;\">Pause<\/td>\n<\/tr>\n<tr>\n<td style=\"white-space: nowrap; vertical-align: top; border: none;\">10.15 \u2013 11.00<\/td>\n<td style=\"border: none;\">\u00abTettere samarbeid mellom folke- og skolebibliotek\u00bb v\/ Line Hansen Hjellup, Spangereid skole<\/td>\n<\/tr>\n<tr>\n<td style=\"white-space: nowrap; vertical-align: top; border: none;\">11.00 \u2013 11.15<\/td>\n<td style=\"border: none;\">Pause<\/td>\n<\/tr>\n<tr>\n<td style=\"white-space: nowrap; vertical-align: top; border: none;\">11.15 \u2013 12.00<\/td>\n<td style=\"border: none;\">\n<p style=\"padding-bottom: 0; margin-bottom: 0;\">Parallelle sesjoner m\/ Bibliotek-Systemer As<\/p>\n<ul>\n<li>Teknisk avdeling presenterer nyheter og erfaringer<\/li>\n<li>Skole. Bibliofil p\u00e5 web for skolen<\/li>\n<\/ul>\n<\/td>\n<\/tr>\n<tr>\n<td style=\"white-space: nowrap; vertical-align: top; border: none;\">12.00 \u2013 12.15<\/td>\n<td style=\"border: none;\">Pause<\/td>\n<\/tr>\n<tr>\n<td style=\"white-space: nowrap; vertical-align: top; border: none;\">12.15 \u2013 13.15<\/td>\n<td style=\"border: none;\">\n<p style=\"padding-bottom: 0; margin-bottom: 0;\">Bibliotek-Systemer As<\/p>\n<ul>\n<li>Storbybibliotekene v\/ Mildrid Liasj\u00f8<\/li>\n<li>Mer Bibliofil p\u00e5 web<\/li>\n<\/ul>\n<\/td>\n<\/tr>\n<tr>\n<td style=\"white-space: nowrap; vertical-align: top; border: none;\">13.15 \u2013 14.00<\/td>\n<td style=\"border: none;\">Lunsj \/ vel hjem<\/td>\n<\/tr>\n<\/tbody>\n<\/table>\n","protected":false},"excerpt":{"rendered":"<p>Tirsdag 7. Mai 11.00 \u2013 12.00 Registrering 12.00 \u2013 13.00 Lunsj 13.00 \u2013 13.30 \u00c5pning 13.30 \u2013 14.20 Bibliotek-Systemer As Kort introduksjon Bibliofil p\u00e5 web 14.20 \u2013 14.30 Pause 14.30 \u2013 15.15 \u00abFormidling p\u00e5 alle plattformer\u00bb og \u00abPodcast i biblioteket\u00bb &hellip; <a href=\"https:\/\/www.arbeidsutvalget.no\/?page_id=2207\">Les videre <span class=\"meta-nav\">&rarr;<\/span><\/a><\/p>\n","protected":false},"author":14,"featured_media":0,"parent":2205,"menu_order":0,"comment_status":"closed","ping_status":"closed","template":"","meta":{"footnotes":""},"class_list":["post-2207","page","type-page","status-publish","hentry"],"_links":{"self":[{"href":"https:\/\/www.arbeidsutvalget.no\/index.php?rest_route=\/wp\/v2\/pages\/2207","targetHints":{"allow":["GET"]}}],"collection":[{"href":"https:\/\/www.arbeidsutvalget.no\/index.php?rest_route=\/wp\/v2\/pages"}],"about":[{"href":"https:\/\/www.arbeidsutvalget.no\/index.php?rest_route=\/wp\/v2\/types\/page"}],"author":[{"embeddable":true,"href":"https:\/\/www.arbeidsutvalget.no\/index.php?rest_route=\/wp\/v2\/users\/14"}],"replies":[{"embeddable":true,"href":"https:\/\/www.arbeidsutvalget.no\/index.php?rest_route=%2Fwp%2Fv2%2Fcomments&post=2207"}],"version-history":[{"count":9,"href":"https:\/\/www.arbeidsutvalget.no\/index.php?rest_route=\/wp\/v2\/pages\/2207\/revisions"}],"predecessor-version":[{"id":2356,"href":"https:\/\/www.arbeidsutvalget.no\/index.php?rest_route=\/wp\/v2\/pages\/2207\/revisions\/2356"}],"up":[{"embeddable":true,"href":"https:\/\/www.arbeidsutvalget.no\/index.php?rest_route=\/wp\/v2\/pages\/2205"}],"wp:attachment":[{"href":"https:\/\/www.arbeidsutvalget.no\/index.php?rest_route=%2Fwp%2Fv2%2Fmedia&parent=2207"}],"curies":[{"name":"wp","href":"https:\/\/api.w.org\/{rel}","templated":true}]}}