{"id":1799,"date":"2017-04-05T12:31:53","date_gmt":"2017-04-05T11:31:53","guid":{"rendered":"http:\/\/www.arbeidsutvalget.no\/?page_id=1799"},"modified":"2017-05-03T13:29:22","modified_gmt":"2017-05-03T12:29:22","slug":"sjekkliste-2017","status":"publish","type":"page","link":"https:\/\/www.arbeidsutvalget.no\/?page_id=1799","title":{"rendered":"Sjekkliste 2017"},"content":{"rendered":"<p>April:<\/p>\n<ul>\n<li>Kontakte fagutvalg, legge ut referater og halv\u00e5rsrapporter p\u00e5 nettside \u00a0 \u00a0 \u00a0 \u00a0 \u00a0 \u00a0 Ingrid<\/li>\n<li>Kontakte valgkomite for \u00e5 h\u00f8re om alt er ok og f\u00e5 liste over valg 2017 \u00a0 \u00a0 \u00a0 \u00a0 \u00a0 \u00a0 \u00a0Ingrid<\/li>\n<li>Lage en \u00e5rsmelding, \u00a0se p\u00e5 regnskap 2016 \u00a0 \u00a0 \u00a0 \u00a0 \u00a0 \u00a0 \u00a0 \u00a0 \u00a0 \u00a0 \u00a0 \u00a0 \u00a0 \u00a0 \u00a0 \u00a0 \u00a0 \u00a0 \u00a0 \u00a0 \u00a0 \u00a0 \u00a0 \u00a0 \u00a0 \u00a0 \u00a0 \u00a0 \u00a0 \u00a0 \u00a0 Ingrid<\/li>\n<li>Sende endelig deltakerliste til hotellet \u00a0 \u00a0 \u00a0 \u00a0 \u00a0 \u00a0 \u00a0 \u00a0 \u00a0 \u00a0 \u00a0 \u00a0 \u00a0 \u00a0 \u00a0 \u00a0 \u00a0 \u00a0 \u00a0 \u00a0 \u00a0 \u00a0 \u00a0 \u00a0 \u00a0 \u00a0 \u00a0 \u00a0 \u00a0 \u00a0 \u00a0 \u00a0 \u00a0 \u00a0 \u00a0Henriette<\/li>\n<li>Melde endelig antall gjester til Losby, husk spesialmat \u00a0 \u00a0 \u00a0 \u00a0 \u00a0 \u00a0 \u00a0 \u00a0 \u00a0 \u00a0 \u00a0 \u00a0 \u00a0 \u00a0 \u00a0 \u00a0 \u00a0 \u00a0 \u00a0 \u00a0Ingrid<\/li>\n<li>Legge ut deltakerliste, \u00e5rsmelding, regnskap p\u00e5 nett \u00a0 \u00a0 \u00a0 \u00a0 \u00a0 \u00a0 \u00a0 \u00a0 \u00a0 \u00a0 \u00a0 \u00a0 \u00a0 \u00a0 \u00a0 \u00a0 \u00a0 \u00a0 \u00a0 \u00a0 \u00a0 \u00a0Ingrid<\/li>\n<li>Oppdatere program n\u00e5r vi f\u00e5r mer detaljert innhold fra Bibliotek-systemer \u00a0 \u00a0Ingrid<\/li>\n<li>Reservere bord p\u00e5 Casa Mia, p\u00e5meldinger<\/li>\n<li>Ta kontakt med foredragsholdere litt f\u00f8r m\u00f8tet \u00a0 \u00a0 \u00a0 \u00a0 \u00a0 \u00a0 \u00a0 \u00a0 \u00a0 \u00a0 \u00a0 \u00a0 \u00a0 \u00a0 \u00a0 \u00a0 \u00a0 \u00a0 \u00a0 \u00a0 \u00a0Ingrid \/Henriette<\/li>\n<li>Finne noen til \u00e5 takk for maten p\u00e5 Losby ?\n<p>8. mai<\/li>\n<li>Kj\u00f8pe blomster til kultursjef, biblioteksjef, 2 foredragsholdere<\/li>\n<li>Kj\u00f8pe noe til de som slutter i AU (Bj\u00f8rn-Rune)<\/li>\n<li>Kopiere program, deltakerliste, \u00e5rsmelding, regnskap, valg 2017<\/li>\n<li>Fordele m\u00f8teledelse og oppgaver under m\u00f8tet, lage en kj\u00f8replan<\/li>\n<\/ul>\n","protected":false},"excerpt":{"rendered":"<p>April: Kontakte fagutvalg, legge ut referater og halv\u00e5rsrapporter p\u00e5 nettside \u00a0 \u00a0 \u00a0 \u00a0 \u00a0 \u00a0 Ingrid Kontakte valgkomite for \u00e5 h\u00f8re om alt er ok og f\u00e5 liste over valg 2017 \u00a0 \u00a0 \u00a0 \u00a0 \u00a0 \u00a0 \u00a0Ingrid Lage &hellip; <a href=\"https:\/\/www.arbeidsutvalget.no\/?page_id=1799\">Les videre <span class=\"meta-nav\">&rarr;<\/span><\/a><\/p>\n","protected":false},"author":14,"featured_media":0,"parent":116,"menu_order":17,"comment_status":"closed","ping_status":"closed","template":"","meta":{"footnotes":""},"class_list":["post-1799","page","type-page","status-publish","hentry"],"_links":{"self":[{"href":"https:\/\/www.arbeidsutvalget.no\/index.php?rest_route=\/wp\/v2\/pages\/1799","targetHints":{"allow":["GET"]}}],"collection":[{"href":"https:\/\/www.arbeidsutvalget.no\/index.php?rest_route=\/wp\/v2\/pages"}],"about":[{"href":"https:\/\/www.arbeidsutvalget.no\/index.php?rest_route=\/wp\/v2\/types\/page"}],"author":[{"embeddable":true,"href":"https:\/\/www.arbeidsutvalget.no\/index.php?rest_route=\/wp\/v2\/users\/14"}],"replies":[{"embeddable":true,"href":"https:\/\/www.arbeidsutvalget.no\/index.php?rest_route=%2Fwp%2Fv2%2Fcomments&post=1799"}],"version-history":[{"count":3,"href":"https:\/\/www.arbeidsutvalget.no\/index.php?rest_route=\/wp\/v2\/pages\/1799\/revisions"}],"predecessor-version":[{"id":1842,"href":"https:\/\/www.arbeidsutvalget.no\/index.php?rest_route=\/wp\/v2\/pages\/1799\/revisions\/1842"}],"up":[{"embeddable":true,"href":"https:\/\/www.arbeidsutvalget.no\/index.php?rest_route=\/wp\/v2\/pages\/116"}],"wp:attachment":[{"href":"https:\/\/www.arbeidsutvalget.no\/index.php?rest_route=%2Fwp%2Fv2%2Fmedia&parent=1799"}],"curies":[{"name":"wp","href":"https:\/\/api.w.org\/{rel}","templated":true}]}}