{"id":1754,"date":"2017-02-15T15:07:37","date_gmt":"2017-02-15T14:07:37","guid":{"rendered":"http:\/\/www.arbeidsutvalget.no\/?page_id=1754"},"modified":"2017-05-08T10:03:33","modified_gmt":"2017-05-08T09:03:33","slug":"forelopig-program","status":"publish","type":"page","link":"https:\/\/www.arbeidsutvalget.no\/?page_id=1754","title":{"rendered":"Program"},"content":{"rendered":"<h2>Tirsdag 9. mai<\/h2>\n<p><strong>11.00 \u2013 12.00<\/strong><br \/>\nRegistrering<\/p>\n<p><strong><br \/>\n12.00 \u2013 13.00<br \/>\n<\/strong> Lunsj<\/p>\n<p><strong><br \/>\n13.00 \u2013 13.15<br \/>\n<\/strong> \u00c5pning ved kommunaldirekt\u00f8r Kultur, Nina Kongtorp \/ praktisk info<\/p>\n<p><strong><br \/>\n13.15 \u2013 14.05<br \/>\n<\/strong><\/p>\n<ul>\n<li>&laquo;Siden sist&raquo;, ved Ola Thori Kogstad, Bibliotek-Systemer As<\/li>\n<li>Saksbehandlingsmodulen i Bibliofil, ved Marie Chetwynd Eikeland,\u00a0Bibliotek-Systemer As<\/li>\n<\/ul>\n<p><strong><br \/>\n<\/strong><strong>14.05 \u2013 14.20<\/strong><br \/>\nPause<\/p>\n<p><strong><br \/>\n14.20\u2013 15.00<\/strong><\/p>\n<ul>\n<li>Nettbetaling, ved Roger Niva og Reidar Bjerkseth,\u00a0Bibliotek-Systemer As<\/li>\n<li>KatalogKrydder framover, ved Ola Thori Kogstad,\u00a0Bibliotek-Systemer As<\/li>\n<li>Viderel\u00e5n, ved Vidar Ringstr\u00f8m,\u00a0Bibliotek-Systemer As<\/li>\n<\/ul>\n<p><strong><br \/>\n15.00-15.15<\/strong><br \/>\nPause<\/p>\n<p><strong><br \/>\n15.15 &#8211; 16.00<\/strong><br \/>\nBiblioteks\u00f8k og autoritetsregister ved Hilde H\u00f8g\u00e5s, Nasjonalbiblioteket<\/p>\n<p><strong><br \/>\n16.00<\/strong><br \/>\nPausemat<\/p>\n<p><strong><br \/>\n17.45<br \/>\n<\/strong>Bussavgang til L\u00f8renskog bibliotek<\/p>\n<p><strong><br \/>\n18.00 \u2013 19.00<br \/>\n<\/strong> Mottakelse L\u00f8renskog bibliotek<\/p>\n<p><strong><br \/>\n19.00<\/strong><br \/>\nBussavgang til Losby Gods<\/p>\n<p><strong><br \/>\n19.15<\/strong><br \/>\nOmvisning p\u00e5 Losby Gods<\/p>\n<p><strong><br \/>\n20.00<\/strong><br \/>\nFestmiddag\u00a0p\u00e5 Losby Gods<\/p>\n<p><strong><br \/>\n23.00<\/strong><br \/>\nBussavgang til Thon Hotel Arena<\/p>\n<p>&nbsp;<\/p>\n<h2>Onsdag 10. mai<\/h2>\n<p><strong>09.00 \u2013 09.15<\/strong><br \/>\n\u00c5rsm\u00f8te og valg<\/p>\n<p><strong><br \/>\n09.15 \u2013 10.00<\/strong><br \/>\nErfaringer med Wagner guide ved Horten bibliotek\u00a0og Digitale hyller ved\u00a0Sandefjord bibliotek<\/p>\n<p><strong><br \/>\n10.00 &#8211; 10.15<\/strong><br \/>\nPause<\/p>\n<p><strong><br \/>\n10.15 &#8211; 10.45<br \/>\n<\/strong> Parallelle sesjoner \u2013 ved Bibliotek-Systemer As<\/p>\n<ol>\n<li>Mer\u00c5pent, Digitale hyller og WagnerGuide, ved Gunnar Monsen og Henriette Thoner<\/li>\n<li>Bibliofil i nettleseren: Videreutvikling og nye tjenester, ved Odd Arne Jensen og Vidar Ringstr\u00f8m<\/li>\n<\/ol>\n<p><strong><br \/>\n10.45 &#8211; 11.00<\/strong><br \/>\nPause<\/p>\n<p><strong><br \/>\n11.00 &#8211; 11.45<\/strong><br \/>\n\u00abN\u00e5 er det personlig\u00bb &#8211; personvern og persontilpassede tjenester ved Catharina Nes, Datatilsynet<\/p>\n<p><strong><br \/>\n11.45 &#8211; 12.00<\/strong><br \/>\nPause<\/p>\n<p><strong><br \/>\n12.00- 13.00<\/strong><\/p>\n<ul>\n<li>Diktregisteret lever videre, ved Monica Skybakmoen, Elverum bibliotek<\/li>\n<li>Bokkassel\u00e5n, ved Tore Morkemo,\u00a0Bibliotek-Systemer As<\/li>\n<li>Sikkerhet, ved Roger Niva,\u00a0Bibliotek-Systemer As<\/li>\n<li>Biblioteks\u00f8k &#8211; sett fra Larvik, ved Roger Niva,\u00a0Bibliotek-Systemer As<\/li>\n<li>Fjernkj\u00f8ring og driftstjenester, ved J\u00f8rn Skog Odberg,\u00a0Bibliotek-Systemer As<\/li>\n<\/ul>\n<p><strong>1300 &#8211; 1400<\/strong><br \/>\nVel hjem. Lunsj<\/p>\n","protected":false},"excerpt":{"rendered":"<p>Tirsdag 9. mai 11.00 \u2013 12.00 Registrering 12.00 \u2013 13.00 Lunsj 13.00 \u2013 13.15 \u00c5pning ved kommunaldirekt\u00f8r Kultur, Nina Kongtorp \/ praktisk info 13.15 \u2013 14.05 &laquo;Siden sist&raquo;, ved Ola Thori Kogstad, Bibliotek-Systemer As Saksbehandlingsmodulen i Bibliofil, ved Marie Chetwynd &hellip; <a href=\"https:\/\/www.arbeidsutvalget.no\/?page_id=1754\">Les videre <span class=\"meta-nav\">&rarr;<\/span><\/a><\/p>\n","protected":false},"author":14,"featured_media":0,"parent":1746,"menu_order":0,"comment_status":"closed","ping_status":"closed","template":"","meta":{"footnotes":""},"class_list":["post-1754","page","type-page","status-publish","hentry"],"_links":{"self":[{"href":"https:\/\/www.arbeidsutvalget.no\/index.php?rest_route=\/wp\/v2\/pages\/1754","targetHints":{"allow":["GET"]}}],"collection":[{"href":"https:\/\/www.arbeidsutvalget.no\/index.php?rest_route=\/wp\/v2\/pages"}],"about":[{"href":"https:\/\/www.arbeidsutvalget.no\/index.php?rest_route=\/wp\/v2\/types\/page"}],"author":[{"embeddable":true,"href":"https:\/\/www.arbeidsutvalget.no\/index.php?rest_route=\/wp\/v2\/users\/14"}],"replies":[{"embeddable":true,"href":"https:\/\/www.arbeidsutvalget.no\/index.php?rest_route=%2Fwp%2Fv2%2Fcomments&post=1754"}],"version-history":[{"count":18,"href":"https:\/\/www.arbeidsutvalget.no\/index.php?rest_route=\/wp\/v2\/pages\/1754\/revisions"}],"predecessor-version":[{"id":1854,"href":"https:\/\/www.arbeidsutvalget.no\/index.php?rest_route=\/wp\/v2\/pages\/1754\/revisions\/1854"}],"up":[{"embeddable":true,"href":"https:\/\/www.arbeidsutvalget.no\/index.php?rest_route=\/wp\/v2\/pages\/1746"}],"wp:attachment":[{"href":"https:\/\/www.arbeidsutvalget.no\/index.php?rest_route=%2Fwp%2Fv2%2Fmedia&parent=1754"}],"curies":[{"name":"wp","href":"https:\/\/api.w.org\/{rel}","templated":true}]}}