{"id":1742,"date":"2017-02-15T15:04:31","date_gmt":"2017-02-15T14:04:31","guid":{"rendered":"http:\/\/www.arbeidsutvalget.no\/?page_id=1742"},"modified":"2017-02-15T15:05:25","modified_gmt":"2017-02-15T14:05:25","slug":"invitasjon","status":"publish","type":"page","link":"https:\/\/www.arbeidsutvalget.no\/?page_id=1742","title":{"rendered":"Invitasjon"},"content":{"rendered":"<p><strong>P\u00e5meldingsfrist: mandag 20. mars<\/strong>\u00a0\u2013 v\u00e6r snill \u00e5 overholde fristen.<\/p>\n<p>Vi har gleden av \u00e5 invitere deg til brukerm\u00f8te tirsdag 9. og onsdag 10. mai 2017. Vertsbibliotek \u00a0i \u00e5r er\u00a0L\u00f8renskog bibliotek. P\u00e5 grunn av renovering av hotell i L\u00f8renskog vil m\u00f8tet bli holdt p\u00e5 Thon Hotel Arena i Lillestr\u00f8m.<\/p>\n<p><a href=\"https:\/\/www.arbeidsutvalget.no\/cgi-bin\/webmail?form=brukermote2017\">P\u00e5meldingsskjema<\/a>\u00a0ligger her!<\/p>\n<p>Vi har satt sammen et faglig program som vi h\u00e5per vil gi deg inspirasjon og faglig p\u00e5fyll du kan ta med hjem og bruke i eget bibliotek. Faste poster er ogs\u00e5 p\u00e5 plass, med nytt fra bibliotekene og presentasjoner fra Bibliotek-Systemer As.<\/p>\n<p>P\u00e5 brukerm\u00f8tet f\u00e5r du kunnskap om Bibliofil og hva som er nytt, og du f\u00e5r muligheten til \u00e5 diskutere med andre som er opptatt av det samme som deg.<\/p>\n<p>I \u00e5r har vi to eksterne foredragsholdere:<\/p>\n<ol start=\"9\">\n<li>mai kommer Hilde H\u00f8g\u00e5s fra Nasjonalbiblioteket for \u00e5 snakke om Biblioteks\u00f8k og autoritetsregister.<\/li>\n<li>mai vil Catharina Nes fra Datatilsynet snakke om personvern og persontilpassede tjenester.<\/li>\n<\/ol>\n<p><strong><br \/>\nPraktisk informasjon<\/strong><\/p>\n<p><strong>Reise til Lillestr\u00f8m<br \/>\n<\/strong>Tog til Lillestr\u00f8m tar bare 15 minutter fra Gardermoen og 10 minutter fra Oslo sentrum. Hotellet ligger i gangavstand fra togstasjonen.<\/p>\n<p><strong>Sosialt<br \/>\n<\/strong>Tirsdag kveld inviteres du til en mottakelse p\u00e5 L\u00f8renskog bibliotek. Det vil bli satt opp buss fra hotellet til biblioteket.<\/p>\n<p>Etter mottakelsen p\u00e5 biblioteket kj\u00f8rer bussen videre til <a href=\"http:\/\/www.losbygods.no\">Losby gods <\/a>.\u00a0 Der vil vi f\u00e5 en historisk vandring p\u00e5 godset f\u00f8r det er festmiddag.<\/p>\n<p>I tillegg til det faglige programmet er brukerm\u00f8tet en fin anledning til \u00e5 m\u00f8te kollegaer i andre bibliotek. Erfaringsutveksling b\u00e5de i og utenfor det oppsatte programmet er en viktig del av m\u00f8tet.<\/p>\n<p><strong>Kurs<br \/>\n<\/strong>Bibliotek-Systemer As vil ogs\u00e5 i \u00e5r arrangere kurs dagen f\u00f8r selve brukerm\u00f8tet (mandag 8. mai).\u00a0Egen p\u00e5melding for dette kurset, se kurs-invitasjon fra Bibliotek-Systemer As.<\/p>\n<p><strong>Priser<\/strong><\/p>\n<ul>\n<li>Ordin\u00e6r deltakeravgift er kr 3.500,-<\/li>\n<\/ul>\n<p>Alternativt for deltakere som ikke skal overnatte:<\/p>\n<ul>\n<li>\u00a0M\u00f8te 9. og 10. mai, uten overnatting, med lunsj, kaffepauser og festmiddag: 2200,-<\/li>\n<li>M\u00f8te 9. mai med kaffepauser, lunsj og festmiddag: 1.550,-<\/li>\n<li>M\u00f8te 9. mai med kaffepauser og lunsj: 650,-<\/li>\n<li>M\u00f8te 10. mai med kaffepauser og lunsj: 650,-<\/li>\n<li>Ekstra overnatting pr. pers: 1.400,-<\/li>\n<\/ul>\n","protected":false},"excerpt":{"rendered":"<p>P\u00e5meldingsfrist: mandag 20. mars\u00a0\u2013 v\u00e6r snill \u00e5 overholde fristen. Vi har gleden av \u00e5 invitere deg til brukerm\u00f8te tirsdag 9. og onsdag 10. mai 2017. Vertsbibliotek \u00a0i \u00e5r er\u00a0L\u00f8renskog bibliotek. P\u00e5 grunn av renovering av hotell i L\u00f8renskog vil m\u00f8tet &hellip; <a href=\"https:\/\/www.arbeidsutvalget.no\/?page_id=1742\">Les videre <span class=\"meta-nav\">&rarr;<\/span><\/a><\/p>\n","protected":false},"author":14,"featured_media":0,"parent":1746,"menu_order":0,"comment_status":"closed","ping_status":"closed","template":"","meta":{"footnotes":""},"class_list":["post-1742","page","type-page","status-publish","hentry"],"_links":{"self":[{"href":"https:\/\/www.arbeidsutvalget.no\/index.php?rest_route=\/wp\/v2\/pages\/1742","targetHints":{"allow":["GET"]}}],"collection":[{"href":"https:\/\/www.arbeidsutvalget.no\/index.php?rest_route=\/wp\/v2\/pages"}],"about":[{"href":"https:\/\/www.arbeidsutvalget.no\/index.php?rest_route=\/wp\/v2\/types\/page"}],"author":[{"embeddable":true,"href":"https:\/\/www.arbeidsutvalget.no\/index.php?rest_route=\/wp\/v2\/users\/14"}],"replies":[{"embeddable":true,"href":"https:\/\/www.arbeidsutvalget.no\/index.php?rest_route=%2Fwp%2Fv2%2Fcomments&post=1742"}],"version-history":[{"count":5,"href":"https:\/\/www.arbeidsutvalget.no\/index.php?rest_route=\/wp\/v2\/pages\/1742\/revisions"}],"predecessor-version":[{"id":1757,"href":"https:\/\/www.arbeidsutvalget.no\/index.php?rest_route=\/wp\/v2\/pages\/1742\/revisions\/1757"}],"up":[{"embeddable":true,"href":"https:\/\/www.arbeidsutvalget.no\/index.php?rest_route=\/wp\/v2\/pages\/1746"}],"wp:attachment":[{"href":"https:\/\/www.arbeidsutvalget.no\/index.php?rest_route=%2Fwp%2Fv2%2Fmedia&parent=1742"}],"curies":[{"name":"wp","href":"https:\/\/api.w.org\/{rel}","templated":true}]}}