{"id":17,"date":"2012-01-02T13:04:48","date_gmt":"2012-01-02T12:04:48","guid":{"rendered":"http:\/\/www.arbeidsutvalget.no\/?page_id=17"},"modified":"2025-09-15T16:47:32","modified_gmt":"2025-09-15T15:47:32","slug":"fagutvalgene","status":"publish","type":"page","link":"https:\/\/www.arbeidsutvalget.no\/?page_id=17","title":{"rendered":"Fagutvalgene"},"content":{"rendered":"<p>Bibliofilforeningen har 5 fagutvalg:<\/p>\n<p>Utl\u00e5n<br \/>\nS\u00f8k<br \/>\nKatalog, innkj\u00f8p og periodika<br \/>\nSkolebibliotek<br \/>\nSkolebibliotek VGS:<\/p>\n","protected":false},"excerpt":{"rendered":"<p>Bibliofilforeningen har 5 fagutvalg: Utl\u00e5n S\u00f8k Katalog, innkj\u00f8p og periodika Skolebibliotek Skolebibliotek VGS:<\/p>\n","protected":false},"author":14,"featured_media":0,"parent":0,"menu_order":0,"comment_status":"open","ping_status":"open","template":"","meta":{"footnotes":""},"class_list":["post-17","page","type-page","status-publish","hentry"],"_links":{"self":[{"href":"https:\/\/www.arbeidsutvalget.no\/index.php?rest_route=\/wp\/v2\/pages\/17","targetHints":{"allow":["GET"]}}],"collection":[{"href":"https:\/\/www.arbeidsutvalget.no\/index.php?rest_route=\/wp\/v2\/pages"}],"about":[{"href":"https:\/\/www.arbeidsutvalget.no\/index.php?rest_route=\/wp\/v2\/types\/page"}],"author":[{"embeddable":true,"href":"https:\/\/www.arbeidsutvalget.no\/index.php?rest_route=\/wp\/v2\/users\/14"}],"replies":[{"embeddable":true,"href":"https:\/\/www.arbeidsutvalget.no\/index.php?rest_route=%2Fwp%2Fv2%2Fcomments&post=17"}],"version-history":[{"count":5,"href":"https:\/\/www.arbeidsutvalget.no\/index.php?rest_route=\/wp\/v2\/pages\/17\/revisions"}],"predecessor-version":[{"id":3085,"href":"https:\/\/www.arbeidsutvalget.no\/index.php?rest_route=\/wp\/v2\/pages\/17\/revisions\/3085"}],"wp:attachment":[{"href":"https:\/\/www.arbeidsutvalget.no\/index.php?rest_route=%2Fwp%2Fv2%2Fmedia&parent=17"}],"curies":[{"name":"wp","href":"https:\/\/api.w.org\/{rel}","templated":true}]}}