{"id":1569,"date":"2015-02-05T10:10:23","date_gmt":"2015-02-05T09:10:23","guid":{"rendered":"http:\/\/www.arbeidsutvalget.no\/?page_id=1569"},"modified":"2015-04-23T13:42:31","modified_gmt":"2015-04-23T12:42:31","slug":"program","status":"publish","type":"page","link":"https:\/\/www.arbeidsutvalget.no\/?page_id=1569","title":{"rendered":"Program"},"content":{"rendered":"<p><strong>Tirsdag 5. mai<\/strong><\/p>\n<p>10.30 \u2013 12.00 Registrering<\/p>\n<p>12.00 \u2013 13.00 Lunsj<\/p>\n<p>13.00 \u2013 13.15 Velkommen\/\u00c5pning\/Praktisk info<\/p>\n<p>13.15 \u2013 14.00 Jakten p\u00e5 det unike \/ Hilde Ditmansen, T\u00f8nsberg &amp; N\u00f8tter\u00f8y bibliotek<\/p>\n<p>14.00 \u2013 14.10 Pause<\/p>\n<p>14.10 \u2013 14.50 Plan for samlingsutvikling \/ Trygve Kikut, T\u00f8nsberg &amp; N\u00f8tter\u00f8y bibliotek<br \/>\nGruppearbeid for skolebibliotekarer<\/p>\n<p>14.50 \u2013 15.35 Webl\u00f8ft \/ Petter von Krogh, Buskerud fylkesbibliotek<br \/>\nGruppearbeid for skolebibliotekarer<\/p>\n<p>15.35 \u2013 16.00 Siden sist \/ Ola Thori Krogstad, Bibliotek-Systemer<\/p>\n<p>17.00 \u2013 17.50 Mottakelse Stormen bibliotek <a href=\"http:\/\/stormen.no\/biblioteket\/\">http:\/\/stormen.no\/biblioteket\/<\/a><\/p>\n<p>18.00 Bussavgang til Kjerring\u00f8y <a href=\"http:\/\/www.kjerringoy.info\">http:\/\/www.kjerringoy.info<\/a><\/p>\n<p>19.30 \u2013 21.00 Guidet omvisning p\u00e5 handelsstedet<\/p>\n<p>21.00 Middag p\u00e5 Kjerring\u00f8y brygge <a href=\"http:\/\/www.kjerringoybrygge.no\/?id=273970477\">http:\/\/www.kjerringoybrygge.no\/?id=273970477<\/a><\/p>\n<p>23.15 Bussavgang tilbake til Bod\u00f8<\/p>\n<p><strong>Onsdag 6. mai<\/strong><\/p>\n<p>Utsjekking fra Hotell Scandic Havet<br \/>\n<strong><br \/>\n<\/strong>09.00 \u2013 09.15 Vi g\u00e5r til hotell Scandic Bod\u00f8s konferanselokaler<\/p>\n<p>09.15 \u2013 09.40 Bibliotek-Systemer presenterer:<br \/>\nIstedet for \u00e5 jobbe med gruppeoppgaver vil Biblioteksystemer i \u00e5r holde flere korte foredrag\u00a0der de presenterer nyttige tips i bruken av Bibliofil.<\/p>\n<p>Velg mellom:<br \/>\na) Spennende muligheter i utl\u00e5n<br \/>\nb) Webs\u00f8k tilpasset mitt bibliotek<\/p>\n<p>09.40 \u2013 09.50 Pause<\/p>\n<p>09.50 \u2013 10.15 Bibliotek-Systemer presenterer:<\/p>\n<p>Velg mellom:<br \/>\na) Tankevekkende statistikker<br \/>\nb) \u00c5pent bibliotek og selvbetjening<\/p>\n<p>10.15 \u2013 10.25 Pause<\/p>\n<p>10.25 \u2013 10.50 Bibliotek-Systemer presenterer:<\/p>\n<p>Velg mellom:<\/p>\n<p>a) Kontakt med omverden:<br \/>\nNCIP<br \/>\nKommunal fakturering &#8211; Visma<\/p>\n<p>b) Blanda drops:<br \/>\nBiblioteks\u00f8k<br \/>\nNye etikettmuligheter<\/p>\n<p>10.50 \u2013 11.00 Pause<\/p>\n<p>11.00 \u2013 12.00 Informasjon fra Bibliotek-Systemer AS<\/p>\n<p>12.00 \u2013 12.30 Valg og takk for n\u00e5<\/p>\n<p>12.30 Lunsj<br \/>\n<strong><br \/>\n<\/strong><\/p>\n","protected":false},"excerpt":{"rendered":"<p>Tirsdag 5. mai 10.30 \u2013 12.00 Registrering 12.00 \u2013 13.00 Lunsj 13.00 \u2013 13.15 Velkommen\/\u00c5pning\/Praktisk info 13.15 \u2013 14.00 Jakten p\u00e5 det unike \/ Hilde Ditmansen, T\u00f8nsberg &amp; N\u00f8tter\u00f8y bibliotek 14.00 \u2013 14.10 Pause 14.10 \u2013 14.50 Plan for samlingsutvikling &hellip; <a href=\"https:\/\/www.arbeidsutvalget.no\/?page_id=1569\">Les videre <span class=\"meta-nav\">&rarr;<\/span><\/a><\/p>\n","protected":false},"author":14,"featured_media":0,"parent":1557,"menu_order":0,"comment_status":"open","ping_status":"open","template":"","meta":{"footnotes":""},"class_list":["post-1569","page","type-page","status-publish","hentry"],"_links":{"self":[{"href":"https:\/\/www.arbeidsutvalget.no\/index.php?rest_route=\/wp\/v2\/pages\/1569","targetHints":{"allow":["GET"]}}],"collection":[{"href":"https:\/\/www.arbeidsutvalget.no\/index.php?rest_route=\/wp\/v2\/pages"}],"about":[{"href":"https:\/\/www.arbeidsutvalget.no\/index.php?rest_route=\/wp\/v2\/types\/page"}],"author":[{"embeddable":true,"href":"https:\/\/www.arbeidsutvalget.no\/index.php?rest_route=\/wp\/v2\/users\/14"}],"replies":[{"embeddable":true,"href":"https:\/\/www.arbeidsutvalget.no\/index.php?rest_route=%2Fwp%2Fv2%2Fcomments&post=1569"}],"version-history":[{"count":9,"href":"https:\/\/www.arbeidsutvalget.no\/index.php?rest_route=\/wp\/v2\/pages\/1569\/revisions"}],"predecessor-version":[{"id":1613,"href":"https:\/\/www.arbeidsutvalget.no\/index.php?rest_route=\/wp\/v2\/pages\/1569\/revisions\/1613"}],"up":[{"embeddable":true,"href":"https:\/\/www.arbeidsutvalget.no\/index.php?rest_route=\/wp\/v2\/pages\/1557"}],"wp:attachment":[{"href":"https:\/\/www.arbeidsutvalget.no\/index.php?rest_route=%2Fwp%2Fv2%2Fmedia&parent=1569"}],"curies":[{"name":"wp","href":"https:\/\/api.w.org\/{rel}","templated":true}]}}