{"id":156,"date":"2012-01-25T18:32:20","date_gmt":"2012-01-25T17:32:20","guid":{"rendered":"http:\/\/www.arbeidsutvalget.no\/?page_id=156"},"modified":"2012-04-26T08:29:53","modified_gmt":"2012-04-26T07:29:53","slug":"2002-alesund","status":"publish","type":"page","link":"https:\/\/www.arbeidsutvalget.no\/?page_id=156","title":{"rendered":"2002: \u00c5lesund"},"content":{"rendered":"<p><em>Alle lenker g\u00e5r til Arbeidsutvalgets gamle nettsted, og \u00e5pnes i nytt vindu\/ny fane.<\/em><\/p>\n<p>Invitasjon ikke publisert<\/p>\n<p><a href=\"gml\/program02.html\" target=\"_blank\">Dagsorden<\/a><\/p>\n<p><a href=\"gml\/Referat_Alesund02.html\" target=\"_blank\">Referat 27. og 28. mai<\/a><\/p>\n<p><a href=\"gml\/brukermotedeltagere2002.html\" target=\"_blank\">Deltakere<\/a><\/p>\n<p><a href=\"gml\/sporsmaal2002.html\" target=\"_blank\">Sp\u00f8rsm\u00e5l til Bibliotek-Systemer AS\u00a0 med svar<\/a><\/p>\n<p>Gruppearbeid:<br \/>\n<a href=\"gml\/grupper2002.html\" target=\"_blank\">Gruppeinndeling<\/a><br \/>\n<a href=\"gml\/gruppearbeid_2002.html\" target=\"_blank\">Referat fra gruppearbeidet<\/a><\/p>\n","protected":false},"excerpt":{"rendered":"<p>Alle lenker g\u00e5r til Arbeidsutvalgets gamle nettsted, og \u00e5pnes i nytt vindu\/ny fane. Invitasjon ikke publisert Dagsorden Referat 27. og 28. mai Deltakere Sp\u00f8rsm\u00e5l til Bibliotek-Systemer AS\u00a0 med svar Gruppearbeid: Gruppeinndeling Referat fra gruppearbeidet<\/p>\n","protected":false},"author":14,"featured_media":0,"parent":23,"menu_order":28,"comment_status":"open","ping_status":"open","template":"","meta":{"footnotes":""},"class_list":["post-156","page","type-page","status-publish","hentry"],"_links":{"self":[{"href":"https:\/\/www.arbeidsutvalget.no\/index.php?rest_route=\/wp\/v2\/pages\/156","targetHints":{"allow":["GET"]}}],"collection":[{"href":"https:\/\/www.arbeidsutvalget.no\/index.php?rest_route=\/wp\/v2\/pages"}],"about":[{"href":"https:\/\/www.arbeidsutvalget.no\/index.php?rest_route=\/wp\/v2\/types\/page"}],"author":[{"embeddable":true,"href":"https:\/\/www.arbeidsutvalget.no\/index.php?rest_route=\/wp\/v2\/users\/14"}],"replies":[{"embeddable":true,"href":"https:\/\/www.arbeidsutvalget.no\/index.php?rest_route=%2Fwp%2Fv2%2Fcomments&post=156"}],"version-history":[{"count":5,"href":"https:\/\/www.arbeidsutvalget.no\/index.php?rest_route=\/wp\/v2\/pages\/156\/revisions"}],"predecessor-version":[{"id":384,"href":"https:\/\/www.arbeidsutvalget.no\/index.php?rest_route=\/wp\/v2\/pages\/156\/revisions\/384"}],"up":[{"embeddable":true,"href":"https:\/\/www.arbeidsutvalget.no\/index.php?rest_route=\/wp\/v2\/pages\/23"}],"wp:attachment":[{"href":"https:\/\/www.arbeidsutvalget.no\/index.php?rest_route=%2Fwp%2Fv2%2Fmedia&parent=156"}],"curies":[{"name":"wp","href":"https:\/\/api.w.org\/{rel}","templated":true}]}}