{"id":1557,"date":"2015-01-23T08:31:00","date_gmt":"2015-01-23T07:31:00","guid":{"rendered":"http:\/\/www.arbeidsutvalget.no\/?page_id=1557"},"modified":"2017-02-15T11:37:34","modified_gmt":"2017-02-15T10:37:34","slug":"2015-bodo","status":"publish","type":"page","link":"https:\/\/www.arbeidsutvalget.no\/?page_id=1557","title":{"rendered":"2015: Bod\u00f8"},"content":{"rendered":"<p>\u00c5rets brukerm\u00f8te blir 5. og 6. mai p\u00e5 Scandic Havet i Bod\u00f8.<\/p>\n<p>Vi starter med registrering kl 10.30 p\u00e5 tirsdag, og vil avslutte kl 13.30 p\u00e5 onsdag.<br \/>\nMandag 4. mai holder Bibliofil kurs. Sett av dagene allerede n\u00e5.<\/p>\n<p>Velkommen!<\/p>\n<p><a href=\"https:\/\/www.arbeidsutvalget.no\/?page_id=1567\">Invitasjon<\/a><\/p>\n<p><a href=\"https:\/\/www.arbeidsutvalget.no\/?page_id=1569\">Program<\/a><\/p>\n<p><a href=\"https:\/\/www.arbeidsutvalget.no\/cgi-bin\/webmail?form=brukermote2015\">P\u00e5melding<\/a><\/p>\n","protected":false},"excerpt":{"rendered":"<p>\u00c5rets brukerm\u00f8te blir 5. og 6. mai p\u00e5 Scandic Havet i Bod\u00f8. Vi starter med registrering kl 10.30 p\u00e5 tirsdag, og vil avslutte kl 13.30 p\u00e5 onsdag. Mandag 4. mai holder Bibliofil kurs. Sett av dagene allerede n\u00e5. Velkommen! Invitasjon &hellip; <a href=\"https:\/\/www.arbeidsutvalget.no\/?page_id=1557\">Les videre <span class=\"meta-nav\">&rarr;<\/span><\/a><\/p>\n","protected":false},"author":14,"featured_media":0,"parent":23,"menu_order":15,"comment_status":"open","ping_status":"open","template":"","meta":{"footnotes":""},"class_list":["post-1557","page","type-page","status-publish","hentry"],"_links":{"self":[{"href":"https:\/\/www.arbeidsutvalget.no\/index.php?rest_route=\/wp\/v2\/pages\/1557","targetHints":{"allow":["GET"]}}],"collection":[{"href":"https:\/\/www.arbeidsutvalget.no\/index.php?rest_route=\/wp\/v2\/pages"}],"about":[{"href":"https:\/\/www.arbeidsutvalget.no\/index.php?rest_route=\/wp\/v2\/types\/page"}],"author":[{"embeddable":true,"href":"https:\/\/www.arbeidsutvalget.no\/index.php?rest_route=\/wp\/v2\/users\/14"}],"replies":[{"embeddable":true,"href":"https:\/\/www.arbeidsutvalget.no\/index.php?rest_route=%2Fwp%2Fv2%2Fcomments&post=1557"}],"version-history":[{"count":3,"href":"https:\/\/www.arbeidsutvalget.no\/index.php?rest_route=\/wp\/v2\/pages\/1557\/revisions"}],"predecessor-version":[{"id":1590,"href":"https:\/\/www.arbeidsutvalget.no\/index.php?rest_route=\/wp\/v2\/pages\/1557\/revisions\/1590"}],"up":[{"embeddable":true,"href":"https:\/\/www.arbeidsutvalget.no\/index.php?rest_route=\/wp\/v2\/pages\/23"}],"wp:attachment":[{"href":"https:\/\/www.arbeidsutvalget.no\/index.php?rest_route=%2Fwp%2Fv2%2Fmedia&parent=1557"}],"curies":[{"name":"wp","href":"https:\/\/api.w.org\/{rel}","templated":true}]}}