{"id":140,"date":"2012-01-25T18:25:44","date_gmt":"2012-01-25T17:25:44","guid":{"rendered":"http:\/\/www.arbeidsutvalget.no\/?page_id=140"},"modified":"2012-04-20T13:28:23","modified_gmt":"2012-04-20T12:28:23","slug":"2010-asker","status":"publish","type":"page","link":"https:\/\/www.arbeidsutvalget.no\/?page_id=140","title":{"rendered":"2010: Asker"},"content":{"rendered":"<p><em>Alle lenker g\u00e5r til Arbeidsutvalgets gamle nettsted, og \u00e5pnes i nytt vindu\/ny fane.<\/em><\/p>\n<p>Hovedtema: &laquo;Luftl\u00e5n&raquo; (ikke-fysiske medier)<\/p>\n<p><a href=\"gml\/brukermote2010\/Velkommen.html\" target=\"_blank\">Invitasjon<\/a><\/p>\n<p><a href=\"gml\/brukermote2010\/program.html\" target=\"_blank\">Dagsorden<\/a><br \/>\n<strong> <a href=\"gml\/brukermote2010\/referat_dag1.html\" target=\"_blank\">Referat 4. mai<\/a><\/strong><br \/>\n<a href=\"gml\/brukermote2010\/referat_dag2.html\" target=\"_blank\"><strong> Referat 5. mai<\/strong><\/a><\/p>\n<p><a href=\"gml\/brukermote2010\/brukermotedeltakere.html\" target=\"_blank\">Deltakere<\/a><\/p>\n<p>Ingen sp\u00f8rsm\u00e5l til Bibliotek-Systemer AS.<br \/>\nIngen saker til avstemning<\/p>\n<p>Gruppearbeid:<br \/>\n<a href=\"gml\/brukermote2010\/gruppedag.html\" target=\"_blank\">Gruppeinndeling<\/a><br \/>\n<a href=\"gml\/brukermote2010\/gruppeoppgaver.html\" target=\"_blank\">Gruppeoppgaver<\/a><br \/>\n<a href=\"gml\/brukermote2010\/referatgruppearbeid.html\" target=\"_blank\">Referat fra gruppearbeidet<\/a><\/p>\n","protected":false},"excerpt":{"rendered":"<p>Alle lenker g\u00e5r til Arbeidsutvalgets gamle nettsted, og \u00e5pnes i nytt vindu\/ny fane. Hovedtema: &laquo;Luftl\u00e5n&raquo; (ikke-fysiske medier) Invitasjon Dagsorden Referat 4. mai Referat 5. mai Deltakere Ingen sp\u00f8rsm\u00e5l til Bibliotek-Systemer AS. Ingen saker til avstemning Gruppearbeid: Gruppeinndeling Gruppeoppgaver Referat fra &hellip; <a href=\"https:\/\/www.arbeidsutvalget.no\/?page_id=140\">Les videre <span class=\"meta-nav\">&rarr;<\/span><\/a><\/p>\n","protected":false},"author":14,"featured_media":0,"parent":23,"menu_order":20,"comment_status":"open","ping_status":"open","template":"","meta":{"footnotes":""},"class_list":["post-140","page","type-page","status-publish","hentry"],"_links":{"self":[{"href":"https:\/\/www.arbeidsutvalget.no\/index.php?rest_route=\/wp\/v2\/pages\/140","targetHints":{"allow":["GET"]}}],"collection":[{"href":"https:\/\/www.arbeidsutvalget.no\/index.php?rest_route=\/wp\/v2\/pages"}],"about":[{"href":"https:\/\/www.arbeidsutvalget.no\/index.php?rest_route=\/wp\/v2\/types\/page"}],"author":[{"embeddable":true,"href":"https:\/\/www.arbeidsutvalget.no\/index.php?rest_route=\/wp\/v2\/users\/14"}],"replies":[{"embeddable":true,"href":"https:\/\/www.arbeidsutvalget.no\/index.php?rest_route=%2Fwp%2Fv2%2Fcomments&post=140"}],"version-history":[{"count":8,"href":"https:\/\/www.arbeidsutvalget.no\/index.php?rest_route=\/wp\/v2\/pages\/140\/revisions"}],"predecessor-version":[{"id":361,"href":"https:\/\/www.arbeidsutvalget.no\/index.php?rest_route=\/wp\/v2\/pages\/140\/revisions\/361"}],"up":[{"embeddable":true,"href":"https:\/\/www.arbeidsutvalget.no\/index.php?rest_route=\/wp\/v2\/pages\/23"}],"wp:attachment":[{"href":"https:\/\/www.arbeidsutvalget.no\/index.php?rest_route=%2Fwp%2Fv2%2Fmedia&parent=140"}],"curies":[{"name":"wp","href":"https:\/\/api.w.org\/{rel}","templated":true}]}}