{"id":1149,"date":"2014-04-29T09:41:29","date_gmt":"2014-04-29T08:41:29","guid":{"rendered":"http:\/\/www.arbeidsutvalget.no\/?page_id=1149"},"modified":"2014-05-06T10:05:26","modified_gmt":"2014-05-06T09:05:26","slug":"deltakere","status":"publish","type":"page","link":"https:\/\/www.arbeidsutvalget.no\/?page_id=1149","title":{"rendered":"Deltakere"},"content":{"rendered":"<p><a href=\"https:\/\/www.arbeidsutvalget.no\/wp-content\/uploads\/2014\/04\/Brukerm\u00f8teHamar1.pdf\">Deltakere<\/a> til \u00e5rets brukerm\u00f8te p\u00e5 Hamar.<\/p>\n<p>Aarmo Ib (Fredrikstad bibliotek)<br \/>\nAarnes Stine Bye (B\u00e6rum bibliotek)<br \/>\nAndersen Anne-Mette (T\u00f8nsberg og N\u00f8tter\u00f8y bibliotek)<br \/>\nAndersen Finn (Hamar bibliotek)<br \/>\nArntzen-Merkesdal Hilbj\u00f8rg (Sl\u00e5tthaug skole)<br \/>\nBairos Paulo (S\u00f8rum bibliotek)<br \/>\nBallovarre Stine (Alta bibliotek)<br \/>\nBerg Anne-Mette (S\u00f8r-Odal bibliotek)<br \/>\nBj\u00f8rklund Beate (S\u00f8gne bibliotek)<br \/>\nBj\u00f8rk\u00e5s Steffan (Finnmark fylkesbibliotek)<br \/>\nBlien Hanne (Gj\u00f8vik bibliotek)<br \/>\nBondenhagen Carl-August (Skien bibliotek)<br \/>\nBorgen Berit (Hamar bibliotek)<br \/>\nBrynildsen Birger (\u00d8vre Eiker bibliotek)<br \/>\nBr\u00e5ten Bente (Ringeriket bibliotek)<br \/>\nB\u00f8 Bj\u00f8rg Kristin Helland (Rennes\u00f8y Folkebibliotek)<br \/>\nEdvardsen Anne-Karin (S\u00f8r-Odal bibliotek)<br \/>\nEggen Ragnhild (Bod\u00f8 bibliotek)<br \/>\nEikeland Marie Chetwynd (Sandefjord bibliotek)<br \/>\nEriksen Bente Holmen (Halden fengselsbibliotek)<br \/>\nFlagstad Astrid (Borgen ungdomsskole)<br \/>\nFlo Kristin (Arendal bibliotek)<br \/>\nFoss Liv Randi (\u00c5lesund bibliotek)<br \/>\nGaare Eirik (Fylkesbiblioteket i Akershus)<br \/>\nGeving Ingunn (Porsgrunn bibliotek)<br \/>\nGjessing Hilde Merete (M\u00f8re og Romsdal fylkesbibliotek)<br \/>\nGovenius Cathrine (Olsvik skolebibliotek)<br \/>\nGran Elisabeth (Asker bibliotek)<br \/>\nGravels\u00e6ter Kristin (Tysv\u00e6r folkebibliotek)<br \/>\nGulliksen Isabell (Asker bibliotek)<br \/>\nGundersen Vegard (Lillehammer bibliotek)<br \/>\nHansen Elin Westg\u00e5rd (\u00d8stfold kulturutvikling)<br \/>\nHansen Leif (Porsgrunn bibliotek)<br \/>\nHaug Rigmor (Larvik bibliotek)<br \/>\nHausken Randi (B\u00e6rum bibliotek)<br \/>\nHegge Elin (Fredrikstad bibliotek)<br \/>\nHellum Knut (Horten bibliotek)<br \/>\nHeyerdahl (Astrid Telemarksbiblioteket)<br \/>\nHjert\u00f8 Berit (M\u00f8re og Romsdal fylkesbibliotek)<br \/>\nH\u00f8iby Beate (Elverum bibliotek)<br \/>\nH\u00f8iland Reidun (Farsund bibliotek)<br \/>\nJensen Marit (Skien bibliotek)<br \/>\nJervell Tora (Elverum bibliotek)<br \/>\nJonassen Tor Magnus (Moss bibliotek)<br \/>\nKarlsen Geirr (Drammen bibliotek)<br \/>\nKristiansen Kirsti Sandberg (Hedmark fylkeskommune, kultur, bibliotek og kompetanse)<br \/>\nKristmoen Bj\u00f8rn Rune (Gj\u00f8vik bibliotek og litteraturhus)<br \/>\nKvitnes Gunvor (Raa bibliotek)<br \/>\nLauritsen Anne (Ask\u00f8y folkebibliotek)<br \/>\nLiengen Alice (Elverum bibliotek)<br \/>\nLinkevitch Olga (Harstad bibliotek)<br \/>\nLorentzen Hilde Melhuus (Vads\u00f8 bibliotek)<br \/>\nLorentzen Heidi (Fylkesbiblioteket i Akershus)<br \/>\nLundby Lisbeth H. (Elverum bibliotek)<br \/>\nL\u00f8nnum Cecilie (Oppland fylkesbibliotek)<br \/>\nMarthinsen Tone (Lier bibliotek)<br \/>\nMesgrahl Kristine (Oppeg\u00e5rd bibliotek)<br \/>\nMoen Hedvig (Halden bibliotek)<br \/>\nMongstad Anders (Fjell folkeboksamling)<br \/>\nNarmo Inger Benningstad (Ringsaker bibliotek)<br \/>\nNogva Bente (Skedsmo bibliotek)<br \/>\nNordli Martin (Nedre Eiker bibliotek)<br \/>\nNornes Gun Odny (Haugesund folkebibliotek)<br \/>\nNyland Bj\u00f8rn Tore (Trondheim folkebibliotek)<br \/>\nOgn\u00f8y Linda (Bokn bibliotek)<br \/>\nOlsen Ingrid (Framnes ungdomsskole)<br \/>\nOpaker Hilde Myrbr\u00e5ten (Nes bibliotek)<br \/>\nRams\u00f8y Asbj\u00f8rn (Voss bibliotek)<br \/>\nReierstad Sidsel (Jessheim bibliotek)<br \/>\nRene Laila (Hordaland fylkesbibliotek)<br \/>\nRingdal Charlotte (T\u00f8nsberg og N\u00f8tter\u00f8y bibliotek)<br \/>\nRisjord Bj\u00f8rn (Arendal bibliotek)<br \/>\nRogndahl Bente (Hamar bibliotek, Hedmark fengsel)<br \/>\nRosland Tone (S\u00f8r-Odal bibliotek)<br \/>\nRushfeldt Lillian E. (Karm\u00f8y folkebibliotek)<br \/>\nR\u00f8nning Espen (Levanger bibliotek)<br \/>\nSandersen Astrid K. (R\u00e5de bibliotek)<br \/>\nSkeie Merete (Slemmestad bibliotek)<br \/>\nSkjulhaug Anne Trine (Fredrikstad bibliotek)<br \/>\nSkretting Norunn (H\u00e5 folkebibliotek)<br \/>\nSkybakmoen Monica (Elverum bibliotek)<br \/>\nSteinnes Dag Einar (Fredrikstad bibliotek)<br \/>\nStrand Aina Bente Jonsdatter (Kongsvinger bibliotek)<br \/>\nStrand Anne Berit Bakke (\u00c5mot kommune)<br \/>\nS\u00e6tre Hilde (Elverum bibliotek)<br \/>\nS\u00e6tre Kristin (Stord folkebibliotek)<br \/>\nS\u00f8rensen June (Karm\u00f8y folkebibliotek)<br \/>\nTaen Hilde (Framnes ungdomsskole)<br \/>\nTveter\u00e5s Marianne A (B\u00e6rum bibliotek, avd. Bekkestua)<br \/>\nVelle Lene Myrvold (\u00d8vre Eiker bibliotek)<br \/>\nWeinholdt Cecilie (Fylkesbiblioteket i Akershus)<br \/>\nWenstad Eva \u00d8iseth (V\u00e5ler folkebibliotek)<br \/>\nWestli Lillan (S\u00f8r-Odal bibliotek)<br \/>\nWieslawa Radziej (Telemarksbiblioteket)<br \/>\n\u00d8stlyngen Ingrid (L\u00f8renskog bibliotek)<br \/>\n\u00d8vstedal Kirsten Moi (Flekkefjord bibliotek)<\/p>\n","protected":false},"excerpt":{"rendered":"<p>Deltakere til \u00e5rets brukerm\u00f8te p\u00e5 Hamar. Aarmo Ib (Fredrikstad bibliotek) Aarnes Stine Bye (B\u00e6rum bibliotek) Andersen Anne-Mette (T\u00f8nsberg og N\u00f8tter\u00f8y bibliotek) Andersen Finn (Hamar bibliotek) Arntzen-Merkesdal Hilbj\u00f8rg (Sl\u00e5tthaug skole) Bairos Paulo (S\u00f8rum bibliotek) Ballovarre Stine (Alta bibliotek) Berg Anne-Mette (S\u00f8r-Odal &hellip; <a href=\"https:\/\/www.arbeidsutvalget.no\/?page_id=1149\">Les videre <span class=\"meta-nav\">&rarr;<\/span><\/a><\/p>\n","protected":false},"author":14,"featured_media":0,"parent":1111,"menu_order":0,"comment_status":"open","ping_status":"open","template":"","meta":{"footnotes":""},"class_list":["post-1149","page","type-page","status-publish","hentry"],"_links":{"self":[{"href":"https:\/\/www.arbeidsutvalget.no\/index.php?rest_route=\/wp\/v2\/pages\/1149","targetHints":{"allow":["GET"]}}],"collection":[{"href":"https:\/\/www.arbeidsutvalget.no\/index.php?rest_route=\/wp\/v2\/pages"}],"about":[{"href":"https:\/\/www.arbeidsutvalget.no\/index.php?rest_route=\/wp\/v2\/types\/page"}],"author":[{"embeddable":true,"href":"https:\/\/www.arbeidsutvalget.no\/index.php?rest_route=\/wp\/v2\/users\/14"}],"replies":[{"embeddable":true,"href":"https:\/\/www.arbeidsutvalget.no\/index.php?rest_route=%2Fwp%2Fv2%2Fcomments&post=1149"}],"version-history":[{"count":9,"href":"https:\/\/www.arbeidsutvalget.no\/index.php?rest_route=\/wp\/v2\/pages\/1149\/revisions"}],"predecessor-version":[{"id":1229,"href":"https:\/\/www.arbeidsutvalget.no\/index.php?rest_route=\/wp\/v2\/pages\/1149\/revisions\/1229"}],"up":[{"embeddable":true,"href":"https:\/\/www.arbeidsutvalget.no\/index.php?rest_route=\/wp\/v2\/pages\/1111"}],"wp:attachment":[{"href":"https:\/\/www.arbeidsutvalget.no\/index.php?rest_route=%2Fwp%2Fv2%2Fmedia&parent=1149"}],"curies":[{"name":"wp","href":"https:\/\/api.w.org\/{rel}","templated":true}]}}