{"id":1145,"date":"2014-04-29T09:34:44","date_gmt":"2014-04-29T08:34:44","guid":{"rendered":"http:\/\/www.arbeidsutvalget.no\/?page_id=1145"},"modified":"2014-05-07T07:30:08","modified_gmt":"2014-05-07T06:30:08","slug":"gruppeoppgaver","status":"publish","type":"page","link":"https:\/\/www.arbeidsutvalget.no\/?page_id=1145","title":{"rendered":"Gruppearbeid"},"content":{"rendered":"<p>Gruppearbeidet p\u00e5 \u00e5rets brukerm\u00f8te best\u00e5r i \u00e5 utveksle erfaringer og snakke om videreutviklings\u00f8nsker p\u00e5 de respektive feltene.<\/p>\n<p>NB! Gruppa Skolebibliotek skal, etter \u00f8nske fra deltakerne, likevel ha gruppearbeid. &laquo;Studietur&raquo; til Ajer ungdomsskole utg\u00e5r. <\/p>\n<p>Det er 8 grupper:<\/p>\n<p>1. L\u00f8sning for publikums-pcer<br \/>\n2. Katalog<br \/>\n3. S\u00f8k<br \/>\n4. Utl\u00e5n<br \/>\n5. Webs\u00f8k\/Mappami<br \/>\n6. Webbaserte tjenester 1<br \/>\n7. Webbaserte tjenester 2<br \/>\n8. Skolebibliotek<\/p>\n<p>Gruppeleder er ansvarlig for at det skrives referat fra arbeidet. Referatet sendes inn til AU (arbutvalg@bibliofil.no) senest 14 dager etter brukerm\u00f8tet, og vil bli publisert p\u00e5 nettsidene.<\/p>\n","protected":false},"excerpt":{"rendered":"<p>Gruppearbeidet p\u00e5 \u00e5rets brukerm\u00f8te best\u00e5r i \u00e5 utveksle erfaringer og snakke om videreutviklings\u00f8nsker p\u00e5 de respektive feltene. NB! Gruppa Skolebibliotek skal, etter \u00f8nske fra deltakerne, likevel ha gruppearbeid. &laquo;Studietur&raquo; til Ajer ungdomsskole utg\u00e5r. Det er 8 grupper: 1. L\u00f8sning for &hellip; <a href=\"https:\/\/www.arbeidsutvalget.no\/?page_id=1145\">Les videre <span class=\"meta-nav\">&rarr;<\/span><\/a><\/p>\n","protected":false},"author":14,"featured_media":0,"parent":1111,"menu_order":0,"comment_status":"open","ping_status":"open","template":"","meta":{"footnotes":""},"class_list":["post-1145","page","type-page","status-publish","hentry"],"_links":{"self":[{"href":"https:\/\/www.arbeidsutvalget.no\/index.php?rest_route=\/wp\/v2\/pages\/1145","targetHints":{"allow":["GET"]}}],"collection":[{"href":"https:\/\/www.arbeidsutvalget.no\/index.php?rest_route=\/wp\/v2\/pages"}],"about":[{"href":"https:\/\/www.arbeidsutvalget.no\/index.php?rest_route=\/wp\/v2\/types\/page"}],"author":[{"embeddable":true,"href":"https:\/\/www.arbeidsutvalget.no\/index.php?rest_route=\/wp\/v2\/users\/14"}],"replies":[{"embeddable":true,"href":"https:\/\/www.arbeidsutvalget.no\/index.php?rest_route=%2Fwp%2Fv2%2Fcomments&post=1145"}],"version-history":[{"count":5,"href":"https:\/\/www.arbeidsutvalget.no\/index.php?rest_route=\/wp\/v2\/pages\/1145\/revisions"}],"predecessor-version":[{"id":1243,"href":"https:\/\/www.arbeidsutvalget.no\/index.php?rest_route=\/wp\/v2\/pages\/1145\/revisions\/1243"}],"up":[{"embeddable":true,"href":"https:\/\/www.arbeidsutvalget.no\/index.php?rest_route=\/wp\/v2\/pages\/1111"}],"wp:attachment":[{"href":"https:\/\/www.arbeidsutvalget.no\/index.php?rest_route=%2Fwp%2Fv2%2Fmedia&parent=1145"}],"curies":[{"name":"wp","href":"https:\/\/api.w.org\/{rel}","templated":true}]}}