{"id":102,"date":"2012-01-04T18:53:01","date_gmt":"2012-01-04T17:53:01","guid":{"rendered":"http:\/\/www.arbeidsutvalget.no\/?page_id=102"},"modified":"2012-04-30T10:01:48","modified_gmt":"2012-04-30T09:01:48","slug":"102-2","status":"publish","type":"page","link":"https:\/\/www.arbeidsutvalget.no\/?page_id=102","title":{"rendered":"Referater"},"content":{"rendered":"<p>M\u00f8tereferater fra Fagutvalg for brukertjenester i perioden 2010 \u2013 2011, fra arkiv:<\/p>\n<p>12.04.2011: <a href=\"gml\/brukertjenester\/referat12042011.html\">Referat fra m\u00f8te i fagutvalg for brukertjenester<br \/>\n<\/a>15.02.2011: <a href=\"gml\/brukertjenester\/referat15022011.html\">Referat fra m\u00f8te i fagutvalg for brukertjenester<\/a><br \/>\n24.11.2010: <a href=\"gml\/brukertjenester\/referat24112010.html\">Referat fra m\u00f8te i fagutvalg for brukertjenester<br \/>\n<\/a>01.10.2010: <a href=\"gml\/brukertjenester\/referat01102010.html\">Referat fra m\u00f8te i fagutvalg for brukertjenester<\/a><br \/>\n25.06.2010: <a href=\"gml\/brukertjenester\/referat25062010.html\">Referat fra m\u00f8te i fagutvalg for brukertjenester<\/a><\/p>\n","protected":false},"excerpt":{"rendered":"<p>M\u00f8tereferater fra Fagutvalg for brukertjenester i perioden 2010 \u2013 2011, fra arkiv: 12.04.2011: Referat fra m\u00f8te i fagutvalg for brukertjenester 15.02.2011: Referat fra m\u00f8te i fagutvalg for brukertjenester 24.11.2010: Referat fra m\u00f8te i fagutvalg for brukertjenester 01.10.2010: Referat fra m\u00f8te &hellip; <a href=\"https:\/\/www.arbeidsutvalget.no\/?page_id=102\">Les videre <span class=\"meta-nav\">&rarr;<\/span><\/a><\/p>\n","protected":false},"author":14,"featured_media":0,"parent":17,"menu_order":0,"comment_status":"open","ping_status":"open","template":"","meta":{"footnotes":""},"class_list":["post-102","page","type-page","status-publish","hentry"],"_links":{"self":[{"href":"https:\/\/www.arbeidsutvalget.no\/index.php?rest_route=\/wp\/v2\/pages\/102","targetHints":{"allow":["GET"]}}],"collection":[{"href":"https:\/\/www.arbeidsutvalget.no\/index.php?rest_route=\/wp\/v2\/pages"}],"about":[{"href":"https:\/\/www.arbeidsutvalget.no\/index.php?rest_route=\/wp\/v2\/types\/page"}],"author":[{"embeddable":true,"href":"https:\/\/www.arbeidsutvalget.no\/index.php?rest_route=\/wp\/v2\/users\/14"}],"replies":[{"embeddable":true,"href":"https:\/\/www.arbeidsutvalget.no\/index.php?rest_route=%2Fwp%2Fv2%2Fcomments&post=102"}],"version-history":[{"count":5,"href":"https:\/\/www.arbeidsutvalget.no\/index.php?rest_route=\/wp\/v2\/pages\/102\/revisions"}],"predecessor-version":[{"id":260,"href":"https:\/\/www.arbeidsutvalget.no\/index.php?rest_route=\/wp\/v2\/pages\/102\/revisions\/260"}],"up":[{"embeddable":true,"href":"https:\/\/www.arbeidsutvalget.no\/index.php?rest_route=\/wp\/v2\/pages\/17"}],"wp:attachment":[{"href":"https:\/\/www.arbeidsutvalget.no\/index.php?rest_route=%2Fwp%2Fv2%2Fmedia&parent=102"}],"curies":[{"name":"wp","href":"https:\/\/api.w.org\/{rel}","templated":true}]}}