{"id":100,"date":"2012-01-04T18:52:47","date_gmt":"2012-01-04T17:52:47","guid":{"rendered":"http:\/\/www.arbeidsutvalget.no\/?page_id=100"},"modified":"2023-04-17T07:49:06","modified_gmt":"2023-04-17T06:49:06","slug":"referater","status":"publish","type":"page","link":"https:\/\/www.arbeidsutvalget.no\/?page_id=100","title":{"rendered":"Referater"},"content":{"rendered":"\n<div data-wp-interactive=\"core\/file\" class=\"wp-block-file\"><object data-wp-bind--hidden=\"!state.hasPdfPreview\" hidden class=\"wp-block-file__embed\" data=\"https:\/\/www.arbeidsutvalget.no\/wp-content\/uploads\/2023\/04\/Fagutvalg-for-katalog-referat-20230315.pdf\" type=\"application\/pdf\" style=\"width:100%;height:600px\" aria-label=\"Innbygging av Fagutvalg-for-katalog-referat-20230315\"><\/object><a id=\"wp-block-file--media-3f6776e3-5c7b-4d4d-823a-9200dec68d7c\" href=\"https:\/\/www.arbeidsutvalget.no\/wp-content\/uploads\/2023\/04\/Fagutvalg-for-katalog-referat-20230315.pdf\">Fagutvalg-for-katalog-referat-20230315<\/a><a href=\"https:\/\/www.arbeidsutvalget.no\/wp-content\/uploads\/2023\/04\/Fagutvalg-for-katalog-referat-20230315.pdf\" class=\"wp-block-file__button wp-element-button\" download aria-describedby=\"wp-block-file--media-3f6776e3-5c7b-4d4d-823a-9200dec68d7c\">Last ned<\/a><\/div>\n\n\n\n<h2 class=\"wp-block-heading\">Tidligere referater<\/h2>\n\n\n\n<p><\/p>\n\n\n\n<p><a href=\"https:\/\/www.arbeidsutvalget.no\/wp-content\/uploads\/2022\/04\/Dokument6-1.pdf\">Referat fra m\u00f8te i fagutvalg for katalog og innkj\u00f8p 2022<\/a><br><a href=\"https:\/\/www.arbeidsutvalget.no\/wp-content\/uploads\/2022\/04\/katalogUtvalgReferat2021.pdf\">Referat fra m\u00f8te i fagutvalg for katalog og innkj\u00f8p 2021<\/a><br><a href=\"https:\/\/www.arbeidsutvalget.no\/wp-content\/uploads\/2021\/09\/REFERAT-FRA-MOTE-I-FAGUTVALG-FOR-KATALOG-OG-INNKJOP-TIRSDAG-31.pdf\">Referat fra m\u00f8te i fagutvalg for katalog og innkj\u00f8p 2020<\/a><br><a href=\"https:\/\/www.arbeidsutvalget.no\/wp-content\/uploads\/2019\/04\/Referat-fagutvalg-katalog2019.pdf\">Referat fra m\u00f8te i fagutvalg for katalog og innkj\u00f8p 2019<\/a><br><a href=\"https:\/\/www.arbeidsutvalget.no\/wp-content\/uploads\/2019\/04\/REFERAT-FRA-M\u00d8TE-I-FAGUTVALG-FOR-KATALOG-2018.pdf\">Referat fra m\u00f8te i fagutvalg for katalog og innkj\u00f8p 2018<\/a><br><a href=\"https:\/\/www.arbeidsutvalget.no\/wp-content\/uploads\/2019\/04\/M\u00d8TE-I-FAGUTVALG-FOR-KATALOG-2017.pdf\">Referat fra m\u00f8te i fagutvalg for katalog og innkj\u00f8p 2017<\/a><br><a href=\"https:\/\/www.arbeidsutvalget.no\/wp-content\/uploads\/2019\/04\/M\u00d8TE-I-FAGUTVALG-FOR-KATALOG-2016.pdf\">Referat fra m\u00f8te i fagutvalg for katalog og innkj\u00f8p 2016<\/a><br><a href=\"https:\/\/www.arbeidsutvalget.no\/wp-content\/uploads\/2019\/04\/Referat-fra-m\u00f8te-i-fagutvalg-for-katalog-og-innkj\u00f8p-2015.pdf\">Referat fra m\u00f8te i fagutvalg for katalog og innkj\u00f8p 2015<\/a><br><a href=\"https:\/\/www.arbeidsutvalget.no\/wp-content\/uploads\/2019\/04\/REFERAT-FRA-M\u00d8TE-I-FAGUTVALG-FOR-KATALOG-OG-INNKJ\u00d8P-2014.pdf\">Referat fra m\u00f8te i fagutvalg for katalog og innkj\u00f8p 2014<\/a><br><a href=\"https:\/\/www.arbeidsutvalget.no\/wp-content\/uploads\/2019\/04\/REFERAT-FRA-M\u00d8TE-I-FAGUTVALG-FOR-KATALOG-OG-INNKJ\u00d8P-2013.pdf\">Referat fra m\u00f8te i fagutvalg for katalog og innkj\u00f8p 2013<\/a><\/p>\n\n\n\n<h2 class=\"wp-block-heading\"><strong>M\u00f8tereferater fra Fagutvalg for katalog i perioden 2006 \u2013 2011, fra arkiv<\/strong><\/h2>\n\n\n\n<p>14.04.2011: <a href=\"gml\/katalog\/referat14042011.html\">Referat fra m\u00f8te i kataloggruppa<br><\/a>02.06.2010: <a href=\"gml\/katalog\/referat02062010.html\">Referat fra m\u00f8te i kataloggruppa<br><\/a> 20.04.2009: <a href=\"gml\/katalog\/referat20042009.html\"> Referat fra m\u00f8te i kataloggruppa<\/a><br>22.04.2008: <a href=\"gml\/katalog\/referat22042008.html\">Referat fra m\u00f8te kataloggruppa<\/a><br>26.04.2007: <a href=\"gml\/katalog\/referat26.04.2007.html\">Referat fra m\u00f8te i kataloggruppa<br><\/a>05.05.2006: <a href=\"gml\/katalog\/referat2504.06.html\">Referat fra m\u00f8te i kataloggruppa<\/a><\/p>\n\n\n\n<p>For referater f\u00f8r brukerm\u00f8te 2005 se:<br><a href=\"gml\/katsok\/Velkommen.html\">Utvalget for katalog- og s\u00f8k<br><\/a><a href=\"gml\/tilvekst\/Velkommen.html\">Utvalget for innkj\u00f8p<\/a><\/p>\n","protected":false},"excerpt":{"rendered":"<p>Tidligere referater Referat fra m\u00f8te i fagutvalg for katalog og innkj\u00f8p 2022Referat fra m\u00f8te i fagutvalg for katalog og innkj\u00f8p 2021Referat fra m\u00f8te i fagutvalg for katalog og innkj\u00f8p 2020Referat fra m\u00f8te i fagutvalg for katalog og innkj\u00f8p 2019Referat fra &hellip; <a href=\"https:\/\/www.arbeidsutvalget.no\/?page_id=100\">Les videre <span class=\"meta-nav\">&rarr;<\/span><\/a><\/p>\n","protected":false},"author":14,"featured_media":0,"parent":27,"menu_order":0,"comment_status":"open","ping_status":"open","template":"","meta":{"footnotes":""},"class_list":["post-100","page","type-page","status-publish","hentry"],"_links":{"self":[{"href":"https:\/\/www.arbeidsutvalget.no\/index.php?rest_route=\/wp\/v2\/pages\/100","targetHints":{"allow":["GET"]}}],"collection":[{"href":"https:\/\/www.arbeidsutvalget.no\/index.php?rest_route=\/wp\/v2\/pages"}],"about":[{"href":"https:\/\/www.arbeidsutvalget.no\/index.php?rest_route=\/wp\/v2\/types\/page"}],"author":[{"embeddable":true,"href":"https:\/\/www.arbeidsutvalget.no\/index.php?rest_route=\/wp\/v2\/users\/14"}],"replies":[{"embeddable":true,"href":"https:\/\/www.arbeidsutvalget.no\/index.php?rest_route=%2Fwp%2Fv2%2Fcomments&post=100"}],"version-history":[{"count":20,"href":"https:\/\/www.arbeidsutvalget.no\/index.php?rest_route=\/wp\/v2\/pages\/100\/revisions"}],"predecessor-version":[{"id":2819,"href":"https:\/\/www.arbeidsutvalget.no\/index.php?rest_route=\/wp\/v2\/pages\/100\/revisions\/2819"}],"up":[{"embeddable":true,"href":"https:\/\/www.arbeidsutvalget.no\/index.php?rest_route=\/wp\/v2\/pages\/27"}],"wp:attachment":[{"href":"https:\/\/www.arbeidsutvalget.no\/index.php?rest_route=%2Fwp%2Fv2%2Fmedia&parent=100"}],"curies":[{"name":"wp","href":"https:\/\/api.w.org\/{rel}","templated":true}]}}